{"id":55211,"date":"2023-10-12T12:43:48","date_gmt":"2023-10-12T16:43:48","guid":{"rendered":"http:\/\/xactskateshop.com\/product\/coupes-de-remplacement-pour-les-lames-ehs\/"},"modified":"2025-10-18T14:47:32","modified_gmt":"2025-10-18T18:47:32","slug":"coupes-de-remplacement-pour-les-lames-ehs","status":"publish","type":"product","link":"https:\/\/xactskateshop.com\/fr\/produit\/coupes-de-remplacement-pour-les-lames-ehs\/","title":{"rendered":"Coupes de remplacement pour les lames EHS"},"content":{"rendered":"<h6>Coupes de remplacement pour les lames EHS<\/h6>\n<p>Con\u00e7ues pour les mod\u00e8les de lames EHS, les &#8220;coupes EHS&#8221; sont un \u00e9quipement sp\u00e9cialis\u00e9&#8230; Voici un aper\u00e7u des caract\u00e9ristiques et des sp\u00e9cifications :<\/p>\n<p>Sp\u00e9cifications :<br \/>\nMat\u00e9riau: Ces coupes sont fabriqu\u00e9es \u00e0 partir d&#8217;aluminium de haute qualit\u00e9. Cela signifie qu&#8217;ils sont probablement durables et r\u00e9sistants \u00e0 l&#8217;usure.<br \/>\nMat\u00e9riel de montage: Les coupes sont livr\u00e9es avec du mat\u00e9riel de montage. Ce mat\u00e9riel est indispensable pour les fixer solidement \u00e0 l&#8217;\u00e9quipement.<br \/>\nL\u00e9ger: Vous pouvez qualifier les coupes de l\u00e9g\u00e8res. Il s&#8217;agit souvent d&#8217;une caract\u00e9ristique importante dans diverses applications, car elle permet de r\u00e9duire le poids total et de rendre l&#8217;\u00e9quipement plus maniable.<br \/>\nAnodisation: Coupes anodis\u00e9es. L&#8217;anodisation est un proc\u00e9d\u00e9 \u00e9lectrochimique qui ajoute une couche protectrice et d\u00e9corative \u00e0 l&#8217;aluminium. La couleur peut \u00eatre esth\u00e9tique ou avoir une fonction, comme la r\u00e9sistance \u00e0 la corrosion.<br \/>\nPilier de coupe filet\u00e9e avec un seul boulon\/rondelle: Ceci indique comment fixer les coupes \u00e0 l&#8217;\u00e9quipement. Ils sont dot\u00e9s d&#8217;un pilier de coupe filet\u00e9 et vous pouvez donc les fixer \u00e0 l&#8217;aide d&#8217;un seul boulon et d&#8217;une seule rondelle. Il s&#8217;agit d&#8217;une m\u00e9thode courante pour fixer les composants en toute s\u00e9curit\u00e9.<br \/>\nCompatibilit\u00e9: Les coupes sont compatibles avec tous les mod\u00e8les de lames EHS. Il s&#8217;agit d&#8217;une caract\u00e9ristique importante pour que les patineurs puissent les utiliser avec toute une gamme de lames.<br \/>\nJeu de 4 coupes (2 larges et 2 r\u00e9guli\u00e8res): Les coupes se pr\u00e9sentent sous la forme d&#8217;un jeu de quatre, avec deux coupes larges et deux coupes ordinaires. Cela sugg\u00e8re qu&#8217;ils peuvent avoir des fonctions diff\u00e9rentes ou \u00eatre utilis\u00e9s dans des positions diff\u00e9rentes sur l&#8217;\u00e9quipement.<br \/>\nDimensions (mm) : 0 (standard), +1, +2, +3, +4, +5, +6, +7, +8, +9, +10<\/p>\n<p>Pour en savoir plus sur l&#8217;EHS <a href=\"https:\/\/www.ehskates.com\/team-1\">, cliquez ici<\/a><\/p>\n","protected":false},"excerpt":{"rendered":"<p>&nbsp;<\/p>\n<hr \/>\n<p style=\"text-align: center;\">Con\u00e7ues pour les mod\u00e8les de lames EHS, les coupes EHS sont un \u00e9quipement sp\u00e9cialis\u00e9.<\/p>\n<hr \/>\n<p>&nbsp;<\/p>\n","protected":false},"featured_media":30221,"comment_status":"open","ping_status":"closed","template":"","meta":{"site-sidebar-layout":"default","site-content-layout":"default","ast-site-content-layout":"default","site-content-style":"default","site-sidebar-style":"default","ast-global-header-display":"","ast-banner-title-visibility":"","ast-main-header-display":"","ast-hfb-above-header-display":"","ast-hfb-below-header-display":"","ast-hfb-mobile-header-display":"","site-post-title":"","ast-breadcrumbs-content":"","ast-featured-img":"","footer-sml-layout":"","theme-transparent-header-meta":"default","adv-header-id-meta":"","stick-header-meta":"","header-above-stick-meta":"","header-main-stick-meta":"","header-below-stick-meta":"","astra-migrate-meta-layouts":"set","ast-page-background-enabled":"default","ast-page-background-meta":{"desktop":{"background-color":"","background-image":"","background-repeat":"repeat","background-position":"center center","background-size":"auto","background-attachment":"scroll","background-type":"","background-media":"","overlay-type":"","overlay-color":"","overlay-opacity":"","overlay-gradient":""},"tablet":{"background-color":"","background-image":"","background-repeat":"repeat","background-position":"center center","background-size":"auto","background-attachment":"scroll","background-type":"","background-media":"","overlay-type":"","overlay-color":"","overlay-opacity":"","overlay-gradient":""},"mobile":{"background-color":"","background-image":"","background-repeat":"repeat","background-position":"center center","background-size":"auto","background-attachment":"scroll","background-type":"","background-media":"","overlay-type":"","overlay-color":"","overlay-opacity":"","overlay-gradient":""}},"ast-content-background-meta":{"desktop":{"background-color":"var(--ast-global-color-5)","background-image":"","background-repeat":"repeat","background-position":"center center","background-size":"auto","background-attachment":"scroll","background-type":"","background-media":"","overlay-type":"","overlay-color":"","overlay-opacity":"","overlay-gradient":""},"tablet":{"background-color":"var(--ast-global-color-5)","background-image":"","background-repeat":"repeat","background-position":"center center","background-size":"auto","background-attachment":"scroll","background-type":"","background-media":"","overlay-type":"","overlay-color":"","overlay-opacity":"","overlay-gradient":""},"mobile":{"background-color":"var(--ast-global-color-5)","background-image":"","background-repeat":"repeat","background-position":"center center","background-size":"auto","background-attachment":"scroll","background-type":"","background-media":"","overlay-type":"","overlay-color":"","overlay-opacity":"","overlay-gradient":""}}},"product_brand":[],"product_cat":[1354,1457,1353],"product_tag":[1356,2385,2418],"class_list":{"0":"post-55211","1":"product","2":"type-product","3":"status-publish","4":"has-post-thumbnail","6":"product_cat-courte-piste","7":"product_cat-lames-et-pieces-patinage-de-vitesse-courte-piste","8":"product_cat-patinage-de-vitesse","9":"product_tag-courte-piste-fr","10":"product_tag-ehs-fr","11":"product_tag-gobelets-de-remplacement","12":"desktop-align-center","13":"tablet-align-center","14":"mobile-align-center","15":"ast-product-gallery-layout-horizontal","16":"ast-product-gallery-with-no-image","17":"ast-product-single-variable","18":"ast-product-tabs-layout-horizontal","19":"ast-qv-on-image","21":"first","22":"instock","23":"taxable","24":"shipping-taxable","25":"purchasable","26":"product-type-variable"},"bundled_by":[],"bundle_stock_status":"instock","bundle_stock_quantity":null,"bundle_virtual":false,"bundle_layout":"","bundle_add_to_cart_form_location":"","bundle_editable_in_cart":false,"bundle_sold_individually_context":"","bundle_item_grouping":"","bundle_min_size":"","bundle_max_size":"","bundle_price":[],"bundled_items":[],"bundle_sell_ids":[],"yoast_head":"<!-- This site is optimized with the Yoast SEO plugin v27.4 - https:\/\/yoast.com\/product\/yoast-seo-wordpress\/ -->\n<title>Coupes de remplacement pour les lames EHS - Xact Skate Shop.<\/title>\n<meta name=\"description\" content=\"Coupes de remplacement EHS. Con\u00e7ues en utilisant uniquement de l&#039;aluminium de haute qualit\u00e9 et du mat\u00e9riel de montage. Compatible avec toutes les lames EHS.\" \/>\n<meta name=\"robots\" content=\"index, follow, max-snippet:-1, max-image-preview:large, max-video-preview:-1\" \/>\n<link rel=\"canonical\" href=\"https:\/\/xactskateshop.com\/fr\/produit\/coupes-de-remplacement-pour-les-lames-ehs\/\" \/>\n<meta property=\"og:locale\" content=\"fr_FR\" \/>\n<meta property=\"og:type\" content=\"article\" \/>\n<meta property=\"og:title\" content=\"Coupes de remplacement pour les lames EHS - Xact Skate Shop.\" \/>\n<meta property=\"og:description\" content=\"Coupes de remplacement EHS. Con\u00e7ues en utilisant uniquement de l&#039;aluminium de haute qualit\u00e9 et du mat\u00e9riel de montage. Compatible avec toutes les lames EHS.\" \/>\n<meta property=\"og:url\" content=\"https:\/\/xactskateshop.com\/fr\/produit\/coupes-de-remplacement-pour-les-lames-ehs\/\" \/>\n<meta property=\"og:site_name\" content=\"Xact Skate Shop\" \/>\n<meta property=\"article:publisher\" content=\"https:\/\/www.facebook.com\/JeanLouiskateshop\" \/>\n<meta property=\"article:modified_time\" content=\"2025-10-18T18:47:32+00:00\" \/>\n<meta property=\"og:image\" content=\"https:\/\/xactskateshop.com\/wp-content\/uploads\/2023\/10\/cups.png\" \/>\n\t<meta property=\"og:image:width\" content=\"1000\" \/>\n\t<meta property=\"og:image:height\" content=\"1000\" \/>\n\t<meta property=\"og:image:type\" content=\"image\/png\" \/>\n<meta name=\"twitter:card\" content=\"summary_large_image\" \/>\n<meta name=\"twitter:label1\" content=\"Dur\u00e9e de lecture estim\u00e9e\" \/>\n\t<meta name=\"twitter:data1\" content=\"2 minutes\" \/>\n<script type=\"application\/ld+json\" class=\"yoast-schema-graph\">{\"@context\":\"https:\\\/\\\/schema.org\",\"@graph\":[{\"@type\":\"WebPage\",\"@id\":\"https:\\\/\\\/xactskateshop.com\\\/fr\\\/produit\\\/coupes-de-remplacement-pour-les-lames-ehs\\\/\",\"url\":\"https:\\\/\\\/xactskateshop.com\\\/fr\\\/produit\\\/coupes-de-remplacement-pour-les-lames-ehs\\\/\",\"name\":\"Coupes de remplacement pour les lames EHS - Xact Skate Shop.\",\"isPartOf\":{\"@id\":\"http:\\\/\\\/xactskateshop.com\\\/fr\\\/#website\"},\"primaryImageOfPage\":{\"@id\":\"https:\\\/\\\/xactskateshop.com\\\/fr\\\/produit\\\/coupes-de-remplacement-pour-les-lames-ehs\\\/#primaryimage\"},\"image\":{\"@id\":\"https:\\\/\\\/xactskateshop.com\\\/fr\\\/produit\\\/coupes-de-remplacement-pour-les-lames-ehs\\\/#primaryimage\"},\"thumbnailUrl\":\"https:\\\/\\\/xactskateshop.com\\\/wp-content\\\/uploads\\\/2023\\\/10\\\/cups.png\",\"datePublished\":\"2023-10-12T16:43:48+00:00\",\"dateModified\":\"2025-10-18T18:47:32+00:00\",\"description\":\"Coupes de remplacement EHS. Con\u00e7ues en utilisant uniquement de l'aluminium de haute qualit\u00e9 et du mat\u00e9riel de montage. Compatible avec toutes les lames EHS.\",\"breadcrumb\":{\"@id\":\"https:\\\/\\\/xactskateshop.com\\\/fr\\\/produit\\\/coupes-de-remplacement-pour-les-lames-ehs\\\/#breadcrumb\"},\"inLanguage\":\"fr-FR\",\"potentialAction\":[{\"@type\":\"ReadAction\",\"target\":[\"https:\\\/\\\/xactskateshop.com\\\/fr\\\/produit\\\/coupes-de-remplacement-pour-les-lames-ehs\\\/\"]}]},{\"@type\":\"ImageObject\",\"inLanguage\":\"fr-FR\",\"@id\":\"https:\\\/\\\/xactskateshop.com\\\/fr\\\/produit\\\/coupes-de-remplacement-pour-les-lames-ehs\\\/#primaryimage\",\"url\":\"https:\\\/\\\/xactskateshop.com\\\/wp-content\\\/uploads\\\/2023\\\/10\\\/cups.png\",\"contentUrl\":\"https:\\\/\\\/xactskateshop.com\\\/wp-content\\\/uploads\\\/2023\\\/10\\\/cups.png\",\"width\":1000,\"height\":1000,\"caption\":\"Coupes de remplacement EHS\"},{\"@type\":\"BreadcrumbList\",\"@id\":\"https:\\\/\\\/xactskateshop.com\\\/fr\\\/produit\\\/coupes-de-remplacement-pour-les-lames-ehs\\\/#breadcrumb\",\"itemListElement\":[{\"@type\":\"ListItem\",\"position\":1,\"name\":\"Home\",\"item\":\"https:\\\/\\\/xactskateshop.com\\\/fr\\\/accueil\\\/\"},{\"@type\":\"ListItem\",\"position\":2,\"name\":\"Boutique\",\"item\":\"https:\\\/\\\/xactskateshop.com\\\/shop\\\/\"},{\"@type\":\"ListItem\",\"position\":3,\"name\":\"Coupes de remplacement pour les lames EHS\"}]},{\"@type\":\"WebSite\",\"@id\":\"http:\\\/\\\/xactskateshop.com\\\/fr\\\/#website\",\"url\":\"http:\\\/\\\/xactskateshop.com\\\/fr\\\/\",\"name\":\"Xact Skate Shop\",\"description\":\"Un site utilisant WordPress\",\"publisher\":{\"@id\":\"http:\\\/\\\/xactskateshop.com\\\/fr\\\/#organization\"},\"potentialAction\":[{\"@type\":\"SearchAction\",\"target\":{\"@type\":\"EntryPoint\",\"urlTemplate\":\"http:\\\/\\\/xactskateshop.com\\\/fr\\\/?s={search_term_string}\"},\"query-input\":{\"@type\":\"PropertyValueSpecification\",\"valueRequired\":true,\"valueName\":\"search_term_string\"}}],\"inLanguage\":\"fr-FR\"},{\"@type\":\"Organization\",\"@id\":\"http:\\\/\\\/xactskateshop.com\\\/fr\\\/#organization\",\"name\":\"XACT Skate Shop\",\"url\":\"http:\\\/\\\/xactskateshop.com\\\/fr\\\/\",\"logo\":{\"@type\":\"ImageObject\",\"inLanguage\":\"fr-FR\",\"@id\":\"http:\\\/\\\/xactskateshop.com\\\/fr\\\/#\\\/schema\\\/logo\\\/image\\\/\",\"url\":\"http:\\\/\\\/xactskateshop.com\\\/wp-content\\\/uploads\\\/2024\\\/04\\\/xactskateshop-dot-com-avec-contour-noir-sans-fond-675x.jpg\",\"contentUrl\":\"http:\\\/\\\/xactskateshop.com\\\/wp-content\\\/uploads\\\/2024\\\/04\\\/xactskateshop-dot-com-avec-contour-noir-sans-fond-675x.jpg\",\"width\":675,\"height\":247,\"caption\":\"XACT Skate Shop\"},\"image\":{\"@id\":\"http:\\\/\\\/xactskateshop.com\\\/fr\\\/#\\\/schema\\\/logo\\\/image\\\/\"},\"sameAs\":[\"https:\\\/\\\/www.facebook.com\\\/JeanLouiskateshop\"]}]}<\/script>\n<!-- \/ Yoast SEO plugin. -->","yoast_head_json":{"title":"Coupes de remplacement pour les lames EHS - Xact Skate Shop.","description":"Coupes de remplacement EHS. Con\u00e7ues en utilisant uniquement de l'aluminium de haute qualit\u00e9 et du mat\u00e9riel de montage. Compatible avec toutes les lames EHS.","robots":{"index":"index","follow":"follow","max-snippet":"max-snippet:-1","max-image-preview":"max-image-preview:large","max-video-preview":"max-video-preview:-1"},"canonical":"https:\/\/xactskateshop.com\/fr\/produit\/coupes-de-remplacement-pour-les-lames-ehs\/","og_locale":"fr_FR","og_type":"article","og_title":"Coupes de remplacement pour les lames EHS - Xact Skate Shop.","og_description":"Coupes de remplacement EHS. Con\u00e7ues en utilisant uniquement de l'aluminium de haute qualit\u00e9 et du mat\u00e9riel de montage. Compatible avec toutes les lames EHS.","og_url":"https:\/\/xactskateshop.com\/fr\/produit\/coupes-de-remplacement-pour-les-lames-ehs\/","og_site_name":"Xact Skate Shop","article_publisher":"https:\/\/www.facebook.com\/JeanLouiskateshop","article_modified_time":"2025-10-18T18:47:32+00:00","og_image":[{"width":1000,"height":1000,"url":"https:\/\/xactskateshop.com\/wp-content\/uploads\/2023\/10\/cups.png","type":"image\/png"}],"twitter_card":"summary_large_image","twitter_misc":{"Dur\u00e9e de lecture estim\u00e9e":"2 minutes"},"schema":{"@context":"https:\/\/schema.org","@graph":[{"@type":"WebPage","@id":"https:\/\/xactskateshop.com\/fr\/produit\/coupes-de-remplacement-pour-les-lames-ehs\/","url":"https:\/\/xactskateshop.com\/fr\/produit\/coupes-de-remplacement-pour-les-lames-ehs\/","name":"Coupes de remplacement pour les lames EHS - Xact Skate Shop.","isPartOf":{"@id":"http:\/\/xactskateshop.com\/fr\/#website"},"primaryImageOfPage":{"@id":"https:\/\/xactskateshop.com\/fr\/produit\/coupes-de-remplacement-pour-les-lames-ehs\/#primaryimage"},"image":{"@id":"https:\/\/xactskateshop.com\/fr\/produit\/coupes-de-remplacement-pour-les-lames-ehs\/#primaryimage"},"thumbnailUrl":"https:\/\/xactskateshop.com\/wp-content\/uploads\/2023\/10\/cups.png","datePublished":"2023-10-12T16:43:48+00:00","dateModified":"2025-10-18T18:47:32+00:00","description":"Coupes de remplacement EHS. Con\u00e7ues en utilisant uniquement de l'aluminium de haute qualit\u00e9 et du mat\u00e9riel de montage. Compatible avec toutes les lames EHS.","breadcrumb":{"@id":"https:\/\/xactskateshop.com\/fr\/produit\/coupes-de-remplacement-pour-les-lames-ehs\/#breadcrumb"},"inLanguage":"fr-FR","potentialAction":[{"@type":"ReadAction","target":["https:\/\/xactskateshop.com\/fr\/produit\/coupes-de-remplacement-pour-les-lames-ehs\/"]}]},{"@type":"ImageObject","inLanguage":"fr-FR","@id":"https:\/\/xactskateshop.com\/fr\/produit\/coupes-de-remplacement-pour-les-lames-ehs\/#primaryimage","url":"https:\/\/xactskateshop.com\/wp-content\/uploads\/2023\/10\/cups.png","contentUrl":"https:\/\/xactskateshop.com\/wp-content\/uploads\/2023\/10\/cups.png","width":1000,"height":1000,"caption":"Coupes de remplacement EHS"},{"@type":"BreadcrumbList","@id":"https:\/\/xactskateshop.com\/fr\/produit\/coupes-de-remplacement-pour-les-lames-ehs\/#breadcrumb","itemListElement":[{"@type":"ListItem","position":1,"name":"Home","item":"https:\/\/xactskateshop.com\/fr\/accueil\/"},{"@type":"ListItem","position":2,"name":"Boutique","item":"https:\/\/xactskateshop.com\/shop\/"},{"@type":"ListItem","position":3,"name":"Coupes de remplacement pour les lames EHS"}]},{"@type":"WebSite","@id":"http:\/\/xactskateshop.com\/fr\/#website","url":"http:\/\/xactskateshop.com\/fr\/","name":"Xact Skate Shop","description":"Un site utilisant WordPress","publisher":{"@id":"http:\/\/xactskateshop.com\/fr\/#organization"},"potentialAction":[{"@type":"SearchAction","target":{"@type":"EntryPoint","urlTemplate":"http:\/\/xactskateshop.com\/fr\/?s={search_term_string}"},"query-input":{"@type":"PropertyValueSpecification","valueRequired":true,"valueName":"search_term_string"}}],"inLanguage":"fr-FR"},{"@type":"Organization","@id":"http:\/\/xactskateshop.com\/fr\/#organization","name":"XACT Skate Shop","url":"http:\/\/xactskateshop.com\/fr\/","logo":{"@type":"ImageObject","inLanguage":"fr-FR","@id":"http:\/\/xactskateshop.com\/fr\/#\/schema\/logo\/image\/","url":"http:\/\/xactskateshop.com\/wp-content\/uploads\/2024\/04\/xactskateshop-dot-com-avec-contour-noir-sans-fond-675x.jpg","contentUrl":"http:\/\/xactskateshop.com\/wp-content\/uploads\/2024\/04\/xactskateshop-dot-com-avec-contour-noir-sans-fond-675x.jpg","width":675,"height":247,"caption":"XACT Skate Shop"},"image":{"@id":"http:\/\/xactskateshop.com\/fr\/#\/schema\/logo\/image\/"},"sameAs":["https:\/\/www.facebook.com\/JeanLouiskateshop"]}]}},"_links":{"self":[{"href":"https:\/\/xactskateshop.com\/fr\/wp-json\/wp\/v2\/product\/55211","targetHints":{"allow":["GET"]}}],"collection":[{"href":"https:\/\/xactskateshop.com\/fr\/wp-json\/wp\/v2\/product"}],"about":[{"href":"https:\/\/xactskateshop.com\/fr\/wp-json\/wp\/v2\/types\/product"}],"replies":[{"embeddable":true,"href":"https:\/\/xactskateshop.com\/fr\/wp-json\/wp\/v2\/comments?post=55211"}],"wp:featuredmedia":[{"embeddable":true,"href":"https:\/\/xactskateshop.com\/fr\/wp-json\/wp\/v2\/media\/30221"}],"wp:attachment":[{"href":"https:\/\/xactskateshop.com\/fr\/wp-json\/wp\/v2\/media?parent=55211"}],"wp:term":[{"taxonomy":"product_brand","embeddable":true,"href":"https:\/\/xactskateshop.com\/fr\/wp-json\/wp\/v2\/product_brand?post=55211"},{"taxonomy":"product_cat","embeddable":true,"href":"https:\/\/xactskateshop.com\/fr\/wp-json\/wp\/v2\/product_cat?post=55211"},{"taxonomy":"product_tag","embeddable":true,"href":"https:\/\/xactskateshop.com\/fr\/wp-json\/wp\/v2\/product_tag?post=55211"}],"curies":[{"name":"wp","href":"https:\/\/api.w.org\/{rel}","templated":true}]}}