{"id":55209,"date":"2023-10-18T14:48:53","date_gmt":"2023-10-18T18:48:53","guid":{"rendered":"http:\/\/xactskateshop.com\/product\/bladetech-bauer-lightspeed-edge-mirror-stainless-lames-de-remplacement\/"},"modified":"2023-10-18T14:48:53","modified_gmt":"2023-10-18T18:48:53","slug":"bladetech-bauer-lightspeed-edge-mirror-stainless-lames-de-remplacement","status":"publish","type":"product","link":"https:\/\/xactskateshop.com\/fr\/produit\/bladetech-bauer-lightspeed-edge-mirror-stainless-lames-de-remplacement\/","title":{"rendered":"BLADETECH BAUER Lightspeed edge mirror stainless lames de remplacement"},"content":{"rendered":"<p>Lame de rechange Bladetech LS<\/p>\n<h3>DESCRIPTION DU PRODUIT<\/h3>\n<p>Bladetech Hockey se concentre sur deux attributs : l&#8217;innovation et la qualit\u00e9. Elle est la premi\u00e8re entreprise \u00e0 introduire des lames de hockey &#8220;flexibles&#8221; qui permettent d&#8217;augmenter les performances tout en offrant des avantages pour la sant\u00e9. <\/p>\n<p>Cette technologie brevet\u00e9e est connue sous le nom de<a class=\"js-no-transition\" href=\"https:\/\/bladetechhockey.com\/pages\/flex-force-advantage\" target=\"_blank\" rel=\"noopener\">&#8220;Flex Force Advantage<\/a>&#8220;. Gr\u00e2ce \u00e0 la conception unique de la lame, la partie avant de la lame de remplacement Bladetech LS se plie dans le support de vos patins, stocke l&#8217;\u00e9nergie verticale, puis la lib\u00e8re lorsque vous allongez votre foul\u00e9e. Cette innovation augmentera votre acc\u00e9l\u00e9ration et vous aidera \u00e0 patiner jusqu&#8217;\u00e0 5 % plus vite en moyenne !  <\/p>\n<p>Les lames de patin de remplacement Bladetech augmentent non seulement votre vitesse et votre acc\u00e9l\u00e9ration, mais elles contribuent \u00e9galement \u00e0 r\u00e9duire les blessures au bas du corps. Gr\u00e2ce \u00e0 la flexion de la lame dans le support, elle absorbe les forces d&#8217;impact importantes pendant le patinage et r\u00e9duit la pression sur les chevilles, les genoux et les articulations de la hanche. Cela vous aidera \u00e0 \u00eatre plus efficace sur la glace et vous permettra de jouer plus longtemps !  <\/p>\n<p>Les lames de skate de remplacement Bladetech sont fabriqu\u00e9es avec l&#8217;acier de la plus haute qualit\u00e9 disponible, ce qui permet de doubler la dur\u00e9e entre deux aff\u00fbtages.<\/p>\n<p><em>*Remarque : les lames personnalis\u00e9es ne peuvent pas \u00eatre retourn\u00e9es, assurez-vous donc que vous commandez la taille et le style corrects.<\/em><\/p>\n<p><strong>Bladetech Radius<\/strong><\/p>\n<ul>\n<li><em>BLADETECH LIGHTSPEED EDGE (TRIGGER) : 9&#8242;-10&#8242;-11&#8242; Triple Blend (taille 254 et inf\u00e9rieure)<\/em><\/li>\n<li><em>BLADETECH LIGHTSPEED EDGE (TRIGGER) : 9&#8242;-11&#8242;-13&#8242; Triple Blend (\u00e0 partir de la taille 263)<\/em><\/li>\n<\/ul>\n<p>Pour en savoir plus sur Bladetech <a href=\"https:\/\/bladetechhockey.com\/pages\/about-us\">, cliquez ici<\/a><\/p>\n<p>Ajoutez de la glisse avec Skate Fuel <a href=\"http:\/\/xactskateshop.com\/product\/skate-fuel-blade-coating\/\">ici<\/a><\/p>\n","protected":false},"excerpt":{"rendered":"<p>Lame de remplacement Bladetech LS pour les patins Bauer avec support Lightspeed.<\/p>\n","protected":false},"featured_media":27157,"comment_status":"closed","ping_status":"closed","template":"","meta":{"site-sidebar-layout":"default","site-content-layout":"default","ast-site-content-layout":"default","site-content-style":"default","site-sidebar-style":"default","ast-global-header-display":"","ast-banner-title-visibility":"","ast-main-header-display":"","ast-hfb-above-header-display":"","ast-hfb-below-header-display":"","ast-hfb-mobile-header-display":"","site-post-title":"","ast-breadcrumbs-content":"","ast-featured-img":"","footer-sml-layout":"","theme-transparent-header-meta":"default","adv-header-id-meta":"","stick-header-meta":"","header-above-stick-meta":"","header-main-stick-meta":"","header-below-stick-meta":"","astra-migrate-meta-layouts":"default","ast-page-background-enabled":"default","ast-page-background-meta":{"desktop":{"background-color":"","background-image":"","background-repeat":"repeat","background-position":"center center","background-size":"auto","background-attachment":"scroll","background-type":"","background-media":"","overlay-type":"","overlay-color":"","overlay-opacity":"","overlay-gradient":""},"tablet":{"background-color":"","background-image":"","background-repeat":"repeat","background-position":"center center","background-size":"auto","background-attachment":"scroll","background-type":"","background-media":"","overlay-type":"","overlay-color":"","overlay-opacity":"","overlay-gradient":""},"mobile":{"background-color":"","background-image":"","background-repeat":"repeat","background-position":"center center","background-size":"auto","background-attachment":"scroll","background-type":"","background-media":"","overlay-type":"","overlay-color":"","overlay-opacity":"","overlay-gradient":""}},"ast-content-background-meta":{"desktop":{"background-color":"var(--ast-global-color-5)","background-image":"","background-repeat":"repeat","background-position":"center center","background-size":"auto","background-attachment":"scroll","background-type":"","background-media":"","overlay-type":"","overlay-color":"","overlay-opacity":"","overlay-gradient":""},"tablet":{"background-color":"var(--ast-global-color-5)","background-image":"","background-repeat":"repeat","background-position":"center center","background-size":"auto","background-attachment":"scroll","background-type":"","background-media":"","overlay-type":"","overlay-color":"","overlay-opacity":"","overlay-gradient":""},"mobile":{"background-color":"var(--ast-global-color-5)","background-image":"","background-repeat":"repeat","background-position":"center center","background-size":"auto","background-attachment":"scroll","background-type":"","background-media":"","overlay-type":"","overlay-color":"","overlay-opacity":"","overlay-gradient":""}}},"product_brand":[],"product_cat":[1714,1712],"product_tag":[2396,2397,1984,1985,1986],"class_list":{"0":"post-55209","1":"product","2":"type-product","3":"status-publish","4":"has-post-thumbnail","6":"product_cat-accessoires-pour-patins-de-hockey","7":"product_cat-hockey-fr","8":"product_tag-bladetech-fr","9":"product_tag-bladetech-hockey-fr","10":"product_tag-hockey-fr","11":"product_tag-lame-de-hockey","12":"product_tag-lame-de-remplacement","13":"desktop-align-center","14":"tablet-align-center","15":"mobile-align-center","16":"ast-product-gallery-layout-horizontal","17":"ast-product-single-variable","18":"ast-product-tabs-layout-horizontal","19":"ast-qv-on-image","21":"first","22":"instock","23":"taxable","24":"shipping-taxable","25":"purchasable","26":"product-type-variable"},"bundled_by":[],"bundle_stock_status":"instock","bundle_stock_quantity":null,"bundle_virtual":false,"bundle_layout":"","bundle_add_to_cart_form_location":"","bundle_editable_in_cart":false,"bundle_sold_individually_context":"","bundle_item_grouping":"","bundle_min_size":"","bundle_max_size":"","bundle_price":[],"bundled_items":[],"bundle_sell_ids":[],"yoast_head":"<!-- This site is optimized with the Yoast SEO plugin v27.4 - https:\/\/yoast.com\/product\/yoast-seo-wordpress\/ -->\n<title>Lame de rechange Bladetech LS - Xact Skate Shop.<\/title>\n<meta name=\"description\" content=\"Lame de remplacement Bladetech LS. C&#039;est la premi\u00e8re entreprise \u00e0 introduire des lames de hockey &quot;flexibles&quot; qui permettent d&#039;am\u00e9liorer les performances tout en apportant des avantages pour la sant\u00e9.\" \/>\n<meta name=\"robots\" content=\"index, follow, max-snippet:-1, max-image-preview:large, max-video-preview:-1\" \/>\n<link rel=\"canonical\" href=\"https:\/\/xactskateshop.com\/fr\/produit\/bladetech-bauer-lightspeed-edge-mirror-stainless-lames-de-remplacement\/\" \/>\n<meta property=\"og:locale\" content=\"fr_FR\" \/>\n<meta property=\"og:type\" content=\"article\" \/>\n<meta property=\"og:title\" content=\"Lame de rechange Bladetech LS - Xact Skate Shop.\" \/>\n<meta property=\"og:description\" content=\"Lame de remplacement Bladetech LS. C&#039;est la premi\u00e8re entreprise \u00e0 introduire des lames de hockey &quot;flexibles&quot; qui permettent d&#039;am\u00e9liorer les performances tout en apportant des avantages pour la sant\u00e9.\" \/>\n<meta property=\"og:url\" content=\"https:\/\/xactskateshop.com\/fr\/produit\/bladetech-bauer-lightspeed-edge-mirror-stainless-lames-de-remplacement\/\" \/>\n<meta property=\"og:site_name\" content=\"Xact Skate Shop\" \/>\n<meta property=\"article:publisher\" content=\"https:\/\/www.facebook.com\/JeanLouiskateshop\" \/>\n<meta property=\"og:image\" content=\"https:\/\/xactskateshop.com\/wp-content\/uploads\/2023\/10\/BAUER-LS-edge-mirror-stainless.jpg\" \/>\n\t<meta property=\"og:image:width\" content=\"1080\" \/>\n\t<meta property=\"og:image:height\" content=\"1080\" \/>\n\t<meta property=\"og:image:type\" content=\"image\/jpeg\" \/>\n<meta name=\"twitter:card\" content=\"summary_large_image\" \/>\n<meta name=\"twitter:label1\" content=\"Dur\u00e9e de lecture estim\u00e9e\" \/>\n\t<meta name=\"twitter:data1\" content=\"1 minute\" \/>\n<script type=\"application\/ld+json\" class=\"yoast-schema-graph\">{\"@context\":\"https:\\\/\\\/schema.org\",\"@graph\":[{\"@type\":\"WebPage\",\"@id\":\"https:\\\/\\\/xactskateshop.com\\\/fr\\\/produit\\\/bladetech-bauer-lightspeed-edge-mirror-stainless-lames-de-remplacement\\\/\",\"url\":\"https:\\\/\\\/xactskateshop.com\\\/fr\\\/produit\\\/bladetech-bauer-lightspeed-edge-mirror-stainless-lames-de-remplacement\\\/\",\"name\":\"Lame de rechange Bladetech LS - Xact Skate Shop.\",\"isPartOf\":{\"@id\":\"http:\\\/\\\/xactskateshop.com\\\/fr\\\/#website\"},\"primaryImageOfPage\":{\"@id\":\"https:\\\/\\\/xactskateshop.com\\\/fr\\\/produit\\\/bladetech-bauer-lightspeed-edge-mirror-stainless-lames-de-remplacement\\\/#primaryimage\"},\"image\":{\"@id\":\"https:\\\/\\\/xactskateshop.com\\\/fr\\\/produit\\\/bladetech-bauer-lightspeed-edge-mirror-stainless-lames-de-remplacement\\\/#primaryimage\"},\"thumbnailUrl\":\"https:\\\/\\\/xactskateshop.com\\\/wp-content\\\/uploads\\\/2023\\\/10\\\/BAUER-LS-edge-mirror-stainless.jpg\",\"datePublished\":\"2023-10-18T18:48:53+00:00\",\"description\":\"Lame de remplacement Bladetech LS. C'est la premi\u00e8re entreprise \u00e0 introduire des lames de hockey \\\"flexibles\\\" qui permettent d'am\u00e9liorer les performances tout en apportant des avantages pour la sant\u00e9.\",\"breadcrumb\":{\"@id\":\"https:\\\/\\\/xactskateshop.com\\\/fr\\\/produit\\\/bladetech-bauer-lightspeed-edge-mirror-stainless-lames-de-remplacement\\\/#breadcrumb\"},\"inLanguage\":\"fr-FR\",\"potentialAction\":[{\"@type\":\"ReadAction\",\"target\":[\"https:\\\/\\\/xactskateshop.com\\\/fr\\\/produit\\\/bladetech-bauer-lightspeed-edge-mirror-stainless-lames-de-remplacement\\\/\"]}]},{\"@type\":\"ImageObject\",\"inLanguage\":\"fr-FR\",\"@id\":\"https:\\\/\\\/xactskateshop.com\\\/fr\\\/produit\\\/bladetech-bauer-lightspeed-edge-mirror-stainless-lames-de-remplacement\\\/#primaryimage\",\"url\":\"https:\\\/\\\/xactskateshop.com\\\/wp-content\\\/uploads\\\/2023\\\/10\\\/BAUER-LS-edge-mirror-stainless.jpg\",\"contentUrl\":\"https:\\\/\\\/xactskateshop.com\\\/wp-content\\\/uploads\\\/2023\\\/10\\\/BAUER-LS-edge-mirror-stainless.jpg\",\"width\":1080,\"height\":1080,\"caption\":\"Bladetech LS replacement blade\"},{\"@type\":\"BreadcrumbList\",\"@id\":\"https:\\\/\\\/xactskateshop.com\\\/fr\\\/produit\\\/bladetech-bauer-lightspeed-edge-mirror-stainless-lames-de-remplacement\\\/#breadcrumb\",\"itemListElement\":[{\"@type\":\"ListItem\",\"position\":1,\"name\":\"Home\",\"item\":\"https:\\\/\\\/xactskateshop.com\\\/fr\\\/accueil\\\/\"},{\"@type\":\"ListItem\",\"position\":2,\"name\":\"Boutique\",\"item\":\"https:\\\/\\\/xactskateshop.com\\\/shop\\\/\"},{\"@type\":\"ListItem\",\"position\":3,\"name\":\"BLADETECH BAUER Lightspeed edge mirror stainless lames de remplacement\"}]},{\"@type\":\"WebSite\",\"@id\":\"http:\\\/\\\/xactskateshop.com\\\/fr\\\/#website\",\"url\":\"http:\\\/\\\/xactskateshop.com\\\/fr\\\/\",\"name\":\"Xact Skate Shop\",\"description\":\"Un site utilisant WordPress\",\"publisher\":{\"@id\":\"http:\\\/\\\/xactskateshop.com\\\/fr\\\/#organization\"},\"potentialAction\":[{\"@type\":\"SearchAction\",\"target\":{\"@type\":\"EntryPoint\",\"urlTemplate\":\"http:\\\/\\\/xactskateshop.com\\\/fr\\\/?s={search_term_string}\"},\"query-input\":{\"@type\":\"PropertyValueSpecification\",\"valueRequired\":true,\"valueName\":\"search_term_string\"}}],\"inLanguage\":\"fr-FR\"},{\"@type\":\"Organization\",\"@id\":\"http:\\\/\\\/xactskateshop.com\\\/fr\\\/#organization\",\"name\":\"XACT Skate Shop\",\"url\":\"http:\\\/\\\/xactskateshop.com\\\/fr\\\/\",\"logo\":{\"@type\":\"ImageObject\",\"inLanguage\":\"fr-FR\",\"@id\":\"http:\\\/\\\/xactskateshop.com\\\/fr\\\/#\\\/schema\\\/logo\\\/image\\\/\",\"url\":\"http:\\\/\\\/xactskateshop.com\\\/wp-content\\\/uploads\\\/2024\\\/04\\\/xactskateshop-dot-com-avec-contour-noir-sans-fond-675x.jpg\",\"contentUrl\":\"http:\\\/\\\/xactskateshop.com\\\/wp-content\\\/uploads\\\/2024\\\/04\\\/xactskateshop-dot-com-avec-contour-noir-sans-fond-675x.jpg\",\"width\":675,\"height\":247,\"caption\":\"XACT Skate Shop\"},\"image\":{\"@id\":\"http:\\\/\\\/xactskateshop.com\\\/fr\\\/#\\\/schema\\\/logo\\\/image\\\/\"},\"sameAs\":[\"https:\\\/\\\/www.facebook.com\\\/JeanLouiskateshop\"]}]}<\/script>\n<!-- \/ Yoast SEO plugin. -->","yoast_head_json":{"title":"Lame de rechange Bladetech LS - Xact Skate Shop.","description":"Lame de remplacement Bladetech LS. C'est la premi\u00e8re entreprise \u00e0 introduire des lames de hockey \"flexibles\" qui permettent d'am\u00e9liorer les performances tout en apportant des avantages pour la sant\u00e9.","robots":{"index":"index","follow":"follow","max-snippet":"max-snippet:-1","max-image-preview":"max-image-preview:large","max-video-preview":"max-video-preview:-1"},"canonical":"https:\/\/xactskateshop.com\/fr\/produit\/bladetech-bauer-lightspeed-edge-mirror-stainless-lames-de-remplacement\/","og_locale":"fr_FR","og_type":"article","og_title":"Lame de rechange Bladetech LS - Xact Skate Shop.","og_description":"Lame de remplacement Bladetech LS. C'est la premi\u00e8re entreprise \u00e0 introduire des lames de hockey \"flexibles\" qui permettent d'am\u00e9liorer les performances tout en apportant des avantages pour la sant\u00e9.","og_url":"https:\/\/xactskateshop.com\/fr\/produit\/bladetech-bauer-lightspeed-edge-mirror-stainless-lames-de-remplacement\/","og_site_name":"Xact Skate Shop","article_publisher":"https:\/\/www.facebook.com\/JeanLouiskateshop","og_image":[{"width":1080,"height":1080,"url":"https:\/\/xactskateshop.com\/wp-content\/uploads\/2023\/10\/BAUER-LS-edge-mirror-stainless.jpg","type":"image\/jpeg"}],"twitter_card":"summary_large_image","twitter_misc":{"Dur\u00e9e de lecture estim\u00e9e":"1 minute"},"schema":{"@context":"https:\/\/schema.org","@graph":[{"@type":"WebPage","@id":"https:\/\/xactskateshop.com\/fr\/produit\/bladetech-bauer-lightspeed-edge-mirror-stainless-lames-de-remplacement\/","url":"https:\/\/xactskateshop.com\/fr\/produit\/bladetech-bauer-lightspeed-edge-mirror-stainless-lames-de-remplacement\/","name":"Lame de rechange Bladetech LS - Xact Skate Shop.","isPartOf":{"@id":"http:\/\/xactskateshop.com\/fr\/#website"},"primaryImageOfPage":{"@id":"https:\/\/xactskateshop.com\/fr\/produit\/bladetech-bauer-lightspeed-edge-mirror-stainless-lames-de-remplacement\/#primaryimage"},"image":{"@id":"https:\/\/xactskateshop.com\/fr\/produit\/bladetech-bauer-lightspeed-edge-mirror-stainless-lames-de-remplacement\/#primaryimage"},"thumbnailUrl":"https:\/\/xactskateshop.com\/wp-content\/uploads\/2023\/10\/BAUER-LS-edge-mirror-stainless.jpg","datePublished":"2023-10-18T18:48:53+00:00","description":"Lame de remplacement Bladetech LS. C'est la premi\u00e8re entreprise \u00e0 introduire des lames de hockey \"flexibles\" qui permettent d'am\u00e9liorer les performances tout en apportant des avantages pour la sant\u00e9.","breadcrumb":{"@id":"https:\/\/xactskateshop.com\/fr\/produit\/bladetech-bauer-lightspeed-edge-mirror-stainless-lames-de-remplacement\/#breadcrumb"},"inLanguage":"fr-FR","potentialAction":[{"@type":"ReadAction","target":["https:\/\/xactskateshop.com\/fr\/produit\/bladetech-bauer-lightspeed-edge-mirror-stainless-lames-de-remplacement\/"]}]},{"@type":"ImageObject","inLanguage":"fr-FR","@id":"https:\/\/xactskateshop.com\/fr\/produit\/bladetech-bauer-lightspeed-edge-mirror-stainless-lames-de-remplacement\/#primaryimage","url":"https:\/\/xactskateshop.com\/wp-content\/uploads\/2023\/10\/BAUER-LS-edge-mirror-stainless.jpg","contentUrl":"https:\/\/xactskateshop.com\/wp-content\/uploads\/2023\/10\/BAUER-LS-edge-mirror-stainless.jpg","width":1080,"height":1080,"caption":"Bladetech LS replacement blade"},{"@type":"BreadcrumbList","@id":"https:\/\/xactskateshop.com\/fr\/produit\/bladetech-bauer-lightspeed-edge-mirror-stainless-lames-de-remplacement\/#breadcrumb","itemListElement":[{"@type":"ListItem","position":1,"name":"Home","item":"https:\/\/xactskateshop.com\/fr\/accueil\/"},{"@type":"ListItem","position":2,"name":"Boutique","item":"https:\/\/xactskateshop.com\/shop\/"},{"@type":"ListItem","position":3,"name":"BLADETECH BAUER Lightspeed edge mirror stainless lames de remplacement"}]},{"@type":"WebSite","@id":"http:\/\/xactskateshop.com\/fr\/#website","url":"http:\/\/xactskateshop.com\/fr\/","name":"Xact Skate Shop","description":"Un site utilisant WordPress","publisher":{"@id":"http:\/\/xactskateshop.com\/fr\/#organization"},"potentialAction":[{"@type":"SearchAction","target":{"@type":"EntryPoint","urlTemplate":"http:\/\/xactskateshop.com\/fr\/?s={search_term_string}"},"query-input":{"@type":"PropertyValueSpecification","valueRequired":true,"valueName":"search_term_string"}}],"inLanguage":"fr-FR"},{"@type":"Organization","@id":"http:\/\/xactskateshop.com\/fr\/#organization","name":"XACT Skate Shop","url":"http:\/\/xactskateshop.com\/fr\/","logo":{"@type":"ImageObject","inLanguage":"fr-FR","@id":"http:\/\/xactskateshop.com\/fr\/#\/schema\/logo\/image\/","url":"http:\/\/xactskateshop.com\/wp-content\/uploads\/2024\/04\/xactskateshop-dot-com-avec-contour-noir-sans-fond-675x.jpg","contentUrl":"http:\/\/xactskateshop.com\/wp-content\/uploads\/2024\/04\/xactskateshop-dot-com-avec-contour-noir-sans-fond-675x.jpg","width":675,"height":247,"caption":"XACT Skate Shop"},"image":{"@id":"http:\/\/xactskateshop.com\/fr\/#\/schema\/logo\/image\/"},"sameAs":["https:\/\/www.facebook.com\/JeanLouiskateshop"]}]}},"_links":{"self":[{"href":"https:\/\/xactskateshop.com\/fr\/wp-json\/wp\/v2\/product\/55209","targetHints":{"allow":["GET"]}}],"collection":[{"href":"https:\/\/xactskateshop.com\/fr\/wp-json\/wp\/v2\/product"}],"about":[{"href":"https:\/\/xactskateshop.com\/fr\/wp-json\/wp\/v2\/types\/product"}],"replies":[{"embeddable":true,"href":"https:\/\/xactskateshop.com\/fr\/wp-json\/wp\/v2\/comments?post=55209"}],"wp:featuredmedia":[{"embeddable":true,"href":"https:\/\/xactskateshop.com\/fr\/wp-json\/wp\/v2\/media\/27157"}],"wp:attachment":[{"href":"https:\/\/xactskateshop.com\/fr\/wp-json\/wp\/v2\/media?parent=55209"}],"wp:term":[{"taxonomy":"product_brand","embeddable":true,"href":"https:\/\/xactskateshop.com\/fr\/wp-json\/wp\/v2\/product_brand?post=55209"},{"taxonomy":"product_cat","embeddable":true,"href":"https:\/\/xactskateshop.com\/fr\/wp-json\/wp\/v2\/product_cat?post=55209"},{"taxonomy":"product_tag","embeddable":true,"href":"https:\/\/xactskateshop.com\/fr\/wp-json\/wp\/v2\/product_tag?post=55209"}],"curies":[{"name":"wp","href":"https:\/\/api.w.org\/{rel}","templated":true}]}}