{"id":55193,"date":"2024-10-16T13:06:54","date_gmt":"2024-10-16T17:06:54","guid":{"rendered":"http:\/\/xactskateshop.com\/product\/lames-de-courte-piste-skate-tec-attaq\/"},"modified":"2025-12-30T16:20:29","modified_gmt":"2025-12-30T21:20:29","slug":"lames-de-courte-piste-skate-tec-attaq","status":"publish","type":"product","link":"https:\/\/xactskateshop.com\/fr\/produit\/lames-de-courte-piste-skate-tec-attaq\/","title":{"rendered":"Lames de Courte Piste SKATE-TEC ATTAQ"},"content":{"rendered":"<h2>Lames de Courte Piste Attaq<\/h2>\n<p>Les lames Courte Piste Attaq sont une nouvelle addition \u00e0 la famille orange. C&#8217;est un m\u00e9lange entre la M-Wave et la Quarq. L&#8217;Attaq tente de combler l&#8217;\u00e9cart entre les deux en penchant plus vers le Quarq. Le tube et les fourches ont \u00e9t\u00e9 ajust\u00e9s pour mieux correspondre aux sensations. L&#8217;Attaq n&#8217;existe qu&#8217;en une seule \u00e9paisseur.    <\/p>\n<h3>Sp\u00e9cifications<\/h3>\n<ul>\n<li>Tube : Tube anodis\u00e9 en aluminium 7000<\/li>\n<li>Hauteur du pilier : 65 mm<\/li>\n<li>Lame : 1,1 mm d&#8217;\u00e9paisseur<\/li>\n<li>62HRC Bi-M\u00e9tal ou PM<\/li>\n<li>Pr\u00e9-courb\u00e9<\/li>\n<\/ul>\n<h6>Rigidit\u00e9 : Flex pour patineurs 120-155lbs<\/h6>\n<h6><\/h6>\n<h6><span style=\"color: #ff0000;\">Pr\u00e9paration des lames : Nous faisons un rocker progressif ST-9 sur ces lames. <span style=\"color: #0000ff;\"><a style=\"color: #0000ff;\" href=\"http:\/\/xactskateshop.com\/product\/short-track-blade-rockering\/\">(voir les num\u00e9ros ici)<\/a><\/span> ainsi que le bend correspondant<\/span><\/h6>\n<p>&nbsp;<\/p>\n<h3>Un peu d&#8217;histoire<\/h3>\n<p>Bienvenue \u00e0 Skate-Tec, o\u00f9 l&#8217;innovation rencontre la passion dans le monde du patinage de vitesse. Fond\u00e9 en 2016, avec des racines dor\u00e9es remontant \u00e0 1990, Skate-Tec m\u00e9lange des d\u00e9cennies d&#8217;expertise avec une approche fra\u00eeche et moderne de la conception et de la performance.<br \/>\nNotre voyage a commenc\u00e9 avec une passion profonde pour le patinage de vitesse et un engagement \u00e0 l&#8217;excellence, nous poussant \u00e0 cr\u00e9er des produits qui r\u00e9pondent aux exigences des athl\u00e8tes d&#8217;\u00e9lite tout en inspirant la prochaine g\u00e9n\u00e9ration de patineurs. En \u00e9troite collaboration avec les meilleurs athl\u00e8tes, nous perfectionnons sans cesse notre \u00e9quipement de pointe pour garantir des performances optimales et aider les patineurs \u00e0 atteindre leur meilleur niveau personnel.  <\/p>\n<p>Avec une forte pr\u00e9sence en Europe, en Am\u00e9rique du Nord et en Asie, Skate-Tec est un nom de confiance dans la communaut\u00e9 internationale du patinage de vitesse. Fabriqu\u00e9s dans le nord des Pays-Bas, pr\u00e8s du c\u0153ur du patinage de vitesse, nos patins refl\u00e8tent l&#8217;esprit et la pr\u00e9cision du patinage de vitesse n\u00e9erlandais. Nous pensons que le succ\u00e8s en patinage de vitesse d\u00e9coule de la communaut\u00e9 et du soutien. Nos relations avec les athl\u00e8tes et les \u00e9quipes sont fond\u00e9es sur la confiance, le respect et un objectif commun d&#8217;excellence. Merci de faire partie de la communaut\u00e9 Skate-Tec. Ensemble, repoussons les limites et patinons vers un avenir meilleur.     <\/p>\n<p>&nbsp;<\/p>\n<h3><strong>L&#8217;\u00e9volution<\/strong><\/h3>\n<p>Skate-Tec d\u00e9veloppe tous ses produits par le biais de tests et d&#8217;innovations constants. Nous n&#8217;utilisons que des mat\u00e9riaux de premi\u00e8re qualit\u00e9, des processus de fabrication de la plus haute qualit\u00e9 et mettons en \u0153uvre des conceptions avanc\u00e9es. Skate-Tec s&#8217;efforce de fournir les meilleurs produits de patinage en collaborant avec les meilleurs athl\u00e8tes et entra\u00eeneurs.   Le patinage sur courte piste a \u00e9volu\u00e9 immens\u00e9ment depuis les derni\u00e8res ann\u00e9es. Les athl\u00e8tes atteignent des vitesses plus \u00e9lev\u00e9es et repoussent les limites de leur \u00e9quipement sur la glace. La recherche d&#8217;une stabilit\u00e9 et d&#8217;une s\u00e9curit\u00e9 accrues a incit\u00e9 les athl\u00e8tes \u00e0 r\u00e9clamer des lames plus hautes afin de minimiser le contact de la botte avec la glace dans les virages. La gamme de lames Skate-Tec r\u00e9pond \u00e0 cette demande. <\/p>\n<p>&nbsp;<\/p>\n<p><span style=\"font-size: 16px; font-style: normal; font-weight: 400;\">Pour en savoir plus sur Skate-Tec <\/span><a style=\"background-color: #ffffff; font-size: 16px; font-style: normal; font-weight: 400;\" href=\"http:\/\/www.skate-tec.com\">ici<\/a><\/p>\n","protected":false},"excerpt":{"rendered":"<p>&nbsp;<\/p>\n<hr>\n<p style=\"text-align: center;\">L&#8217;Attaq est un nouveau venu dans la famille orange. Il s&#8217;agit d&#8217;un m\u00e9lange entre le M-Wave et le Quarq. L&#8217;Attaq tente de combler l&#8217;\u00e9cart entre les deux, en s&#8217;orientant davantage vers le Quarq.  <\/p>\n<hr>\n<p>&nbsp;<\/p>\n","protected":false},"featured_media":44131,"comment_status":"open","ping_status":"closed","template":"","meta":{"site-sidebar-layout":"default","site-content-layout":"default","ast-site-content-layout":"default","site-content-style":"default","site-sidebar-style":"default","ast-global-header-display":"","ast-banner-title-visibility":"","ast-main-header-display":"","ast-hfb-above-header-display":"","ast-hfb-below-header-display":"","ast-hfb-mobile-header-display":"","site-post-title":"","ast-breadcrumbs-content":"","ast-featured-img":"","footer-sml-layout":"","theme-transparent-header-meta":"default","adv-header-id-meta":"","stick-header-meta":"","header-above-stick-meta":"","header-main-stick-meta":"","header-below-stick-meta":"","astra-migrate-meta-layouts":"set","ast-page-background-enabled":"default","ast-page-background-meta":{"desktop":{"background-color":"","background-image":"","background-repeat":"repeat","background-position":"center center","background-size":"auto","background-attachment":"scroll","background-type":"","background-media":"","overlay-type":"","overlay-color":"","overlay-opacity":"","overlay-gradient":""},"tablet":{"background-color":"","background-image":"","background-repeat":"repeat","background-position":"center center","background-size":"auto","background-attachment":"scroll","background-type":"","background-media":"","overlay-type":"","overlay-color":"","overlay-opacity":"","overlay-gradient":""},"mobile":{"background-color":"","background-image":"","background-repeat":"repeat","background-position":"center center","background-size":"auto","background-attachment":"scroll","background-type":"","background-media":"","overlay-type":"","overlay-color":"","overlay-opacity":"","overlay-gradient":""}},"ast-content-background-meta":{"desktop":{"background-color":"var(--ast-global-color-5)","background-image":"","background-repeat":"repeat","background-position":"center center","background-size":"auto","background-attachment":"scroll","background-type":"","background-media":"","overlay-type":"","overlay-color":"","overlay-opacity":"","overlay-gradient":""},"tablet":{"background-color":"var(--ast-global-color-5)","background-image":"","background-repeat":"repeat","background-position":"center center","background-size":"auto","background-attachment":"scroll","background-type":"","background-media":"","overlay-type":"","overlay-color":"","overlay-opacity":"","overlay-gradient":""},"mobile":{"background-color":"var(--ast-global-color-5)","background-image":"","background-repeat":"repeat","background-position":"center center","background-size":"auto","background-attachment":"scroll","background-type":"","background-media":"","overlay-type":"","overlay-color":"","overlay-opacity":"","overlay-gradient":""}}},"product_brand":[],"product_cat":[1354,1457,1435,1353],"product_tag":[1356,2822,1397,1473,2011],"class_list":{"0":"post-55193","1":"product","2":"type-product","3":"status-publish","4":"has-post-thumbnail","6":"product_cat-courte-piste","7":"product_cat-lames-et-pieces-patinage-de-vitesse-courte-piste","8":"product_cat-liquidation","9":"product_cat-patinage-de-vitesse","10":"product_tag-courte-piste-fr","11":"product_tag-lames-attaq","12":"product_tag-lames-de-st","13":"product_tag-lames-pour-pistes-courtes","14":"product_tag-lames-skate-tec","15":"desktop-align-center","16":"tablet-align-center","17":"mobile-align-center","18":"ast-product-gallery-layout-horizontal","19":"ast-product-single-variable","20":"ast-product-tabs-layout-horizontal","21":"ast-qv-on-image","23":"first","24":"instock","25":"sale","26":"taxable","27":"shipping-taxable","28":"purchasable","29":"product-type-variable"},"bundled_by":[],"bundle_stock_status":"instock","bundle_stock_quantity":null,"bundle_virtual":false,"bundle_layout":"","bundle_add_to_cart_form_location":"","bundle_editable_in_cart":false,"bundle_sold_individually_context":"","bundle_item_grouping":"","bundle_min_size":"","bundle_max_size":"","bundle_price":[],"bundled_items":[],"bundle_sell_ids":[],"yoast_head":"<!-- This site is optimized with the Yoast SEO plugin v27.4 - https:\/\/yoast.com\/product\/yoast-seo-wordpress\/ -->\n<title>Lames de Courte Piste Attaq - Xact Skate Shop.<\/title>\n<meta name=\"description\" content=\"Lames Courte Piste Attaq. L&#039;Attaq est un nouveau venu dans la famille orange. C&#039;est un m\u00e9lange entre le M-Wave et le Quarq. Obtenez les v\u00f4tres ici !\" \/>\n<meta name=\"robots\" content=\"index, follow, max-snippet:-1, max-image-preview:large, max-video-preview:-1\" \/>\n<link rel=\"canonical\" href=\"https:\/\/xactskateshop.com\/fr\/produit\/lames-de-courte-piste-skate-tec-attaq\/\" \/>\n<meta property=\"og:locale\" content=\"fr_FR\" \/>\n<meta property=\"og:type\" content=\"article\" \/>\n<meta property=\"og:title\" content=\"Lames de Courte Piste Attaq - Xact Skate Shop.\" \/>\n<meta property=\"og:description\" content=\"Lames Courte Piste Attaq. L&#039;Attaq est un nouveau venu dans la famille orange. C&#039;est un m\u00e9lange entre le M-Wave et le Quarq. Obtenez les v\u00f4tres ici !\" \/>\n<meta property=\"og:url\" content=\"https:\/\/xactskateshop.com\/fr\/produit\/lames-de-courte-piste-skate-tec-attaq\/\" \/>\n<meta property=\"og:site_name\" content=\"Xact Skate Shop\" \/>\n<meta property=\"article:publisher\" content=\"https:\/\/www.facebook.com\/JeanLouiskateshop\" \/>\n<meta property=\"article:modified_time\" content=\"2025-12-30T21:20:29+00:00\" \/>\n<meta property=\"og:image\" content=\"https:\/\/xactskateshop.com\/wp-content\/uploads\/2024\/10\/attaq-1.jpg\" \/>\n\t<meta property=\"og:image:width\" content=\"1000\" \/>\n\t<meta property=\"og:image:height\" content=\"1000\" \/>\n\t<meta property=\"og:image:type\" content=\"image\/jpeg\" \/>\n<meta name=\"twitter:card\" content=\"summary_large_image\" \/>\n<meta name=\"twitter:label1\" content=\"Dur\u00e9e de lecture estim\u00e9e\" \/>\n\t<meta name=\"twitter:data1\" content=\"3 minutes\" \/>\n<script type=\"application\/ld+json\" class=\"yoast-schema-graph\">{\"@context\":\"https:\\\/\\\/schema.org\",\"@graph\":[{\"@type\":\"WebPage\",\"@id\":\"https:\\\/\\\/xactskateshop.com\\\/fr\\\/produit\\\/lames-de-courte-piste-skate-tec-attaq\\\/\",\"url\":\"https:\\\/\\\/xactskateshop.com\\\/fr\\\/produit\\\/lames-de-courte-piste-skate-tec-attaq\\\/\",\"name\":\"Lames de Courte Piste Attaq - Xact Skate Shop.\",\"isPartOf\":{\"@id\":\"http:\\\/\\\/xactskateshop.com\\\/fr\\\/#website\"},\"primaryImageOfPage\":{\"@id\":\"https:\\\/\\\/xactskateshop.com\\\/fr\\\/produit\\\/lames-de-courte-piste-skate-tec-attaq\\\/#primaryimage\"},\"image\":{\"@id\":\"https:\\\/\\\/xactskateshop.com\\\/fr\\\/produit\\\/lames-de-courte-piste-skate-tec-attaq\\\/#primaryimage\"},\"thumbnailUrl\":\"https:\\\/\\\/xactskateshop.com\\\/wp-content\\\/uploads\\\/2024\\\/10\\\/attaq-1.jpg\",\"datePublished\":\"2024-10-16T17:06:54+00:00\",\"dateModified\":\"2025-12-30T21:20:29+00:00\",\"description\":\"Lames Courte Piste Attaq. L'Attaq est un nouveau venu dans la famille orange. C'est un m\u00e9lange entre le M-Wave et le Quarq. Obtenez les v\u00f4tres ici !\",\"breadcrumb\":{\"@id\":\"https:\\\/\\\/xactskateshop.com\\\/fr\\\/produit\\\/lames-de-courte-piste-skate-tec-attaq\\\/#breadcrumb\"},\"inLanguage\":\"fr-FR\",\"potentialAction\":[{\"@type\":\"ReadAction\",\"target\":[\"https:\\\/\\\/xactskateshop.com\\\/fr\\\/produit\\\/lames-de-courte-piste-skate-tec-attaq\\\/\"]}]},{\"@type\":\"ImageObject\",\"inLanguage\":\"fr-FR\",\"@id\":\"https:\\\/\\\/xactskateshop.com\\\/fr\\\/produit\\\/lames-de-courte-piste-skate-tec-attaq\\\/#primaryimage\",\"url\":\"https:\\\/\\\/xactskateshop.com\\\/wp-content\\\/uploads\\\/2024\\\/10\\\/attaq-1.jpg\",\"contentUrl\":\"https:\\\/\\\/xactskateshop.com\\\/wp-content\\\/uploads\\\/2024\\\/10\\\/attaq-1.jpg\",\"width\":1000,\"height\":1000,\"caption\":\"Courte Piste Piste\"},{\"@type\":\"BreadcrumbList\",\"@id\":\"https:\\\/\\\/xactskateshop.com\\\/fr\\\/produit\\\/lames-de-courte-piste-skate-tec-attaq\\\/#breadcrumb\",\"itemListElement\":[{\"@type\":\"ListItem\",\"position\":1,\"name\":\"Home\",\"item\":\"https:\\\/\\\/xactskateshop.com\\\/fr\\\/accueil\\\/\"},{\"@type\":\"ListItem\",\"position\":2,\"name\":\"Boutique\",\"item\":\"https:\\\/\\\/xactskateshop.com\\\/shop\\\/\"},{\"@type\":\"ListItem\",\"position\":3,\"name\":\"Lames de Courte Piste SKATE-TEC ATTAQ\"}]},{\"@type\":\"WebSite\",\"@id\":\"http:\\\/\\\/xactskateshop.com\\\/fr\\\/#website\",\"url\":\"http:\\\/\\\/xactskateshop.com\\\/fr\\\/\",\"name\":\"Xact Skate Shop\",\"description\":\"Un site utilisant WordPress\",\"publisher\":{\"@id\":\"http:\\\/\\\/xactskateshop.com\\\/fr\\\/#organization\"},\"potentialAction\":[{\"@type\":\"SearchAction\",\"target\":{\"@type\":\"EntryPoint\",\"urlTemplate\":\"http:\\\/\\\/xactskateshop.com\\\/fr\\\/?s={search_term_string}\"},\"query-input\":{\"@type\":\"PropertyValueSpecification\",\"valueRequired\":true,\"valueName\":\"search_term_string\"}}],\"inLanguage\":\"fr-FR\"},{\"@type\":\"Organization\",\"@id\":\"http:\\\/\\\/xactskateshop.com\\\/fr\\\/#organization\",\"name\":\"XACT Skate Shop\",\"url\":\"http:\\\/\\\/xactskateshop.com\\\/fr\\\/\",\"logo\":{\"@type\":\"ImageObject\",\"inLanguage\":\"fr-FR\",\"@id\":\"http:\\\/\\\/xactskateshop.com\\\/fr\\\/#\\\/schema\\\/logo\\\/image\\\/\",\"url\":\"http:\\\/\\\/xactskateshop.com\\\/wp-content\\\/uploads\\\/2024\\\/04\\\/xactskateshop-dot-com-avec-contour-noir-sans-fond-675x.jpg\",\"contentUrl\":\"http:\\\/\\\/xactskateshop.com\\\/wp-content\\\/uploads\\\/2024\\\/04\\\/xactskateshop-dot-com-avec-contour-noir-sans-fond-675x.jpg\",\"width\":675,\"height\":247,\"caption\":\"XACT Skate Shop\"},\"image\":{\"@id\":\"http:\\\/\\\/xactskateshop.com\\\/fr\\\/#\\\/schema\\\/logo\\\/image\\\/\"},\"sameAs\":[\"https:\\\/\\\/www.facebook.com\\\/JeanLouiskateshop\"]}]}<\/script>\n<!-- \/ Yoast SEO plugin. -->","yoast_head_json":{"title":"Lames de Courte Piste Attaq - Xact Skate Shop.","description":"Lames Courte Piste Attaq. L'Attaq est un nouveau venu dans la famille orange. C'est un m\u00e9lange entre le M-Wave et le Quarq. Obtenez les v\u00f4tres ici !","robots":{"index":"index","follow":"follow","max-snippet":"max-snippet:-1","max-image-preview":"max-image-preview:large","max-video-preview":"max-video-preview:-1"},"canonical":"https:\/\/xactskateshop.com\/fr\/produit\/lames-de-courte-piste-skate-tec-attaq\/","og_locale":"fr_FR","og_type":"article","og_title":"Lames de Courte Piste Attaq - Xact Skate Shop.","og_description":"Lames Courte Piste Attaq. L'Attaq est un nouveau venu dans la famille orange. C'est un m\u00e9lange entre le M-Wave et le Quarq. Obtenez les v\u00f4tres ici !","og_url":"https:\/\/xactskateshop.com\/fr\/produit\/lames-de-courte-piste-skate-tec-attaq\/","og_site_name":"Xact Skate Shop","article_publisher":"https:\/\/www.facebook.com\/JeanLouiskateshop","article_modified_time":"2025-12-30T21:20:29+00:00","og_image":[{"width":1000,"height":1000,"url":"https:\/\/xactskateshop.com\/wp-content\/uploads\/2024\/10\/attaq-1.jpg","type":"image\/jpeg"}],"twitter_card":"summary_large_image","twitter_misc":{"Dur\u00e9e de lecture estim\u00e9e":"3 minutes"},"schema":{"@context":"https:\/\/schema.org","@graph":[{"@type":"WebPage","@id":"https:\/\/xactskateshop.com\/fr\/produit\/lames-de-courte-piste-skate-tec-attaq\/","url":"https:\/\/xactskateshop.com\/fr\/produit\/lames-de-courte-piste-skate-tec-attaq\/","name":"Lames de Courte Piste Attaq - Xact Skate Shop.","isPartOf":{"@id":"http:\/\/xactskateshop.com\/fr\/#website"},"primaryImageOfPage":{"@id":"https:\/\/xactskateshop.com\/fr\/produit\/lames-de-courte-piste-skate-tec-attaq\/#primaryimage"},"image":{"@id":"https:\/\/xactskateshop.com\/fr\/produit\/lames-de-courte-piste-skate-tec-attaq\/#primaryimage"},"thumbnailUrl":"https:\/\/xactskateshop.com\/wp-content\/uploads\/2024\/10\/attaq-1.jpg","datePublished":"2024-10-16T17:06:54+00:00","dateModified":"2025-12-30T21:20:29+00:00","description":"Lames Courte Piste Attaq. L'Attaq est un nouveau venu dans la famille orange. C'est un m\u00e9lange entre le M-Wave et le Quarq. Obtenez les v\u00f4tres ici !","breadcrumb":{"@id":"https:\/\/xactskateshop.com\/fr\/produit\/lames-de-courte-piste-skate-tec-attaq\/#breadcrumb"},"inLanguage":"fr-FR","potentialAction":[{"@type":"ReadAction","target":["https:\/\/xactskateshop.com\/fr\/produit\/lames-de-courte-piste-skate-tec-attaq\/"]}]},{"@type":"ImageObject","inLanguage":"fr-FR","@id":"https:\/\/xactskateshop.com\/fr\/produit\/lames-de-courte-piste-skate-tec-attaq\/#primaryimage","url":"https:\/\/xactskateshop.com\/wp-content\/uploads\/2024\/10\/attaq-1.jpg","contentUrl":"https:\/\/xactskateshop.com\/wp-content\/uploads\/2024\/10\/attaq-1.jpg","width":1000,"height":1000,"caption":"Courte Piste Piste"},{"@type":"BreadcrumbList","@id":"https:\/\/xactskateshop.com\/fr\/produit\/lames-de-courte-piste-skate-tec-attaq\/#breadcrumb","itemListElement":[{"@type":"ListItem","position":1,"name":"Home","item":"https:\/\/xactskateshop.com\/fr\/accueil\/"},{"@type":"ListItem","position":2,"name":"Boutique","item":"https:\/\/xactskateshop.com\/shop\/"},{"@type":"ListItem","position":3,"name":"Lames de Courte Piste SKATE-TEC ATTAQ"}]},{"@type":"WebSite","@id":"http:\/\/xactskateshop.com\/fr\/#website","url":"http:\/\/xactskateshop.com\/fr\/","name":"Xact Skate Shop","description":"Un site utilisant WordPress","publisher":{"@id":"http:\/\/xactskateshop.com\/fr\/#organization"},"potentialAction":[{"@type":"SearchAction","target":{"@type":"EntryPoint","urlTemplate":"http:\/\/xactskateshop.com\/fr\/?s={search_term_string}"},"query-input":{"@type":"PropertyValueSpecification","valueRequired":true,"valueName":"search_term_string"}}],"inLanguage":"fr-FR"},{"@type":"Organization","@id":"http:\/\/xactskateshop.com\/fr\/#organization","name":"XACT Skate Shop","url":"http:\/\/xactskateshop.com\/fr\/","logo":{"@type":"ImageObject","inLanguage":"fr-FR","@id":"http:\/\/xactskateshop.com\/fr\/#\/schema\/logo\/image\/","url":"http:\/\/xactskateshop.com\/wp-content\/uploads\/2024\/04\/xactskateshop-dot-com-avec-contour-noir-sans-fond-675x.jpg","contentUrl":"http:\/\/xactskateshop.com\/wp-content\/uploads\/2024\/04\/xactskateshop-dot-com-avec-contour-noir-sans-fond-675x.jpg","width":675,"height":247,"caption":"XACT Skate Shop"},"image":{"@id":"http:\/\/xactskateshop.com\/fr\/#\/schema\/logo\/image\/"},"sameAs":["https:\/\/www.facebook.com\/JeanLouiskateshop"]}]}},"_links":{"self":[{"href":"https:\/\/xactskateshop.com\/fr\/wp-json\/wp\/v2\/product\/55193","targetHints":{"allow":["GET"]}}],"collection":[{"href":"https:\/\/xactskateshop.com\/fr\/wp-json\/wp\/v2\/product"}],"about":[{"href":"https:\/\/xactskateshop.com\/fr\/wp-json\/wp\/v2\/types\/product"}],"replies":[{"embeddable":true,"href":"https:\/\/xactskateshop.com\/fr\/wp-json\/wp\/v2\/comments?post=55193"}],"wp:featuredmedia":[{"embeddable":true,"href":"https:\/\/xactskateshop.com\/fr\/wp-json\/wp\/v2\/media\/44131"}],"wp:attachment":[{"href":"https:\/\/xactskateshop.com\/fr\/wp-json\/wp\/v2\/media?parent=55193"}],"wp:term":[{"taxonomy":"product_brand","embeddable":true,"href":"https:\/\/xactskateshop.com\/fr\/wp-json\/wp\/v2\/product_brand?post=55193"},{"taxonomy":"product_cat","embeddable":true,"href":"https:\/\/xactskateshop.com\/fr\/wp-json\/wp\/v2\/product_cat?post=55193"},{"taxonomy":"product_tag","embeddable":true,"href":"https:\/\/xactskateshop.com\/fr\/wp-json\/wp\/v2\/product_tag?post=55193"}],"curies":[{"name":"wp","href":"https:\/\/api.w.org\/{rel}","templated":true}]}}