{"id":55185,"date":"2024-09-21T13:24:30","date_gmt":"2024-09-21T17:24:30","guid":{"rendered":"http:\/\/xactskateshop.com\/product\/lames-de-rechange-bauer-fly-x\/"},"modified":"2025-12-30T16:21:29","modified_gmt":"2025-12-30T21:21:29","slug":"lames-de-rechange-bauer-fly-x","status":"publish","type":"product","link":"https:\/\/xactskateshop.com\/fr\/produit\/lames-de-rechange-bauer-fly-x\/","title":{"rendered":"Lames de rechange BAUER FLY-X"},"content":{"rendered":"<p>Lames Bauer FLY-X<\/p>\n<div>\n<div class=\"summary__title\">\n<h6>Aper\u00e7u du produit<br \/>\nVendu par paire &#8211; le paquet contient 2 paires de patins en acier<br \/>\nLe bon acier peut am\u00e9liorer tous les aspects de vos mouvements de patinage &#8211; le nouveau patin en acier FLY-X en est un excellent exemple. De la r\u00e9tention des carres \u00e0 l&#8217;am\u00e9lioration de la s\u00e9curit\u00e9 de la lame en passant par la durabilit\u00e9 globale, chaque fibre d&#8217;acier a \u00e9t\u00e9 con\u00e7ue \u00e0 dessein.  <\/h6>\n<p>&nbsp;<\/p>\n<p><strong>POURQUOI CHOISIR FLY-X ?<\/strong><\/p>\n<p>Les mat\u00e9riaux PREMIUM CORE sont performants et durables.<br \/>\nICONIC BRUSHED FINISH est une finition acier traditionnelle pour des bords lisses.<br \/>\nHYPERBOLIC GEOMETRY pour une meilleure connectivit\u00e9 de la lame et des performances accrues.<br \/>\nCUSTOM PROFILE READY pour booster les performances avec votre profil unique.<\/p>\n<p><strong>COMPATIBILIT\u00c9 AVEC LE SUPPORT :<\/strong><\/p>\n<p>SUPPORT POWERFLY<br \/>\nTUUK LIGHTSPEED EDGE<\/p>\n<\/div>\n<\/div>\n<div class=\"accordion__content rte\">\n<div class=\"group\/conversation-turn relative flex w-full min-w-0 flex-col agent-turn\">\n<div class=\"flex-col gap-1 md:gap-3\">\n<div class=\"flex max-w-full flex-col flex-grow\">\n<div class=\"min-h-[20px] text-message flex w-full flex-col items-end gap-2 whitespace-normal break-words [.text-message+&amp;]:mt-5\" dir=\"auto\" data-message-author-role=\"assistant\" data-message-id=\"17aa09c7-d1c2-4185-a411-c1926d9e19c7\">\n<div class=\"flex w-full flex-col gap-1 empty:hidden first:pt-[3px]\">\n<div class=\"markdown prose w-full break-words dark:prose-invert light\">\n<h6>L&#8217;acier inoxydable bross\u00e9 offre une s\u00e9rie d&#8217;avantages dans de multiples applications gr\u00e2ce \u00e0 sa combinaison de r\u00e9sistance, de durabilit\u00e9 et d&#8217;attrait esth\u00e9tique. Voici quelques-uns de ses principaux avantages : <\/h6>\n<h3>1. <strong>R\u00e9sistance \u00e0 la corrosion<\/strong><\/h3>\n<p>L&#8217;acier inoxydable est intrins\u00e8quement r\u00e9sistant \u00e0 la rouille et \u00e0 la corrosion en raison de sa teneur en chrome. La finition bross\u00e9e ne compromet pas cette propri\u00e9t\u00e9, ce qui en fait un mat\u00e9riau id\u00e9al pour l&#8217;int\u00e9rieur et l&#8217;ext\u00e9rieur, en particulier dans les environnements humides ou c\u00f4tiers. <\/p>\n<h3>2. <strong>Durabilit\u00e9 et solidit\u00e9<\/strong><\/h3>\n<p>L&#8217;acier inoxydable bross\u00e9 conserve la haute r\u00e9sistance et la durabilit\u00e9 de l&#8217;acier inoxydable, ce qui le rend adapt\u00e9 aux applications lourdes. Il r\u00e9siste aux chocs, \u00e0 l&#8217;usure et \u00e0 la d\u00e9formation, ce qui en fait un mat\u00e9riau durable, utilisable dans tous les domaines, des appareils \u00e9lectrom\u00e9nagers aux composants structurels. <\/p>\n<h3>3. <strong>L&#8217;attrait esth\u00e9tique<\/strong><\/h3>\n<p>La finition bross\u00e9e donne \u00e0 l&#8217;acier inoxydable un aspect mat et \u00e9l\u00e9gant, moins r\u00e9fl\u00e9chissant que les finitions polies, ce qui peut donner aux produits un aspect moderne et sophistiqu\u00e9. C&#8217;est un choix populaire pour les designs contemporains dans l&#8217;architecture, le mobilier et les appareils \u00e9lectrom\u00e9nagers. <\/p>\n<h3>4. <strong>R\u00e9sistance aux empreintes digitales et aux rayures<\/strong><\/h3>\n<p>La texture de l&#8217;acier inoxydable bross\u00e9 dissimule mieux les empreintes digitales, les taches et les petites rayures que l&#8217;acier inoxydable poli. Il s&#8217;agit donc d&#8217;une option de choix pour les zones tr\u00e8s touch\u00e9es, comme les appareils de cuisine, les \u00e9viers et les garde-corps, o\u00f9 il est important de conserver un aspect propre. <\/p>\n<h3>5. <strong>Peu d&#8217;entretien<\/strong><\/h3>\n<p>L&#8217;acier inoxydable bross\u00e9 ne n\u00e9cessite qu&#8217;un minimum d&#8217;entretien pour conserver son aspect intact. Un nettoyage de routine avec de l&#8217;eau et du savon doux ou des produits de nettoyage pour l&#8217;acier inoxydable lui permettra de conserver sa belle apparence sans n\u00e9cessiter de traitement ou de polissage particulier. <\/p>\n<h3>6. <strong>Respect de l&#8217;environnement<\/strong><\/h3>\n<p>L&#8217;acier inoxydable, y compris les vari\u00e9t\u00e9s bross\u00e9es, est recyclable \u00e0 100 %, ce qui en fait une option \u00e9cologiquement durable. Apr\u00e8s sa longue dur\u00e9e de vie, il peut \u00eatre fondu et r\u00e9utilis\u00e9 sans perte de qualit\u00e9. <\/p>\n<p><span style=\"font-size: 16px;\">Voir d&#8217;autres mod\u00e8les <\/span><a style=\"font-size: 16px; background-color: #ffffff;\" href=\"https:\/\/xactskateshop.com\/fr\/produit\/bladetech-bauer-lightspeed-edge-mirror-stainless-lames-de-remplacement\/\">ici<\/a><\/p>\n<\/div>\n<\/div>\n<\/div>\n<\/div>\n<\/div>\n<\/div>\n<\/div>\n<p>Pour en savoir plus sur Bauer <a href=\"https:\/\/ca.bauer.com\/\">, cliquez ici<\/a><\/p>\n","protected":false},"excerpt":{"rendered":"<p>Pales Bauer FLY-X<\/p>\n<p>Compatible avec les supports POWERFLY et LS EDGE<\/p>\n","protected":false},"featured_media":43963,"comment_status":"closed","ping_status":"closed","template":"","meta":{"site-sidebar-layout":"default","site-content-layout":"default","ast-site-content-layout":"default","site-content-style":"default","site-sidebar-style":"default","ast-global-header-display":"","ast-banner-title-visibility":"","ast-main-header-display":"","ast-hfb-above-header-display":"","ast-hfb-below-header-display":"","ast-hfb-mobile-header-display":"","site-post-title":"","ast-breadcrumbs-content":"","ast-featured-img":"","footer-sml-layout":"","theme-transparent-header-meta":"default","adv-header-id-meta":"","stick-header-meta":"","header-above-stick-meta":"","header-main-stick-meta":"","header-below-stick-meta":"","astra-migrate-meta-layouts":"default","ast-page-background-enabled":"default","ast-page-background-meta":{"desktop":{"background-color":"","background-image":"","background-repeat":"repeat","background-position":"center center","background-size":"auto","background-attachment":"scroll","background-type":"","background-media":"","overlay-type":"","overlay-color":"","overlay-opacity":"","overlay-gradient":""},"tablet":{"background-color":"","background-image":"","background-repeat":"repeat","background-position":"center center","background-size":"auto","background-attachment":"scroll","background-type":"","background-media":"","overlay-type":"","overlay-color":"","overlay-opacity":"","overlay-gradient":""},"mobile":{"background-color":"","background-image":"","background-repeat":"repeat","background-position":"center center","background-size":"auto","background-attachment":"scroll","background-type":"","background-media":"","overlay-type":"","overlay-color":"","overlay-opacity":"","overlay-gradient":""}},"ast-content-background-meta":{"desktop":{"background-color":"var(--ast-global-color-5)","background-image":"","background-repeat":"repeat","background-position":"center center","background-size":"auto","background-attachment":"scroll","background-type":"","background-media":"","overlay-type":"","overlay-color":"","overlay-opacity":"","overlay-gradient":""},"tablet":{"background-color":"var(--ast-global-color-5)","background-image":"","background-repeat":"repeat","background-position":"center center","background-size":"auto","background-attachment":"scroll","background-type":"","background-media":"","overlay-type":"","overlay-color":"","overlay-opacity":"","overlay-gradient":""},"mobile":{"background-color":"var(--ast-global-color-5)","background-image":"","background-repeat":"repeat","background-position":"center center","background-size":"auto","background-attachment":"scroll","background-type":"","background-media":"","overlay-type":"","overlay-color":"","overlay-opacity":"","overlay-gradient":""}}},"product_brand":[],"product_cat":[1714,1712],"product_tag":[1984,1985,1986],"class_list":{"0":"post-55185","1":"product","2":"type-product","3":"status-publish","4":"has-post-thumbnail","6":"product_cat-accessoires-pour-patins-de-hockey","7":"product_cat-hockey-fr","8":"product_tag-hockey-fr","9":"product_tag-lame-de-hockey","10":"product_tag-lame-de-remplacement","11":"desktop-align-center","12":"tablet-align-center","13":"mobile-align-center","14":"ast-product-gallery-layout-horizontal","15":"ast-product-single-variable","16":"ast-product-tabs-layout-horizontal","17":"ast-qv-on-image","19":"first","20":"instock","21":"taxable","22":"shipping-taxable","23":"purchasable","24":"product-type-variable"},"bundled_by":[],"bundle_stock_status":"instock","bundle_stock_quantity":null,"bundle_virtual":false,"bundle_layout":"","bundle_add_to_cart_form_location":"","bundle_editable_in_cart":false,"bundle_sold_individually_context":"","bundle_item_grouping":"","bundle_min_size":"","bundle_max_size":"","bundle_price":[],"bundled_items":[],"bundle_sell_ids":[],"yoast_head":"<!-- This site is optimized with the Yoast SEO plugin v27.4 - https:\/\/yoast.com\/product\/yoast-seo-wordpress\/ -->\n<title>Lames Bauer FLY-X - Xact Skate Shop%.<\/title>\n<meta name=\"description\" content=\"Lames Bauer FLY-X. Le bon acier peut am\u00e9liorer tous les aspects de vos mouvements de patinage - le nouveau patin en acier FLY-X en est un excellent exemple.\" \/>\n<meta name=\"robots\" content=\"index, follow, max-snippet:-1, max-image-preview:large, max-video-preview:-1\" \/>\n<link rel=\"canonical\" href=\"https:\/\/xactskateshop.com\/fr\/produit\/lames-de-rechange-bauer-fly-x\/\" \/>\n<meta property=\"og:locale\" content=\"fr_FR\" \/>\n<meta property=\"og:type\" content=\"article\" \/>\n<meta property=\"og:title\" content=\"Lames Bauer FLY-X - Xact Skate Shop%.\" \/>\n<meta property=\"og:description\" content=\"Lames Bauer FLY-X. Le bon acier peut am\u00e9liorer tous les aspects de vos mouvements de patinage - le nouveau patin en acier FLY-X en est un excellent exemple.\" \/>\n<meta property=\"og:url\" content=\"https:\/\/xactskateshop.com\/fr\/produit\/lames-de-rechange-bauer-fly-x\/\" \/>\n<meta property=\"og:site_name\" content=\"Xact Skate Shop\" \/>\n<meta property=\"article:publisher\" content=\"https:\/\/www.facebook.com\/JeanLouiskateshop\" \/>\n<meta property=\"article:modified_time\" content=\"2025-12-30T21:21:29+00:00\" \/>\n<meta property=\"og:image\" content=\"https:\/\/xactskateshop.com\/wp-content\/uploads\/2024\/09\/bauer-fly-X-blades.jpg\" \/>\n\t<meta property=\"og:image:width\" content=\"1000\" \/>\n\t<meta property=\"og:image:height\" content=\"1000\" \/>\n\t<meta property=\"og:image:type\" content=\"image\/jpeg\" \/>\n<meta name=\"twitter:card\" content=\"summary_large_image\" \/>\n<meta name=\"twitter:label1\" content=\"Dur\u00e9e de lecture estim\u00e9e\" \/>\n\t<meta name=\"twitter:data1\" content=\"2 minutes\" \/>\n<script type=\"application\/ld+json\" class=\"yoast-schema-graph\">{\"@context\":\"https:\\\/\\\/schema.org\",\"@graph\":[{\"@type\":\"WebPage\",\"@id\":\"https:\\\/\\\/xactskateshop.com\\\/fr\\\/produit\\\/lames-de-rechange-bauer-fly-x\\\/\",\"url\":\"https:\\\/\\\/xactskateshop.com\\\/fr\\\/produit\\\/lames-de-rechange-bauer-fly-x\\\/\",\"name\":\"Lames Bauer FLY-X - Xact Skate Shop%.\",\"isPartOf\":{\"@id\":\"http:\\\/\\\/xactskateshop.com\\\/fr\\\/#website\"},\"primaryImageOfPage\":{\"@id\":\"https:\\\/\\\/xactskateshop.com\\\/fr\\\/produit\\\/lames-de-rechange-bauer-fly-x\\\/#primaryimage\"},\"image\":{\"@id\":\"https:\\\/\\\/xactskateshop.com\\\/fr\\\/produit\\\/lames-de-rechange-bauer-fly-x\\\/#primaryimage\"},\"thumbnailUrl\":\"https:\\\/\\\/xactskateshop.com\\\/wp-content\\\/uploads\\\/2024\\\/09\\\/bauer-fly-X-blades.jpg\",\"datePublished\":\"2024-09-21T17:24:30+00:00\",\"dateModified\":\"2025-12-30T21:21:29+00:00\",\"description\":\"Lames Bauer FLY-X. Le bon acier peut am\u00e9liorer tous les aspects de vos mouvements de patinage - le nouveau patin en acier FLY-X en est un excellent exemple.\",\"breadcrumb\":{\"@id\":\"https:\\\/\\\/xactskateshop.com\\\/fr\\\/produit\\\/lames-de-rechange-bauer-fly-x\\\/#breadcrumb\"},\"inLanguage\":\"fr-FR\",\"potentialAction\":[{\"@type\":\"ReadAction\",\"target\":[\"https:\\\/\\\/xactskateshop.com\\\/fr\\\/produit\\\/lames-de-rechange-bauer-fly-x\\\/\"]}]},{\"@type\":\"ImageObject\",\"inLanguage\":\"fr-FR\",\"@id\":\"https:\\\/\\\/xactskateshop.com\\\/fr\\\/produit\\\/lames-de-rechange-bauer-fly-x\\\/#primaryimage\",\"url\":\"https:\\\/\\\/xactskateshop.com\\\/wp-content\\\/uploads\\\/2024\\\/09\\\/bauer-fly-X-blades.jpg\",\"contentUrl\":\"https:\\\/\\\/xactskateshop.com\\\/wp-content\\\/uploads\\\/2024\\\/09\\\/bauer-fly-X-blades.jpg\",\"width\":1000,\"height\":1000,\"caption\":\"Lames Bauer FLY-X\"},{\"@type\":\"BreadcrumbList\",\"@id\":\"https:\\\/\\\/xactskateshop.com\\\/fr\\\/produit\\\/lames-de-rechange-bauer-fly-x\\\/#breadcrumb\",\"itemListElement\":[{\"@type\":\"ListItem\",\"position\":1,\"name\":\"Home\",\"item\":\"https:\\\/\\\/xactskateshop.com\\\/fr\\\/accueil\\\/\"},{\"@type\":\"ListItem\",\"position\":2,\"name\":\"Boutique\",\"item\":\"https:\\\/\\\/xactskateshop.com\\\/shop\\\/\"},{\"@type\":\"ListItem\",\"position\":3,\"name\":\"Lames de rechange BAUER FLY-X\"}]},{\"@type\":\"WebSite\",\"@id\":\"http:\\\/\\\/xactskateshop.com\\\/fr\\\/#website\",\"url\":\"http:\\\/\\\/xactskateshop.com\\\/fr\\\/\",\"name\":\"Xact Skate Shop\",\"description\":\"Un site utilisant WordPress\",\"publisher\":{\"@id\":\"http:\\\/\\\/xactskateshop.com\\\/fr\\\/#organization\"},\"potentialAction\":[{\"@type\":\"SearchAction\",\"target\":{\"@type\":\"EntryPoint\",\"urlTemplate\":\"http:\\\/\\\/xactskateshop.com\\\/fr\\\/?s={search_term_string}\"},\"query-input\":{\"@type\":\"PropertyValueSpecification\",\"valueRequired\":true,\"valueName\":\"search_term_string\"}}],\"inLanguage\":\"fr-FR\"},{\"@type\":\"Organization\",\"@id\":\"http:\\\/\\\/xactskateshop.com\\\/fr\\\/#organization\",\"name\":\"XACT Skate Shop\",\"url\":\"http:\\\/\\\/xactskateshop.com\\\/fr\\\/\",\"logo\":{\"@type\":\"ImageObject\",\"inLanguage\":\"fr-FR\",\"@id\":\"http:\\\/\\\/xactskateshop.com\\\/fr\\\/#\\\/schema\\\/logo\\\/image\\\/\",\"url\":\"http:\\\/\\\/xactskateshop.com\\\/wp-content\\\/uploads\\\/2024\\\/04\\\/xactskateshop-dot-com-avec-contour-noir-sans-fond-675x.jpg\",\"contentUrl\":\"http:\\\/\\\/xactskateshop.com\\\/wp-content\\\/uploads\\\/2024\\\/04\\\/xactskateshop-dot-com-avec-contour-noir-sans-fond-675x.jpg\",\"width\":675,\"height\":247,\"caption\":\"XACT Skate Shop\"},\"image\":{\"@id\":\"http:\\\/\\\/xactskateshop.com\\\/fr\\\/#\\\/schema\\\/logo\\\/image\\\/\"},\"sameAs\":[\"https:\\\/\\\/www.facebook.com\\\/JeanLouiskateshop\"]}]}<\/script>\n<!-- \/ Yoast SEO plugin. -->","yoast_head_json":{"title":"Lames Bauer FLY-X - Xact Skate Shop%.","description":"Lames Bauer FLY-X. Le bon acier peut am\u00e9liorer tous les aspects de vos mouvements de patinage - le nouveau patin en acier FLY-X en est un excellent exemple.","robots":{"index":"index","follow":"follow","max-snippet":"max-snippet:-1","max-image-preview":"max-image-preview:large","max-video-preview":"max-video-preview:-1"},"canonical":"https:\/\/xactskateshop.com\/fr\/produit\/lames-de-rechange-bauer-fly-x\/","og_locale":"fr_FR","og_type":"article","og_title":"Lames Bauer FLY-X - Xact Skate Shop%.","og_description":"Lames Bauer FLY-X. Le bon acier peut am\u00e9liorer tous les aspects de vos mouvements de patinage - le nouveau patin en acier FLY-X en est un excellent exemple.","og_url":"https:\/\/xactskateshop.com\/fr\/produit\/lames-de-rechange-bauer-fly-x\/","og_site_name":"Xact Skate Shop","article_publisher":"https:\/\/www.facebook.com\/JeanLouiskateshop","article_modified_time":"2025-12-30T21:21:29+00:00","og_image":[{"width":1000,"height":1000,"url":"https:\/\/xactskateshop.com\/wp-content\/uploads\/2024\/09\/bauer-fly-X-blades.jpg","type":"image\/jpeg"}],"twitter_card":"summary_large_image","twitter_misc":{"Dur\u00e9e de lecture estim\u00e9e":"2 minutes"},"schema":{"@context":"https:\/\/schema.org","@graph":[{"@type":"WebPage","@id":"https:\/\/xactskateshop.com\/fr\/produit\/lames-de-rechange-bauer-fly-x\/","url":"https:\/\/xactskateshop.com\/fr\/produit\/lames-de-rechange-bauer-fly-x\/","name":"Lames Bauer FLY-X - Xact Skate Shop%.","isPartOf":{"@id":"http:\/\/xactskateshop.com\/fr\/#website"},"primaryImageOfPage":{"@id":"https:\/\/xactskateshop.com\/fr\/produit\/lames-de-rechange-bauer-fly-x\/#primaryimage"},"image":{"@id":"https:\/\/xactskateshop.com\/fr\/produit\/lames-de-rechange-bauer-fly-x\/#primaryimage"},"thumbnailUrl":"https:\/\/xactskateshop.com\/wp-content\/uploads\/2024\/09\/bauer-fly-X-blades.jpg","datePublished":"2024-09-21T17:24:30+00:00","dateModified":"2025-12-30T21:21:29+00:00","description":"Lames Bauer FLY-X. Le bon acier peut am\u00e9liorer tous les aspects de vos mouvements de patinage - le nouveau patin en acier FLY-X en est un excellent exemple.","breadcrumb":{"@id":"https:\/\/xactskateshop.com\/fr\/produit\/lames-de-rechange-bauer-fly-x\/#breadcrumb"},"inLanguage":"fr-FR","potentialAction":[{"@type":"ReadAction","target":["https:\/\/xactskateshop.com\/fr\/produit\/lames-de-rechange-bauer-fly-x\/"]}]},{"@type":"ImageObject","inLanguage":"fr-FR","@id":"https:\/\/xactskateshop.com\/fr\/produit\/lames-de-rechange-bauer-fly-x\/#primaryimage","url":"https:\/\/xactskateshop.com\/wp-content\/uploads\/2024\/09\/bauer-fly-X-blades.jpg","contentUrl":"https:\/\/xactskateshop.com\/wp-content\/uploads\/2024\/09\/bauer-fly-X-blades.jpg","width":1000,"height":1000,"caption":"Lames Bauer FLY-X"},{"@type":"BreadcrumbList","@id":"https:\/\/xactskateshop.com\/fr\/produit\/lames-de-rechange-bauer-fly-x\/#breadcrumb","itemListElement":[{"@type":"ListItem","position":1,"name":"Home","item":"https:\/\/xactskateshop.com\/fr\/accueil\/"},{"@type":"ListItem","position":2,"name":"Boutique","item":"https:\/\/xactskateshop.com\/shop\/"},{"@type":"ListItem","position":3,"name":"Lames de rechange BAUER FLY-X"}]},{"@type":"WebSite","@id":"http:\/\/xactskateshop.com\/fr\/#website","url":"http:\/\/xactskateshop.com\/fr\/","name":"Xact Skate Shop","description":"Un site utilisant WordPress","publisher":{"@id":"http:\/\/xactskateshop.com\/fr\/#organization"},"potentialAction":[{"@type":"SearchAction","target":{"@type":"EntryPoint","urlTemplate":"http:\/\/xactskateshop.com\/fr\/?s={search_term_string}"},"query-input":{"@type":"PropertyValueSpecification","valueRequired":true,"valueName":"search_term_string"}}],"inLanguage":"fr-FR"},{"@type":"Organization","@id":"http:\/\/xactskateshop.com\/fr\/#organization","name":"XACT Skate Shop","url":"http:\/\/xactskateshop.com\/fr\/","logo":{"@type":"ImageObject","inLanguage":"fr-FR","@id":"http:\/\/xactskateshop.com\/fr\/#\/schema\/logo\/image\/","url":"http:\/\/xactskateshop.com\/wp-content\/uploads\/2024\/04\/xactskateshop-dot-com-avec-contour-noir-sans-fond-675x.jpg","contentUrl":"http:\/\/xactskateshop.com\/wp-content\/uploads\/2024\/04\/xactskateshop-dot-com-avec-contour-noir-sans-fond-675x.jpg","width":675,"height":247,"caption":"XACT Skate Shop"},"image":{"@id":"http:\/\/xactskateshop.com\/fr\/#\/schema\/logo\/image\/"},"sameAs":["https:\/\/www.facebook.com\/JeanLouiskateshop"]}]}},"_links":{"self":[{"href":"https:\/\/xactskateshop.com\/fr\/wp-json\/wp\/v2\/product\/55185","targetHints":{"allow":["GET"]}}],"collection":[{"href":"https:\/\/xactskateshop.com\/fr\/wp-json\/wp\/v2\/product"}],"about":[{"href":"https:\/\/xactskateshop.com\/fr\/wp-json\/wp\/v2\/types\/product"}],"replies":[{"embeddable":true,"href":"https:\/\/xactskateshop.com\/fr\/wp-json\/wp\/v2\/comments?post=55185"}],"wp:featuredmedia":[{"embeddable":true,"href":"https:\/\/xactskateshop.com\/fr\/wp-json\/wp\/v2\/media\/43963"}],"wp:attachment":[{"href":"https:\/\/xactskateshop.com\/fr\/wp-json\/wp\/v2\/media?parent=55185"}],"wp:term":[{"taxonomy":"product_brand","embeddable":true,"href":"https:\/\/xactskateshop.com\/fr\/wp-json\/wp\/v2\/product_brand?post=55185"},{"taxonomy":"product_cat","embeddable":true,"href":"https:\/\/xactskateshop.com\/fr\/wp-json\/wp\/v2\/product_cat?post=55185"},{"taxonomy":"product_tag","embeddable":true,"href":"https:\/\/xactskateshop.com\/fr\/wp-json\/wp\/v2\/product_tag?post=55185"}],"curies":[{"name":"wp","href":"https:\/\/api.w.org\/{rel}","templated":true}]}}