{"id":55180,"date":"2024-06-08T15:49:32","date_gmt":"2024-06-08T19:49:32","guid":{"rendered":"http:\/\/xactskateshop.com\/product\/lames-kromkamp-asr3-st\/"},"modified":"2025-12-30T17:23:21","modified_gmt":"2025-12-30T22:23:21","slug":"lames-kromkamp-asr3-st","status":"publish","type":"product","link":"https:\/\/xactskateshop.com\/fr\/produit\/lames-kromkamp-asr3-st\/","title":{"rendered":"Lames KROMKAMP ASR3 ST"},"content":{"rendered":"<h2>Lames KROMKAMP ASR3<\/h2>\n<p>Les lames KROMKAMP ASR3 ST sont fabriqu\u00e9es avec un tube professionnel pour les patineurs de haut niveau de poids l\u00e9ger \u00e0 moyen (jusqu&#8217;\u00e0 140lbs) qui ont besoin de flexion dans la lame tout en voulant un tube rigide.<\/p>\n<h3>Sp\u00e9cifications :<\/h3>\n<ul>\n<li>Tube de patin en aluminium s\u00e9rie 7000<\/li>\n<li>L\u00e9g\u00e8rement frais\u00e9 sous le tube, rigide sur le dessus du tube<\/li>\n<li>Coupelles l\u00e9g\u00e8res en aluminium des s\u00e9ries 6000 et 7000 possibles<\/li>\n<li>Acier bi-m\u00e9tal ou PM, acier bi-m\u00e9tal ou PM s\u00e9lectionn\u00e9 \u00e0 la main, acier bi-m\u00e9tal ou PM s\u00e9lectionn\u00e9 \u00e0 la main polissage extr\u00eamement fin<\/li>\n<li>Pr\u00e9-coude de 25 m de rayon<\/li>\n<li>Profil 9m de rayon<\/li>\n<li>Machine \u00e0 rectifier les surfaces, acier rectifi\u00e9 avec pr\u00e9cision<\/li>\n<li>Tailles disponibles 17&#8243;-17,5&#8243;<\/li>\n<li>Lames \u00e9quivalentes : Evo Quarq, EHS QCS<\/li>\n<\/ul>\n<h3><span style=\"color: #ff0000;\"><strong>VEUILLEZ INDIQUER VOTRE TAILLE DE BONNET DANS LA CASE COMMENTAIRE<\/strong><\/span><\/h3>\n<p><span style=\"color: #ff0000;\"><strong>  DE : -1 (24mm) \u00e0 +10 (35mm)<\/strong><\/span><\/p>\n<hr>\n<h3><span style=\"color: #ff0000;\"><strong style=\"font-size: 16px;\">Voici un guide pour vous aider \u00e0 choisir la bonne lame :<\/strong><\/span><\/h3>\n<p style=\"font-size: 16px; font-style: normal; font-weight: 400;\"><span style=\"color: #ff0000;\"><em style=\"font-size: 16px;\">Le nom de la lame comprend le type de patineur et le type de rayon du tube.<\/em><\/span><\/p>\n<p style=\"font-size: 16px; font-style: normal; font-weight: 400;\"><span style=\"color: #ff0000;\"><strong style=\"font-size: 16px;\">Type de patineur<\/strong><\/span><\/p>\n<ul style=\"font-size: 16px; font-style: normal; font-weight: 400;\">\n<li style=\"font-size: 16px;\"><span style=\"color: #ff0000;\">C : Patins pour enfants, aluminium flexible<\/span><\/li>\n<li style=\"font-size: 16px;\"><span style=\"color: #ff0000;\">L : Aluminium l\u00e9ger et flexible<\/span><\/li>\n<li style=\"font-size: 16px;\"><span style=\"color: #ff0000;\">A : Moyenne, flexion standard<\/span><\/li>\n<li style=\"font-size: 16px;\"><span style=\"color: #ff0000;\">AS : Rigidit\u00e9 moyenne, tube flexible avec tube sup\u00e9rieur plus rigide<\/span><\/li>\n<li style=\"font-size: 16px;\"><span style=\"color: #ff0000;\">S : Tube rigide, rigide avec tube sup\u00e9rieur rigide<\/span><\/li>\n<\/ul>\n<p style=\"font-size: 16px; font-style: normal; font-weight: 400;\"><span style=\"color: #ff0000;\"><strong style=\"font-size: 16px;\">Type de rayon du bas du tube :<\/strong><\/span><\/p>\n<ul style=\"font-size: 16px; font-style: normal; font-weight: 400;\">\n<li style=\"font-size: 16px;\"><span style=\"color: #ff0000;\">R8 : Tube con\u00e7u pour les enfants.<\/span><\/li>\n<li style=\"font-size: 16px;\"><span style=\"color: #ff0000;\">R3 : Tube con\u00e7u pour \u00eatre flex pour les patineurs l\u00e9gers<\/span><\/li>\n<li style=\"font-size: 16px;\"><span style=\"color: #ff0000;\">R11 : Tube con\u00e7u pour \u00eatre plus rigide pour les patineurs plus agressifs\/plus lourds.<\/span><\/li>\n<\/ul>\n<hr>\n<h6><span style=\"color: #ff0000;\">Pr\u00e9paration des lames : Nous faisons un berceau progressif ST-9 sur ces lames.<\/span> <a href=\"http:\/\/xactskateshop.com\/product\/short-track-blade-rockering\/\">(voir les num\u00e9ros ici)<\/a> <span style=\"color: #ff0000;\">ainsi que la courbe correspondante<\/span><\/h6>\n<p>En savoir plus sur Kromkamp <a href=\"https:\/\/www.facebook.com\/p\/Kromkamp-skates-100063926915184\/\">ici<\/a><\/p>\n<p>Voir d&#8217;autres mod\u00e8les <a href=\"http:\/\/xactskateshop.com\/product-category\/speed-skating\/short-track\/short-track-blades-and-parts\/\">ici<\/a><\/p>\n","protected":false},"excerpt":{"rendered":"<p>&nbsp;<\/p>\n<hr>\n<p style=\"text-align: center;\">Tube professionnel pour les patineurs de haut niveau de poids l\u00e9ger \u00e0 moyen qui ont besoin de flexion dans la lame tout en voulant un tube rigide.<\/p>\n<hr>\n<p>&nbsp;<\/p>\n","protected":false},"featured_media":43286,"comment_status":"open","ping_status":"closed","template":"","meta":{"site-sidebar-layout":"default","site-content-layout":"default","ast-site-content-layout":"default","site-content-style":"default","site-sidebar-style":"default","ast-global-header-display":"","ast-banner-title-visibility":"","ast-main-header-display":"","ast-hfb-above-header-display":"","ast-hfb-below-header-display":"","ast-hfb-mobile-header-display":"","site-post-title":"","ast-breadcrumbs-content":"","ast-featured-img":"","footer-sml-layout":"","theme-transparent-header-meta":"default","adv-header-id-meta":"","stick-header-meta":"","header-above-stick-meta":"","header-main-stick-meta":"","header-below-stick-meta":"","astra-migrate-meta-layouts":"set","ast-page-background-enabled":"default","ast-page-background-meta":{"desktop":{"background-color":"","background-image":"","background-repeat":"repeat","background-position":"center center","background-size":"auto","background-attachment":"scroll","background-type":"","background-media":"","overlay-type":"","overlay-color":"","overlay-opacity":"","overlay-gradient":""},"tablet":{"background-color":"","background-image":"","background-repeat":"repeat","background-position":"center center","background-size":"auto","background-attachment":"scroll","background-type":"","background-media":"","overlay-type":"","overlay-color":"","overlay-opacity":"","overlay-gradient":""},"mobile":{"background-color":"","background-image":"","background-repeat":"repeat","background-position":"center center","background-size":"auto","background-attachment":"scroll","background-type":"","background-media":"","overlay-type":"","overlay-color":"","overlay-opacity":"","overlay-gradient":""}},"ast-content-background-meta":{"desktop":{"background-color":"var(--ast-global-color-5)","background-image":"","background-repeat":"repeat","background-position":"center center","background-size":"auto","background-attachment":"scroll","background-type":"","background-media":"","overlay-type":"","overlay-color":"","overlay-opacity":"","overlay-gradient":""},"tablet":{"background-color":"var(--ast-global-color-5)","background-image":"","background-repeat":"repeat","background-position":"center center","background-size":"auto","background-attachment":"scroll","background-type":"","background-media":"","overlay-type":"","overlay-color":"","overlay-opacity":"","overlay-gradient":""},"mobile":{"background-color":"var(--ast-global-color-5)","background-image":"","background-repeat":"repeat","background-position":"center center","background-size":"auto","background-attachment":"scroll","background-type":"","background-media":"","overlay-type":"","overlay-color":"","overlay-opacity":"","overlay-gradient":""}}},"product_brand":[],"product_cat":[1354,1457,1353],"product_tag":[2468],"class_list":{"0":"post-55180","1":"product","2":"type-product","3":"status-publish","4":"has-post-thumbnail","6":"product_cat-courte-piste","7":"product_cat-lames-et-pieces-patinage-de-vitesse-courte-piste","8":"product_cat-patinage-de-vitesse","9":"product_tag-lames-de-la-rue-kromkamp","10":"desktop-align-center","11":"tablet-align-center","12":"mobile-align-center","13":"ast-product-gallery-layout-horizontal","14":"ast-product-gallery-with-no-image","15":"ast-product-single-variable","16":"ast-product-tabs-layout-horizontal","17":"ast-qv-on-image","19":"first","20":"instock","21":"taxable","22":"shipping-taxable","23":"purchasable","24":"product-type-variable"},"bundled_by":[],"bundle_stock_status":"instock","bundle_stock_quantity":null,"bundle_virtual":false,"bundle_layout":"","bundle_add_to_cart_form_location":"","bundle_editable_in_cart":false,"bundle_sold_individually_context":"","bundle_item_grouping":"","bundle_min_size":"","bundle_max_size":"","bundle_price":[],"bundled_items":[],"bundle_sell_ids":[],"yoast_head":"<!-- This site is optimized with the Yoast SEO plugin v27.4 - https:\/\/yoast.com\/product\/yoast-seo-wordpress\/ -->\n<title>Lames KROMKAMP ASR3 -Xact Skate Shop%.<\/title>\n<meta name=\"description\" content=\"Lames KROMKAMP ASR3 ST. Tube professionnel pour les patineurs de haut niveau de poids l\u00e9ger \u00e0 moyen qui ont besoin de flexion dans la lame tout en voulant un tube rigide.\" \/>\n<meta name=\"robots\" content=\"index, follow, max-snippet:-1, max-image-preview:large, max-video-preview:-1\" \/>\n<link rel=\"canonical\" href=\"https:\/\/xactskateshop.com\/fr\/produit\/lames-kromkamp-asr3-st\/\" \/>\n<meta property=\"og:locale\" content=\"fr_FR\" \/>\n<meta property=\"og:type\" content=\"article\" \/>\n<meta property=\"og:title\" content=\"Lames KROMKAMP ASR3 -Xact Skate Shop%.\" \/>\n<meta property=\"og:description\" content=\"Lames KROMKAMP ASR3 ST. Tube professionnel pour les patineurs de haut niveau de poids l\u00e9ger \u00e0 moyen qui ont besoin de flexion dans la lame tout en voulant un tube rigide.\" \/>\n<meta property=\"og:url\" content=\"https:\/\/xactskateshop.com\/fr\/produit\/lames-kromkamp-asr3-st\/\" \/>\n<meta property=\"og:site_name\" content=\"Xact Skate Shop\" \/>\n<meta property=\"article:publisher\" content=\"https:\/\/www.facebook.com\/JeanLouiskateshop\" \/>\n<meta property=\"article:modified_time\" content=\"2025-12-30T22:23:21+00:00\" \/>\n<meta property=\"og:image\" content=\"https:\/\/xactskateshop.com\/wp-content\/uploads\/2024\/06\/ASR3.jpg\" \/>\n\t<meta property=\"og:image:width\" content=\"1000\" \/>\n\t<meta property=\"og:image:height\" content=\"1000\" \/>\n\t<meta property=\"og:image:type\" content=\"image\/jpeg\" \/>\n<meta name=\"twitter:card\" content=\"summary_large_image\" \/>\n<meta name=\"twitter:label1\" content=\"Dur\u00e9e de lecture estim\u00e9e\" \/>\n\t<meta name=\"twitter:data1\" content=\"2 minutes\" \/>\n<script type=\"application\/ld+json\" class=\"yoast-schema-graph\">{\"@context\":\"https:\\\/\\\/schema.org\",\"@graph\":[{\"@type\":\"WebPage\",\"@id\":\"https:\\\/\\\/xactskateshop.com\\\/fr\\\/produit\\\/lames-kromkamp-asr3-st\\\/\",\"url\":\"https:\\\/\\\/xactskateshop.com\\\/fr\\\/produit\\\/lames-kromkamp-asr3-st\\\/\",\"name\":\"Lames KROMKAMP ASR3 -Xact Skate Shop%.\",\"isPartOf\":{\"@id\":\"http:\\\/\\\/xactskateshop.com\\\/fr\\\/#website\"},\"primaryImageOfPage\":{\"@id\":\"https:\\\/\\\/xactskateshop.com\\\/fr\\\/produit\\\/lames-kromkamp-asr3-st\\\/#primaryimage\"},\"image\":{\"@id\":\"https:\\\/\\\/xactskateshop.com\\\/fr\\\/produit\\\/lames-kromkamp-asr3-st\\\/#primaryimage\"},\"thumbnailUrl\":\"https:\\\/\\\/xactskateshop.com\\\/wp-content\\\/uploads\\\/2024\\\/06\\\/ASR3.jpg\",\"datePublished\":\"2024-06-08T19:49:32+00:00\",\"dateModified\":\"2025-12-30T22:23:21+00:00\",\"description\":\"Lames KROMKAMP ASR3 ST. Tube professionnel pour les patineurs de haut niveau de poids l\u00e9ger \u00e0 moyen qui ont besoin de flexion dans la lame tout en voulant un tube rigide.\",\"breadcrumb\":{\"@id\":\"https:\\\/\\\/xactskateshop.com\\\/fr\\\/produit\\\/lames-kromkamp-asr3-st\\\/#breadcrumb\"},\"inLanguage\":\"fr-FR\",\"potentialAction\":[{\"@type\":\"ReadAction\",\"target\":[\"https:\\\/\\\/xactskateshop.com\\\/fr\\\/produit\\\/lames-kromkamp-asr3-st\\\/\"]}]},{\"@type\":\"ImageObject\",\"inLanguage\":\"fr-FR\",\"@id\":\"https:\\\/\\\/xactskateshop.com\\\/fr\\\/produit\\\/lames-kromkamp-asr3-st\\\/#primaryimage\",\"url\":\"https:\\\/\\\/xactskateshop.com\\\/wp-content\\\/uploads\\\/2024\\\/06\\\/ASR3.jpg\",\"contentUrl\":\"https:\\\/\\\/xactskateshop.com\\\/wp-content\\\/uploads\\\/2024\\\/06\\\/ASR3.jpg\",\"width\":1000,\"height\":1000,\"caption\":\"Lames KROMKAMP ASR3\"},{\"@type\":\"BreadcrumbList\",\"@id\":\"https:\\\/\\\/xactskateshop.com\\\/fr\\\/produit\\\/lames-kromkamp-asr3-st\\\/#breadcrumb\",\"itemListElement\":[{\"@type\":\"ListItem\",\"position\":1,\"name\":\"Home\",\"item\":\"https:\\\/\\\/xactskateshop.com\\\/fr\\\/accueil\\\/\"},{\"@type\":\"ListItem\",\"position\":2,\"name\":\"Boutique\",\"item\":\"https:\\\/\\\/xactskateshop.com\\\/shop\\\/\"},{\"@type\":\"ListItem\",\"position\":3,\"name\":\"Lames KROMKAMP ASR3 ST\"}]},{\"@type\":\"WebSite\",\"@id\":\"http:\\\/\\\/xactskateshop.com\\\/fr\\\/#website\",\"url\":\"http:\\\/\\\/xactskateshop.com\\\/fr\\\/\",\"name\":\"Xact Skate Shop\",\"description\":\"Un site utilisant WordPress\",\"publisher\":{\"@id\":\"http:\\\/\\\/xactskateshop.com\\\/fr\\\/#organization\"},\"potentialAction\":[{\"@type\":\"SearchAction\",\"target\":{\"@type\":\"EntryPoint\",\"urlTemplate\":\"http:\\\/\\\/xactskateshop.com\\\/fr\\\/?s={search_term_string}\"},\"query-input\":{\"@type\":\"PropertyValueSpecification\",\"valueRequired\":true,\"valueName\":\"search_term_string\"}}],\"inLanguage\":\"fr-FR\"},{\"@type\":\"Organization\",\"@id\":\"http:\\\/\\\/xactskateshop.com\\\/fr\\\/#organization\",\"name\":\"XACT Skate Shop\",\"url\":\"http:\\\/\\\/xactskateshop.com\\\/fr\\\/\",\"logo\":{\"@type\":\"ImageObject\",\"inLanguage\":\"fr-FR\",\"@id\":\"http:\\\/\\\/xactskateshop.com\\\/fr\\\/#\\\/schema\\\/logo\\\/image\\\/\",\"url\":\"http:\\\/\\\/xactskateshop.com\\\/wp-content\\\/uploads\\\/2024\\\/04\\\/xactskateshop-dot-com-avec-contour-noir-sans-fond-675x.jpg\",\"contentUrl\":\"http:\\\/\\\/xactskateshop.com\\\/wp-content\\\/uploads\\\/2024\\\/04\\\/xactskateshop-dot-com-avec-contour-noir-sans-fond-675x.jpg\",\"width\":675,\"height\":247,\"caption\":\"XACT Skate Shop\"},\"image\":{\"@id\":\"http:\\\/\\\/xactskateshop.com\\\/fr\\\/#\\\/schema\\\/logo\\\/image\\\/\"},\"sameAs\":[\"https:\\\/\\\/www.facebook.com\\\/JeanLouiskateshop\"]}]}<\/script>\n<!-- \/ Yoast SEO plugin. -->","yoast_head_json":{"title":"Lames KROMKAMP ASR3 -Xact Skate Shop%.","description":"Lames KROMKAMP ASR3 ST. Tube professionnel pour les patineurs de haut niveau de poids l\u00e9ger \u00e0 moyen qui ont besoin de flexion dans la lame tout en voulant un tube rigide.","robots":{"index":"index","follow":"follow","max-snippet":"max-snippet:-1","max-image-preview":"max-image-preview:large","max-video-preview":"max-video-preview:-1"},"canonical":"https:\/\/xactskateshop.com\/fr\/produit\/lames-kromkamp-asr3-st\/","og_locale":"fr_FR","og_type":"article","og_title":"Lames KROMKAMP ASR3 -Xact Skate Shop%.","og_description":"Lames KROMKAMP ASR3 ST. Tube professionnel pour les patineurs de haut niveau de poids l\u00e9ger \u00e0 moyen qui ont besoin de flexion dans la lame tout en voulant un tube rigide.","og_url":"https:\/\/xactskateshop.com\/fr\/produit\/lames-kromkamp-asr3-st\/","og_site_name":"Xact Skate Shop","article_publisher":"https:\/\/www.facebook.com\/JeanLouiskateshop","article_modified_time":"2025-12-30T22:23:21+00:00","og_image":[{"width":1000,"height":1000,"url":"https:\/\/xactskateshop.com\/wp-content\/uploads\/2024\/06\/ASR3.jpg","type":"image\/jpeg"}],"twitter_card":"summary_large_image","twitter_misc":{"Dur\u00e9e de lecture estim\u00e9e":"2 minutes"},"schema":{"@context":"https:\/\/schema.org","@graph":[{"@type":"WebPage","@id":"https:\/\/xactskateshop.com\/fr\/produit\/lames-kromkamp-asr3-st\/","url":"https:\/\/xactskateshop.com\/fr\/produit\/lames-kromkamp-asr3-st\/","name":"Lames KROMKAMP ASR3 -Xact Skate Shop%.","isPartOf":{"@id":"http:\/\/xactskateshop.com\/fr\/#website"},"primaryImageOfPage":{"@id":"https:\/\/xactskateshop.com\/fr\/produit\/lames-kromkamp-asr3-st\/#primaryimage"},"image":{"@id":"https:\/\/xactskateshop.com\/fr\/produit\/lames-kromkamp-asr3-st\/#primaryimage"},"thumbnailUrl":"https:\/\/xactskateshop.com\/wp-content\/uploads\/2024\/06\/ASR3.jpg","datePublished":"2024-06-08T19:49:32+00:00","dateModified":"2025-12-30T22:23:21+00:00","description":"Lames KROMKAMP ASR3 ST. Tube professionnel pour les patineurs de haut niveau de poids l\u00e9ger \u00e0 moyen qui ont besoin de flexion dans la lame tout en voulant un tube rigide.","breadcrumb":{"@id":"https:\/\/xactskateshop.com\/fr\/produit\/lames-kromkamp-asr3-st\/#breadcrumb"},"inLanguage":"fr-FR","potentialAction":[{"@type":"ReadAction","target":["https:\/\/xactskateshop.com\/fr\/produit\/lames-kromkamp-asr3-st\/"]}]},{"@type":"ImageObject","inLanguage":"fr-FR","@id":"https:\/\/xactskateshop.com\/fr\/produit\/lames-kromkamp-asr3-st\/#primaryimage","url":"https:\/\/xactskateshop.com\/wp-content\/uploads\/2024\/06\/ASR3.jpg","contentUrl":"https:\/\/xactskateshop.com\/wp-content\/uploads\/2024\/06\/ASR3.jpg","width":1000,"height":1000,"caption":"Lames KROMKAMP ASR3"},{"@type":"BreadcrumbList","@id":"https:\/\/xactskateshop.com\/fr\/produit\/lames-kromkamp-asr3-st\/#breadcrumb","itemListElement":[{"@type":"ListItem","position":1,"name":"Home","item":"https:\/\/xactskateshop.com\/fr\/accueil\/"},{"@type":"ListItem","position":2,"name":"Boutique","item":"https:\/\/xactskateshop.com\/shop\/"},{"@type":"ListItem","position":3,"name":"Lames KROMKAMP ASR3 ST"}]},{"@type":"WebSite","@id":"http:\/\/xactskateshop.com\/fr\/#website","url":"http:\/\/xactskateshop.com\/fr\/","name":"Xact Skate Shop","description":"Un site utilisant WordPress","publisher":{"@id":"http:\/\/xactskateshop.com\/fr\/#organization"},"potentialAction":[{"@type":"SearchAction","target":{"@type":"EntryPoint","urlTemplate":"http:\/\/xactskateshop.com\/fr\/?s={search_term_string}"},"query-input":{"@type":"PropertyValueSpecification","valueRequired":true,"valueName":"search_term_string"}}],"inLanguage":"fr-FR"},{"@type":"Organization","@id":"http:\/\/xactskateshop.com\/fr\/#organization","name":"XACT Skate Shop","url":"http:\/\/xactskateshop.com\/fr\/","logo":{"@type":"ImageObject","inLanguage":"fr-FR","@id":"http:\/\/xactskateshop.com\/fr\/#\/schema\/logo\/image\/","url":"http:\/\/xactskateshop.com\/wp-content\/uploads\/2024\/04\/xactskateshop-dot-com-avec-contour-noir-sans-fond-675x.jpg","contentUrl":"http:\/\/xactskateshop.com\/wp-content\/uploads\/2024\/04\/xactskateshop-dot-com-avec-contour-noir-sans-fond-675x.jpg","width":675,"height":247,"caption":"XACT Skate Shop"},"image":{"@id":"http:\/\/xactskateshop.com\/fr\/#\/schema\/logo\/image\/"},"sameAs":["https:\/\/www.facebook.com\/JeanLouiskateshop"]}]}},"_links":{"self":[{"href":"https:\/\/xactskateshop.com\/fr\/wp-json\/wp\/v2\/product\/55180","targetHints":{"allow":["GET"]}}],"collection":[{"href":"https:\/\/xactskateshop.com\/fr\/wp-json\/wp\/v2\/product"}],"about":[{"href":"https:\/\/xactskateshop.com\/fr\/wp-json\/wp\/v2\/types\/product"}],"replies":[{"embeddable":true,"href":"https:\/\/xactskateshop.com\/fr\/wp-json\/wp\/v2\/comments?post=55180"}],"wp:featuredmedia":[{"embeddable":true,"href":"https:\/\/xactskateshop.com\/fr\/wp-json\/wp\/v2\/media\/43286"}],"wp:attachment":[{"href":"https:\/\/xactskateshop.com\/fr\/wp-json\/wp\/v2\/media?parent=55180"}],"wp:term":[{"taxonomy":"product_brand","embeddable":true,"href":"https:\/\/xactskateshop.com\/fr\/wp-json\/wp\/v2\/product_brand?post=55180"},{"taxonomy":"product_cat","embeddable":true,"href":"https:\/\/xactskateshop.com\/fr\/wp-json\/wp\/v2\/product_cat?post=55180"},{"taxonomy":"product_tag","embeddable":true,"href":"https:\/\/xactskateshop.com\/fr\/wp-json\/wp\/v2\/product_tag?post=55180"}],"curies":[{"name":"wp","href":"https:\/\/api.w.org\/{rel}","templated":true}]}}