{"id":55146,"date":"2024-05-23T16:47:28","date_gmt":"2024-05-23T20:47:28","guid":{"rendered":"http:\/\/xactskateshop.com\/product\/bladetech-pro-carbon-crosse-de-hockey-intermediaire\/"},"modified":"2025-10-03T12:40:39","modified_gmt":"2025-10-03T16:40:39","slug":"baton-de-hockey-bladetech-pro-carbon-intermediaire","status":"publish","type":"product","link":"https:\/\/xactskateshop.com\/fr\/produit\/baton-de-hockey-bladetech-pro-carbon-intermediaire\/","title":{"rendered":"B\u00e2ton de hockey BLADETECH PRO Carbon interm\u00e9diaire"},"content":{"rendered":"<h2>Bienvenue \u00e0 <em>Bladetech Hockey Performance <\/em><\/h2>\n<p>B\u00e2ton de hockey BLADETECH PRO Carbon interm\u00e9diaire<\/p>\n<h4>DESCRIPTION DU PRODUIT<\/h4>\n<p>Obtenez des b\u00e2tons de pro \u00e0 des prix de pro ! Une fibre de carbone pure, 100% noire, con\u00e7ue pour les meilleures performances. Le Bladetech Blackout ne fait pas de compromis : le m\u00eame b\u00e2ton haut de gamme, sans autocollants co\u00fbteux. Nous offrons une vari\u00e9t\u00e9 de courbes et de flexions pour vous permettre de vous adapter. Combinez avec un autre b\u00e2ton ou des lames pour obtenir l&#8217;ultime ensemble de performance au hockey !<\/p>\n<h4>CARACT\u00c9RISTIQUES :<\/h4>\n<ul>\n<li>375 grammes !<\/li>\n<li>100% fibre de carbone<\/li>\n<li>Grip Finish Shaft<\/li>\n<li>Coup de pied bas<\/li>\n<li>Int. Flexes = 55, 65<\/li>\n<li>Hauteur 62&#8243;<\/li>\n<li>Mensonge standard : 5,5\u00b0.<\/li>\n<li>Pas de garantie sur les b\u00e2tons Blackout&#8230;<\/li>\n<\/ul>\n<h4>COURBES :<\/h4>\n<ul>\n<li>P92 (identique \u00e0 P29, W03, TC2, TC2.5) (Crosby, Henrique, Sakic, Matthews)<\/li>\n<li>P28 (identique \u00e0 W28, TC3, TC4) (McDavid, Eichel, Gallagher)<\/li>\n<li>P88 (idem P80, W88, MC) (P. Kane, Ovechkin, Gaudreau, Lindros)<\/li>\n<li>P90TM (Tavares, Benn)<\/li>\n<\/ul>\n<p>Voir d&#8217;autres produits Bladetech <a href=\"http:\/\/xactskateshop.com\/product-category\/recrational-skating\/hockey\/hockey-skates-accessories\/\">ici<\/a><\/p>\n<p>Pour en savoir plus sur Bladetech <a href=\"https:\/\/bladetechhockey.ca\/\">, cliquez ici<\/a><\/p>\n","protected":false},"excerpt":{"rendered":"<hr \/>\n<p style=\"text-align: center;\">B\u00e2ton de hockey BLADETECH PRO Carbon interm\u00e9diaire. Obtenez des b\u00e2tons de pro \u00e0 des prix de pro ! Fibre de carbone pure, 100% noire, con\u00e7ue pour les meilleures performances.<\/p>\n<hr \/>\n<p>&nbsp;<\/p>\n","protected":false},"featured_media":42935,"comment_status":"closed","ping_status":"closed","template":"","meta":{"site-sidebar-layout":"default","site-content-layout":"","ast-site-content-layout":"default","site-content-style":"default","site-sidebar-style":"default","ast-global-header-display":"","ast-banner-title-visibility":"","ast-main-header-display":"","ast-hfb-above-header-display":"","ast-hfb-below-header-display":"","ast-hfb-mobile-header-display":"","site-post-title":"","ast-breadcrumbs-content":"","ast-featured-img":"","footer-sml-layout":"","theme-transparent-header-meta":"default","adv-header-id-meta":"","stick-header-meta":"","header-above-stick-meta":"","header-main-stick-meta":"","header-below-stick-meta":"","astra-migrate-meta-layouts":"set","ast-page-background-enabled":"default","ast-page-background-meta":{"desktop":{"background-color":"","background-image":"","background-repeat":"repeat","background-position":"center center","background-size":"auto","background-attachment":"scroll","background-type":"","background-media":"","overlay-type":"","overlay-color":"","overlay-opacity":"","overlay-gradient":""},"tablet":{"background-color":"","background-image":"","background-repeat":"repeat","background-position":"center center","background-size":"auto","background-attachment":"scroll","background-type":"","background-media":"","overlay-type":"","overlay-color":"","overlay-opacity":"","overlay-gradient":""},"mobile":{"background-color":"","background-image":"","background-repeat":"repeat","background-position":"center center","background-size":"auto","background-attachment":"scroll","background-type":"","background-media":"","overlay-type":"","overlay-color":"","overlay-opacity":"","overlay-gradient":""}},"ast-content-background-meta":{"desktop":{"background-color":"var(--ast-global-color-5)","background-image":"","background-repeat":"repeat","background-position":"center center","background-size":"auto","background-attachment":"scroll","background-type":"","background-media":"","overlay-type":"","overlay-color":"","overlay-opacity":"","overlay-gradient":""},"tablet":{"background-color":"var(--ast-global-color-5)","background-image":"","background-repeat":"repeat","background-position":"center center","background-size":"auto","background-attachment":"scroll","background-type":"","background-media":"","overlay-type":"","overlay-color":"","overlay-opacity":"","overlay-gradient":""},"mobile":{"background-color":"var(--ast-global-color-5)","background-image":"","background-repeat":"repeat","background-position":"center center","background-size":"auto","background-attachment":"scroll","background-type":"","background-media":"","overlay-type":"","overlay-color":"","overlay-opacity":"","overlay-gradient":""}}},"product_brand":[],"product_cat":[2631,1712],"product_tag":[2635,2632,2634,2633,2397],"class_list":{"0":"post-55146","1":"product","2":"type-product","3":"status-publish","4":"has-post-thumbnail","6":"product_cat-batons-de-hockey","7":"product_cat-hockey-fr","8":"product_tag-baton-de-hockey","9":"product_tag-baton-de-hockey-en-carbone","10":"product_tag-baton-de-hockey-en-carbone-fr","11":"product_tag-batons-de-hockey","12":"product_tag-bladetech-hockey-fr","13":"desktop-align-center","14":"tablet-align-center","15":"mobile-align-center","16":"ast-product-gallery-layout-horizontal","17":"ast-product-single-variable","18":"ast-product-tabs-layout-horizontal","19":"ast-qv-on-image","21":"first","22":"instock","23":"taxable","24":"shipping-taxable","25":"purchasable","26":"product-type-variable"},"bundled_by":[],"bundle_stock_status":"instock","bundle_stock_quantity":null,"bundle_virtual":false,"bundle_layout":"","bundle_add_to_cart_form_location":"","bundle_editable_in_cart":false,"bundle_sold_individually_context":"","bundle_item_grouping":"","bundle_min_size":"","bundle_max_size":"","bundle_price":[],"bundled_items":[],"bundle_sell_ids":[],"yoast_head":"<!-- This site is optimized with the Yoast SEO plugin v27.4 - https:\/\/yoast.com\/product\/yoast-seo-wordpress\/ -->\n<title>B\u00e2ton BLADETECH PRO Carbon interm\u00e9diaire - Xact Skate Shop<\/title>\n<meta name=\"description\" content=\"B\u00e2ton de hockey BLADETECH PRO Carbon interm\u00e9diaire. Obtenez des b\u00e2tons de pro \u00e0 des prix de pro ! con\u00e7u pour les meilleures performances.\" \/>\n<meta name=\"robots\" content=\"index, follow, max-snippet:-1, max-image-preview:large, max-video-preview:-1\" \/>\n<link rel=\"canonical\" href=\"https:\/\/xactskateshop.com\/fr\/produit\/baton-de-hockey-bladetech-pro-carbon-intermediaire\/\" \/>\n<meta property=\"og:locale\" content=\"fr_FR\" \/>\n<meta property=\"og:type\" content=\"article\" \/>\n<meta property=\"og:title\" content=\"B\u00e2ton BLADETECH PRO Carbon interm\u00e9diaire - Xact Skate Shop\" \/>\n<meta property=\"og:description\" content=\"B\u00e2ton de hockey BLADETECH PRO Carbon interm\u00e9diaire. Obtenez des b\u00e2tons de pro \u00e0 des prix de pro ! con\u00e7u pour les meilleures performances.\" \/>\n<meta property=\"og:url\" content=\"https:\/\/xactskateshop.com\/fr\/produit\/baton-de-hockey-bladetech-pro-carbon-intermediaire\/\" \/>\n<meta property=\"og:site_name\" content=\"Xact Skate Shop\" \/>\n<meta property=\"article:publisher\" content=\"https:\/\/www.facebook.com\/JeanLouiskateshop\" \/>\n<meta property=\"article:modified_time\" content=\"2025-10-03T16:40:39+00:00\" \/>\n<meta property=\"og:image\" content=\"https:\/\/xactskateshop.com\/wp-content\/uploads\/2024\/05\/stick.jpg\" \/>\n\t<meta property=\"og:image:width\" content=\"1000\" \/>\n\t<meta property=\"og:image:height\" content=\"1000\" \/>\n\t<meta property=\"og:image:type\" content=\"image\/jpeg\" \/>\n<meta name=\"twitter:card\" content=\"summary_large_image\" \/>\n<meta name=\"twitter:label1\" content=\"Dur\u00e9e de lecture estim\u00e9e\" \/>\n\t<meta name=\"twitter:data1\" content=\"1 minute\" \/>\n<script type=\"application\/ld+json\" class=\"yoast-schema-graph\">{\"@context\":\"https:\\\/\\\/schema.org\",\"@graph\":[{\"@type\":\"WebPage\",\"@id\":\"https:\\\/\\\/xactskateshop.com\\\/fr\\\/produit\\\/baton-de-hockey-bladetech-pro-carbon-intermediaire\\\/\",\"url\":\"https:\\\/\\\/xactskateshop.com\\\/fr\\\/produit\\\/baton-de-hockey-bladetech-pro-carbon-intermediaire\\\/\",\"name\":\"B\u00e2ton BLADETECH PRO Carbon interm\u00e9diaire - Xact Skate Shop\",\"isPartOf\":{\"@id\":\"http:\\\/\\\/xactskateshop.com\\\/fr\\\/#website\"},\"primaryImageOfPage\":{\"@id\":\"https:\\\/\\\/xactskateshop.com\\\/fr\\\/produit\\\/baton-de-hockey-bladetech-pro-carbon-intermediaire\\\/#primaryimage\"},\"image\":{\"@id\":\"https:\\\/\\\/xactskateshop.com\\\/fr\\\/produit\\\/baton-de-hockey-bladetech-pro-carbon-intermediaire\\\/#primaryimage\"},\"thumbnailUrl\":\"https:\\\/\\\/xactskateshop.com\\\/wp-content\\\/uploads\\\/2024\\\/05\\\/stick.jpg\",\"datePublished\":\"2024-05-23T20:47:28+00:00\",\"dateModified\":\"2025-10-03T16:40:39+00:00\",\"description\":\"B\u00e2ton de hockey BLADETECH PRO Carbon interm\u00e9diaire. Obtenez des b\u00e2tons de pro \u00e0 des prix de pro ! con\u00e7u pour les meilleures performances.\",\"breadcrumb\":{\"@id\":\"https:\\\/\\\/xactskateshop.com\\\/fr\\\/produit\\\/baton-de-hockey-bladetech-pro-carbon-intermediaire\\\/#breadcrumb\"},\"inLanguage\":\"fr-FR\",\"potentialAction\":[{\"@type\":\"ReadAction\",\"target\":[\"https:\\\/\\\/xactskateshop.com\\\/fr\\\/produit\\\/baton-de-hockey-bladetech-pro-carbon-intermediaire\\\/\"]}]},{\"@type\":\"ImageObject\",\"inLanguage\":\"fr-FR\",\"@id\":\"https:\\\/\\\/xactskateshop.com\\\/fr\\\/produit\\\/baton-de-hockey-bladetech-pro-carbon-intermediaire\\\/#primaryimage\",\"url\":\"https:\\\/\\\/xactskateshop.com\\\/wp-content\\\/uploads\\\/2024\\\/05\\\/stick.jpg\",\"contentUrl\":\"https:\\\/\\\/xactskateshop.com\\\/wp-content\\\/uploads\\\/2024\\\/05\\\/stick.jpg\",\"width\":1000,\"height\":1000,\"caption\":\"B\u00e2ton BLADETECH PRO Carbon interm\u00e9diaire\"},{\"@type\":\"BreadcrumbList\",\"@id\":\"https:\\\/\\\/xactskateshop.com\\\/fr\\\/produit\\\/baton-de-hockey-bladetech-pro-carbon-intermediaire\\\/#breadcrumb\",\"itemListElement\":[{\"@type\":\"ListItem\",\"position\":1,\"name\":\"Home\",\"item\":\"https:\\\/\\\/xactskateshop.com\\\/fr\\\/accueil\\\/\"},{\"@type\":\"ListItem\",\"position\":2,\"name\":\"Boutique\",\"item\":\"https:\\\/\\\/xactskateshop.com\\\/shop\\\/\"},{\"@type\":\"ListItem\",\"position\":3,\"name\":\"B\u00e2ton de hockey BLADETECH PRO Carbon interm\u00e9diaire\"}]},{\"@type\":\"WebSite\",\"@id\":\"http:\\\/\\\/xactskateshop.com\\\/fr\\\/#website\",\"url\":\"http:\\\/\\\/xactskateshop.com\\\/fr\\\/\",\"name\":\"Xact Skate Shop\",\"description\":\"Un site utilisant WordPress\",\"publisher\":{\"@id\":\"http:\\\/\\\/xactskateshop.com\\\/fr\\\/#organization\"},\"potentialAction\":[{\"@type\":\"SearchAction\",\"target\":{\"@type\":\"EntryPoint\",\"urlTemplate\":\"http:\\\/\\\/xactskateshop.com\\\/fr\\\/?s={search_term_string}\"},\"query-input\":{\"@type\":\"PropertyValueSpecification\",\"valueRequired\":true,\"valueName\":\"search_term_string\"}}],\"inLanguage\":\"fr-FR\"},{\"@type\":\"Organization\",\"@id\":\"http:\\\/\\\/xactskateshop.com\\\/fr\\\/#organization\",\"name\":\"XACT Skate Shop\",\"url\":\"http:\\\/\\\/xactskateshop.com\\\/fr\\\/\",\"logo\":{\"@type\":\"ImageObject\",\"inLanguage\":\"fr-FR\",\"@id\":\"http:\\\/\\\/xactskateshop.com\\\/fr\\\/#\\\/schema\\\/logo\\\/image\\\/\",\"url\":\"http:\\\/\\\/xactskateshop.com\\\/wp-content\\\/uploads\\\/2024\\\/04\\\/xactskateshop-dot-com-avec-contour-noir-sans-fond-675x.jpg\",\"contentUrl\":\"http:\\\/\\\/xactskateshop.com\\\/wp-content\\\/uploads\\\/2024\\\/04\\\/xactskateshop-dot-com-avec-contour-noir-sans-fond-675x.jpg\",\"width\":675,\"height\":247,\"caption\":\"XACT Skate Shop\"},\"image\":{\"@id\":\"http:\\\/\\\/xactskateshop.com\\\/fr\\\/#\\\/schema\\\/logo\\\/image\\\/\"},\"sameAs\":[\"https:\\\/\\\/www.facebook.com\\\/JeanLouiskateshop\"]}]}<\/script>\n<!-- \/ Yoast SEO plugin. -->","yoast_head_json":{"title":"B\u00e2ton BLADETECH PRO Carbon interm\u00e9diaire - Xact Skate Shop","description":"B\u00e2ton de hockey BLADETECH PRO Carbon interm\u00e9diaire. Obtenez des b\u00e2tons de pro \u00e0 des prix de pro ! con\u00e7u pour les meilleures performances.","robots":{"index":"index","follow":"follow","max-snippet":"max-snippet:-1","max-image-preview":"max-image-preview:large","max-video-preview":"max-video-preview:-1"},"canonical":"https:\/\/xactskateshop.com\/fr\/produit\/baton-de-hockey-bladetech-pro-carbon-intermediaire\/","og_locale":"fr_FR","og_type":"article","og_title":"B\u00e2ton BLADETECH PRO Carbon interm\u00e9diaire - Xact Skate Shop","og_description":"B\u00e2ton de hockey BLADETECH PRO Carbon interm\u00e9diaire. Obtenez des b\u00e2tons de pro \u00e0 des prix de pro ! con\u00e7u pour les meilleures performances.","og_url":"https:\/\/xactskateshop.com\/fr\/produit\/baton-de-hockey-bladetech-pro-carbon-intermediaire\/","og_site_name":"Xact Skate Shop","article_publisher":"https:\/\/www.facebook.com\/JeanLouiskateshop","article_modified_time":"2025-10-03T16:40:39+00:00","og_image":[{"width":1000,"height":1000,"url":"https:\/\/xactskateshop.com\/wp-content\/uploads\/2024\/05\/stick.jpg","type":"image\/jpeg"}],"twitter_card":"summary_large_image","twitter_misc":{"Dur\u00e9e de lecture estim\u00e9e":"1 minute"},"schema":{"@context":"https:\/\/schema.org","@graph":[{"@type":"WebPage","@id":"https:\/\/xactskateshop.com\/fr\/produit\/baton-de-hockey-bladetech-pro-carbon-intermediaire\/","url":"https:\/\/xactskateshop.com\/fr\/produit\/baton-de-hockey-bladetech-pro-carbon-intermediaire\/","name":"B\u00e2ton BLADETECH PRO Carbon interm\u00e9diaire - Xact Skate Shop","isPartOf":{"@id":"http:\/\/xactskateshop.com\/fr\/#website"},"primaryImageOfPage":{"@id":"https:\/\/xactskateshop.com\/fr\/produit\/baton-de-hockey-bladetech-pro-carbon-intermediaire\/#primaryimage"},"image":{"@id":"https:\/\/xactskateshop.com\/fr\/produit\/baton-de-hockey-bladetech-pro-carbon-intermediaire\/#primaryimage"},"thumbnailUrl":"https:\/\/xactskateshop.com\/wp-content\/uploads\/2024\/05\/stick.jpg","datePublished":"2024-05-23T20:47:28+00:00","dateModified":"2025-10-03T16:40:39+00:00","description":"B\u00e2ton de hockey BLADETECH PRO Carbon interm\u00e9diaire. Obtenez des b\u00e2tons de pro \u00e0 des prix de pro ! con\u00e7u pour les meilleures performances.","breadcrumb":{"@id":"https:\/\/xactskateshop.com\/fr\/produit\/baton-de-hockey-bladetech-pro-carbon-intermediaire\/#breadcrumb"},"inLanguage":"fr-FR","potentialAction":[{"@type":"ReadAction","target":["https:\/\/xactskateshop.com\/fr\/produit\/baton-de-hockey-bladetech-pro-carbon-intermediaire\/"]}]},{"@type":"ImageObject","inLanguage":"fr-FR","@id":"https:\/\/xactskateshop.com\/fr\/produit\/baton-de-hockey-bladetech-pro-carbon-intermediaire\/#primaryimage","url":"https:\/\/xactskateshop.com\/wp-content\/uploads\/2024\/05\/stick.jpg","contentUrl":"https:\/\/xactskateshop.com\/wp-content\/uploads\/2024\/05\/stick.jpg","width":1000,"height":1000,"caption":"B\u00e2ton BLADETECH PRO Carbon interm\u00e9diaire"},{"@type":"BreadcrumbList","@id":"https:\/\/xactskateshop.com\/fr\/produit\/baton-de-hockey-bladetech-pro-carbon-intermediaire\/#breadcrumb","itemListElement":[{"@type":"ListItem","position":1,"name":"Home","item":"https:\/\/xactskateshop.com\/fr\/accueil\/"},{"@type":"ListItem","position":2,"name":"Boutique","item":"https:\/\/xactskateshop.com\/shop\/"},{"@type":"ListItem","position":3,"name":"B\u00e2ton de hockey BLADETECH PRO Carbon interm\u00e9diaire"}]},{"@type":"WebSite","@id":"http:\/\/xactskateshop.com\/fr\/#website","url":"http:\/\/xactskateshop.com\/fr\/","name":"Xact Skate Shop","description":"Un site utilisant WordPress","publisher":{"@id":"http:\/\/xactskateshop.com\/fr\/#organization"},"potentialAction":[{"@type":"SearchAction","target":{"@type":"EntryPoint","urlTemplate":"http:\/\/xactskateshop.com\/fr\/?s={search_term_string}"},"query-input":{"@type":"PropertyValueSpecification","valueRequired":true,"valueName":"search_term_string"}}],"inLanguage":"fr-FR"},{"@type":"Organization","@id":"http:\/\/xactskateshop.com\/fr\/#organization","name":"XACT Skate Shop","url":"http:\/\/xactskateshop.com\/fr\/","logo":{"@type":"ImageObject","inLanguage":"fr-FR","@id":"http:\/\/xactskateshop.com\/fr\/#\/schema\/logo\/image\/","url":"http:\/\/xactskateshop.com\/wp-content\/uploads\/2024\/04\/xactskateshop-dot-com-avec-contour-noir-sans-fond-675x.jpg","contentUrl":"http:\/\/xactskateshop.com\/wp-content\/uploads\/2024\/04\/xactskateshop-dot-com-avec-contour-noir-sans-fond-675x.jpg","width":675,"height":247,"caption":"XACT Skate Shop"},"image":{"@id":"http:\/\/xactskateshop.com\/fr\/#\/schema\/logo\/image\/"},"sameAs":["https:\/\/www.facebook.com\/JeanLouiskateshop"]}]}},"_links":{"self":[{"href":"https:\/\/xactskateshop.com\/fr\/wp-json\/wp\/v2\/product\/55146","targetHints":{"allow":["GET"]}}],"collection":[{"href":"https:\/\/xactskateshop.com\/fr\/wp-json\/wp\/v2\/product"}],"about":[{"href":"https:\/\/xactskateshop.com\/fr\/wp-json\/wp\/v2\/types\/product"}],"replies":[{"embeddable":true,"href":"https:\/\/xactskateshop.com\/fr\/wp-json\/wp\/v2\/comments?post=55146"}],"wp:featuredmedia":[{"embeddable":true,"href":"https:\/\/xactskateshop.com\/fr\/wp-json\/wp\/v2\/media\/42935"}],"wp:attachment":[{"href":"https:\/\/xactskateshop.com\/fr\/wp-json\/wp\/v2\/media?parent=55146"}],"wp:term":[{"taxonomy":"product_brand","embeddable":true,"href":"https:\/\/xactskateshop.com\/fr\/wp-json\/wp\/v2\/product_brand?post=55146"},{"taxonomy":"product_cat","embeddable":true,"href":"https:\/\/xactskateshop.com\/fr\/wp-json\/wp\/v2\/product_cat?post=55146"},{"taxonomy":"product_tag","embeddable":true,"href":"https:\/\/xactskateshop.com\/fr\/wp-json\/wp\/v2\/product_tag?post=55146"}],"curies":[{"name":"wp","href":"https:\/\/api.w.org\/{rel}","templated":true}]}}