{"id":55080,"date":"2025-02-27T16:40:28","date_gmt":"2025-02-27T21:40:28","guid":{"rendered":"http:\/\/xactskateshop.com\/product\/embouts-abs-courte-piste-de-la-serie-x\/"},"modified":"2025-12-30T15:41:13","modified_gmt":"2025-12-30T20:41:13","slug":"embouts-abs-courte-piste-de-la-serie-x","status":"publish","type":"product","link":"https:\/\/xactskateshop.com\/fr\/produit\/embouts-abs-courte-piste-de-la-serie-x\/","title":{"rendered":"Embouts ABS X-Series"},"content":{"rendered":"<div id=\"wsite-com-product-short-description\">\n<div class=\"paragraph\">\n<p>Embouts ABS pour courte piste<\/p>\n<p>Prot\u00e8ge-doigts.<\/p>\n<ul>\n<li>Fabriqu\u00e9 en ABS durable (Injection de plastique ABS &#8211; PAS imprim\u00e9 en 3D)<\/li>\n<li>Adh\u00e8re facilement \u00e0 tous les gants en cuir et en vinyle nitrile.<\/li>\n<li>Colle incluse<\/li>\n<li>Noir<\/li>\n<\/ul>\n<p>\u00c0 propos de l&#8217;ABS :<\/p>\n<p><strong>Avantages de l&#8217;ABS :<\/strong><\/p>\n<ol>\n<li><strong>Faible co\u00fbt de production :<\/strong> L&#8217;ABS est rentable \u00e0 produire, ce qui en fait une option abordable pour les fabricants.<\/li>\n<li><strong>Usinabilit\u00e9 :<\/strong> L&#8217;ABS est facile \u00e0 usiner, ce qui en fait un choix privil\u00e9gi\u00e9 pour les fabricants de mati\u00e8res plastiques.<\/li>\n<li><strong>Propri\u00e9t\u00e9s recherch\u00e9es :<\/strong> L&#8217;ABS offre une combinaison de propri\u00e9t\u00e9s, notamment la r\u00e9sistance aux chocs, la r\u00e9sistance structurelle, la r\u00e9sistance chimique, la tenue en temp\u00e9rature, l&#8217;isolation \u00e9lectrique et la facilit\u00e9 de peinture et de collage.<\/li>\n<li><strong>Processus de polym\u00e9risation :<\/strong> L&#8217;ABS est cr\u00e9\u00e9 par la polym\u00e9risation du styr\u00e8ne et de l&#8217;acrylonitrile en pr\u00e9sence de polybutadi\u00e8ne, qui forme des liaisons chimiques fortes pour am\u00e9liorer ses propri\u00e9t\u00e9s.<\/li>\n<\/ol>\n<p><strong>Applications de l&#8217;ABS :<\/strong><\/p>\n<p>L&#8217;ABS trouve des applications dans diverses industries, notamment<\/p>\n<ol>\n<li><strong>Briques LEGO :<\/strong> L&#8217;ABS est utilis\u00e9 pour fabriquer les embl\u00e9matiques briques LEGO qui s&#8217;embo\u00eetent les unes dans les autres.<\/li>\n<li><strong>Petits appareils de cuisine :<\/strong> L&#8217;ABS est couramment utilis\u00e9 pour le bo\u00eetier et les composants des appareils de cuisine.<\/li>\n<li><strong>Capuchons de clavier :<\/strong> L&#8217;ABS est choisi pour sa durabilit\u00e9 et sa facilit\u00e9 de moulage des capuchons de clavier.<\/li>\n<li><strong>Composants automobiles :<\/strong> L&#8217;ABS est utilis\u00e9 \u00e0 l&#8217;int\u00e9rieur et \u00e0 l&#8217;ext\u00e9rieur des v\u00e9hicules pour sa solidit\u00e9 et sa r\u00e9sistance aux chocs.<\/li>\n<li><strong>Casques de protection :<\/strong> L&#8217;ABS est utilis\u00e9 dans la fabrication de casques de protection en raison de sa r\u00e9sistance aux chocs.<\/li>\n<li><strong>Instruments de musique :<\/strong> Certains composants d&#8217;instruments de musique sont fabriqu\u00e9s en ABS en raison de la combinaison de sa r\u00e9sistance et de sa facilit\u00e9 de moulage.<\/li>\n<\/ol>\n<p><strong>Technologies d&#8217;extrusion plastique :<\/strong><\/p>\n<p>Plastic Extrusion Technologies est une entreprise qui a plus de 100 ans d&#8217;exp\u00e9rience dans l&#8217;industrie des plastiques et qui utilise le mat\u00e9riau ABS pour diverses applications. Elle propose des services d&#8217;extrusion plastique et peut fournir des solutions bas\u00e9es sur l&#8217;ABS \u00e0 des entreprises du monde entier. <\/p>\n<p>En r\u00e9sum\u00e9, l&#8217;ABS est un plastique technique polyvalent qui pr\u00e9sente une s\u00e9rie d&#8217;avantages et d&#8217;applications dans tous les secteurs. Toutefois, il est important de tenir compte de ses limites lorsque vous le choisissez pour des applications sp\u00e9cifiques. <\/p>\n<p><strong>DANGER !<\/strong>  Tenir \u00e0 l&#8217;\u00e9cart des yeux. Peut provoquer une r\u00e9action allergique si la colle entre en contact avec la peau. Lisez les mises en garde figurant sur le panneau arri\u00e8re.  <\/p>\n<p>Consultez notre s\u00e9lection de gants <a href=\"http:\/\/xactskateshop.com\/product-category\/speed-skating\/short-track\/short-track-protection-gear\/gloves-tips\/\">ici<\/a><\/p>\n<p>Pour en savoir plus sur Xact Performance <a href=\"https:\/\/xactperformance.com\/\">, cliquez ici<\/a><\/p>\n<\/div>\n<\/div>\n","protected":false},"excerpt":{"rendered":"<hr>\n<p style=\"text-align: center;\">Embouts X-Series<\/p>\n<p style=\"text-align: center;\">Embouts en ABS pour courte piste<\/p>\n<p style=\"text-align: center;\">Fabriqu\u00e9 en ABS durable<\/p>\n<p style=\"text-align: center;\">Adh\u00e8re facilement \u00e0 tous les gants en cuir et en vinyle nitrile.<\/p>\n<hr>\n","protected":false},"featured_media":67773,"comment_status":"closed","ping_status":"closed","template":"","meta":{"site-sidebar-layout":"default","site-content-layout":"default","ast-site-content-layout":"default","site-content-style":"default","site-sidebar-style":"default","ast-global-header-display":"","ast-banner-title-visibility":"","ast-main-header-display":"","ast-hfb-above-header-display":"","ast-hfb-below-header-display":"","ast-hfb-mobile-header-display":"","site-post-title":"","ast-breadcrumbs-content":"","ast-featured-img":"","footer-sml-layout":"","theme-transparent-header-meta":"default","adv-header-id-meta":"","stick-header-meta":"","header-above-stick-meta":"","header-main-stick-meta":"","header-below-stick-meta":"","astra-migrate-meta-layouts":"set","ast-page-background-enabled":"default","ast-page-background-meta":{"desktop":{"background-color":"","background-image":"","background-repeat":"repeat","background-position":"center center","background-size":"auto","background-attachment":"scroll","background-type":"","background-media":"","overlay-type":"","overlay-color":"","overlay-opacity":"","overlay-gradient":""},"tablet":{"background-color":"","background-image":"","background-repeat":"repeat","background-position":"center center","background-size":"auto","background-attachment":"scroll","background-type":"","background-media":"","overlay-type":"","overlay-color":"","overlay-opacity":"","overlay-gradient":""},"mobile":{"background-color":"","background-image":"","background-repeat":"repeat","background-position":"center center","background-size":"auto","background-attachment":"scroll","background-type":"","background-media":"","overlay-type":"","overlay-color":"","overlay-opacity":"","overlay-gradient":""}},"ast-content-background-meta":{"desktop":{"background-color":"var(--ast-global-color-5)","background-image":"","background-repeat":"repeat","background-position":"center center","background-size":"auto","background-attachment":"scroll","background-type":"","background-media":"","overlay-type":"","overlay-color":"","overlay-opacity":"","overlay-gradient":""},"tablet":{"background-color":"var(--ast-global-color-5)","background-image":"","background-repeat":"repeat","background-position":"center center","background-size":"auto","background-attachment":"scroll","background-type":"","background-media":"","overlay-type":"","overlay-color":"","overlay-opacity":"","overlay-gradient":""},"mobile":{"background-color":"var(--ast-global-color-5)","background-image":"","background-repeat":"repeat","background-position":"center center","background-size":"auto","background-attachment":"scroll","background-type":"","background-media":"","overlay-type":"","overlay-color":"","overlay-opacity":"","overlay-gradient":""}}},"product_brand":[],"product_cat":[1612,1613,1353],"product_tag":[],"class_list":{"0":"post-55080","1":"product","2":"type-product","3":"status-publish","4":"has-post-thumbnail","6":"product_cat-equipement-de-protection-patinage-de-vitesse-courte-piste","7":"product_cat-gants-et-tips","8":"product_cat-patinage-de-vitesse","9":"desktop-align-center","10":"tablet-align-center","11":"mobile-align-center","12":"ast-product-gallery-layout-horizontal","13":"ast-product-single-variable","14":"ast-product-tabs-layout-horizontal","15":"ast-qv-on-image","17":"first","18":"instock","19":"taxable","20":"shipping-taxable","21":"purchasable","22":"product-type-variable"},"bundled_by":[],"bundle_stock_status":"instock","bundle_stock_quantity":null,"bundle_virtual":false,"bundle_layout":"","bundle_add_to_cart_form_location":"","bundle_editable_in_cart":false,"bundle_sold_individually_context":"","bundle_item_grouping":"","bundle_min_size":"","bundle_max_size":"","bundle_price":[],"bundled_items":[],"bundle_sell_ids":[],"yoast_head":"<!-- This site is optimized with the Yoast SEO plugin v27.4 - https:\/\/yoast.com\/product\/yoast-seo-wordpress\/ -->\n<title>Embouts ABS pour Courte Piste - Xact Skate Shop.<\/title>\n<meta name=\"description\" content=\"Embouts de protection en ABS pour gants. Protections pour le bout des doigts. Fabriqu\u00e9s en plastique r\u00e9sistant. Adh\u00e8rent facilement \u00e0 tous les gants en cuir et en vinyle nitrile. Colle incluse.\" \/>\n<meta name=\"robots\" content=\"index, follow, max-snippet:-1, max-image-preview:large, max-video-preview:-1\" \/>\n<link rel=\"canonical\" href=\"https:\/\/xactskateshop.com\/fr\/produit\/embouts-abs-courte-piste-de-la-serie-x\/\" \/>\n<meta property=\"og:locale\" content=\"fr_FR\" \/>\n<meta property=\"og:type\" content=\"article\" \/>\n<meta property=\"og:title\" content=\"Embouts ABS pour Courte Piste - Xact Skate Shop.\" \/>\n<meta property=\"og:description\" content=\"Embouts de protection en ABS pour gants. Protections pour le bout des doigts. Fabriqu\u00e9s en plastique r\u00e9sistant. Adh\u00e8rent facilement \u00e0 tous les gants en cuir et en vinyle nitrile. Colle incluse.\" \/>\n<meta property=\"og:url\" content=\"https:\/\/xactskateshop.com\/fr\/produit\/embouts-abs-courte-piste-de-la-serie-x\/\" \/>\n<meta property=\"og:site_name\" content=\"Xact Skate Shop\" \/>\n<meta property=\"article:publisher\" content=\"https:\/\/www.facebook.com\/JeanLouiskateshop\" \/>\n<meta property=\"article:modified_time\" content=\"2025-12-30T20:41:13+00:00\" \/>\n<meta property=\"og:image\" content=\"https:\/\/xactskateshop.com\/wp-content\/uploads\/2025\/02\/tips-1.jpg\" \/>\n\t<meta property=\"og:image:width\" content=\"1000\" \/>\n\t<meta property=\"og:image:height\" content=\"811\" \/>\n\t<meta property=\"og:image:type\" content=\"image\/jpeg\" \/>\n<meta name=\"twitter:card\" content=\"summary_large_image\" \/>\n<meta name=\"twitter:label1\" content=\"Dur\u00e9e de lecture estim\u00e9e\" \/>\n\t<meta name=\"twitter:data1\" content=\"2 minutes\" \/>\n<script type=\"application\/ld+json\" class=\"yoast-schema-graph\">{\"@context\":\"https:\\\/\\\/schema.org\",\"@graph\":[{\"@type\":\"WebPage\",\"@id\":\"https:\\\/\\\/xactskateshop.com\\\/fr\\\/produit\\\/embouts-abs-courte-piste-de-la-serie-x\\\/\",\"url\":\"https:\\\/\\\/xactskateshop.com\\\/fr\\\/produit\\\/embouts-abs-courte-piste-de-la-serie-x\\\/\",\"name\":\"Embouts ABS pour Courte Piste - Xact Skate Shop.\",\"isPartOf\":{\"@id\":\"http:\\\/\\\/xactskateshop.com\\\/fr\\\/#website\"},\"primaryImageOfPage\":{\"@id\":\"https:\\\/\\\/xactskateshop.com\\\/fr\\\/produit\\\/embouts-abs-courte-piste-de-la-serie-x\\\/#primaryimage\"},\"image\":{\"@id\":\"https:\\\/\\\/xactskateshop.com\\\/fr\\\/produit\\\/embouts-abs-courte-piste-de-la-serie-x\\\/#primaryimage\"},\"thumbnailUrl\":\"https:\\\/\\\/xactskateshop.com\\\/wp-content\\\/uploads\\\/2025\\\/02\\\/tips-1-1.jpg\",\"datePublished\":\"2025-02-27T21:40:28+00:00\",\"dateModified\":\"2025-12-30T20:41:13+00:00\",\"description\":\"Embouts de protection en ABS pour gants. Protections pour le bout des doigts. Fabriqu\u00e9s en plastique r\u00e9sistant. Adh\u00e8rent facilement \u00e0 tous les gants en cuir et en vinyle nitrile. Colle incluse.\",\"breadcrumb\":{\"@id\":\"https:\\\/\\\/xactskateshop.com\\\/fr\\\/produit\\\/embouts-abs-courte-piste-de-la-serie-x\\\/#breadcrumb\"},\"inLanguage\":\"fr-FR\",\"potentialAction\":[{\"@type\":\"ReadAction\",\"target\":[\"https:\\\/\\\/xactskateshop.com\\\/fr\\\/produit\\\/embouts-abs-courte-piste-de-la-serie-x\\\/\"]}]},{\"@type\":\"ImageObject\",\"inLanguage\":\"fr-FR\",\"@id\":\"https:\\\/\\\/xactskateshop.com\\\/fr\\\/produit\\\/embouts-abs-courte-piste-de-la-serie-x\\\/#primaryimage\",\"url\":\"https:\\\/\\\/xactskateshop.com\\\/wp-content\\\/uploads\\\/2025\\\/02\\\/tips-1-1.jpg\",\"contentUrl\":\"https:\\\/\\\/xactskateshop.com\\\/wp-content\\\/uploads\\\/2025\\\/02\\\/tips-1-1.jpg\",\"width\":1000,\"height\":1000},{\"@type\":\"BreadcrumbList\",\"@id\":\"https:\\\/\\\/xactskateshop.com\\\/fr\\\/produit\\\/embouts-abs-courte-piste-de-la-serie-x\\\/#breadcrumb\",\"itemListElement\":[{\"@type\":\"ListItem\",\"position\":1,\"name\":\"Home\",\"item\":\"https:\\\/\\\/xactskateshop.com\\\/fr\\\/accueil\\\/\"},{\"@type\":\"ListItem\",\"position\":2,\"name\":\"Boutique\",\"item\":\"https:\\\/\\\/xactskateshop.com\\\/shop\\\/\"},{\"@type\":\"ListItem\",\"position\":3,\"name\":\"Embouts ABS X-Series\"}]},{\"@type\":\"WebSite\",\"@id\":\"http:\\\/\\\/xactskateshop.com\\\/fr\\\/#website\",\"url\":\"http:\\\/\\\/xactskateshop.com\\\/fr\\\/\",\"name\":\"Xact Skate Shop\",\"description\":\"Un site utilisant WordPress\",\"publisher\":{\"@id\":\"http:\\\/\\\/xactskateshop.com\\\/fr\\\/#organization\"},\"potentialAction\":[{\"@type\":\"SearchAction\",\"target\":{\"@type\":\"EntryPoint\",\"urlTemplate\":\"http:\\\/\\\/xactskateshop.com\\\/fr\\\/?s={search_term_string}\"},\"query-input\":{\"@type\":\"PropertyValueSpecification\",\"valueRequired\":true,\"valueName\":\"search_term_string\"}}],\"inLanguage\":\"fr-FR\"},{\"@type\":\"Organization\",\"@id\":\"http:\\\/\\\/xactskateshop.com\\\/fr\\\/#organization\",\"name\":\"XACT Skate Shop\",\"url\":\"http:\\\/\\\/xactskateshop.com\\\/fr\\\/\",\"logo\":{\"@type\":\"ImageObject\",\"inLanguage\":\"fr-FR\",\"@id\":\"http:\\\/\\\/xactskateshop.com\\\/fr\\\/#\\\/schema\\\/logo\\\/image\\\/\",\"url\":\"http:\\\/\\\/xactskateshop.com\\\/wp-content\\\/uploads\\\/2024\\\/04\\\/xactskateshop-dot-com-avec-contour-noir-sans-fond-675x.jpg\",\"contentUrl\":\"http:\\\/\\\/xactskateshop.com\\\/wp-content\\\/uploads\\\/2024\\\/04\\\/xactskateshop-dot-com-avec-contour-noir-sans-fond-675x.jpg\",\"width\":675,\"height\":247,\"caption\":\"XACT Skate Shop\"},\"image\":{\"@id\":\"http:\\\/\\\/xactskateshop.com\\\/fr\\\/#\\\/schema\\\/logo\\\/image\\\/\"},\"sameAs\":[\"https:\\\/\\\/www.facebook.com\\\/JeanLouiskateshop\"]}]}<\/script>\n<!-- \/ Yoast SEO plugin. -->","yoast_head_json":{"title":"Embouts ABS pour Courte Piste - Xact Skate Shop.","description":"Embouts de protection en ABS pour gants. Protections pour le bout des doigts. Fabriqu\u00e9s en plastique r\u00e9sistant. Adh\u00e8rent facilement \u00e0 tous les gants en cuir et en vinyle nitrile. Colle incluse.","robots":{"index":"index","follow":"follow","max-snippet":"max-snippet:-1","max-image-preview":"max-image-preview:large","max-video-preview":"max-video-preview:-1"},"canonical":"https:\/\/xactskateshop.com\/fr\/produit\/embouts-abs-courte-piste-de-la-serie-x\/","og_locale":"fr_FR","og_type":"article","og_title":"Embouts ABS pour Courte Piste - Xact Skate Shop.","og_description":"Embouts de protection en ABS pour gants. Protections pour le bout des doigts. Fabriqu\u00e9s en plastique r\u00e9sistant. Adh\u00e8rent facilement \u00e0 tous les gants en cuir et en vinyle nitrile. Colle incluse.","og_url":"https:\/\/xactskateshop.com\/fr\/produit\/embouts-abs-courte-piste-de-la-serie-x\/","og_site_name":"Xact Skate Shop","article_publisher":"https:\/\/www.facebook.com\/JeanLouiskateshop","article_modified_time":"2025-12-30T20:41:13+00:00","og_image":[{"width":1000,"height":811,"url":"https:\/\/xactskateshop.com\/wp-content\/uploads\/2025\/02\/tips-1.jpg","type":"image\/jpeg"}],"twitter_card":"summary_large_image","twitter_misc":{"Dur\u00e9e de lecture estim\u00e9e":"2 minutes"},"schema":{"@context":"https:\/\/schema.org","@graph":[{"@type":"WebPage","@id":"https:\/\/xactskateshop.com\/fr\/produit\/embouts-abs-courte-piste-de-la-serie-x\/","url":"https:\/\/xactskateshop.com\/fr\/produit\/embouts-abs-courte-piste-de-la-serie-x\/","name":"Embouts ABS pour Courte Piste - Xact Skate Shop.","isPartOf":{"@id":"http:\/\/xactskateshop.com\/fr\/#website"},"primaryImageOfPage":{"@id":"https:\/\/xactskateshop.com\/fr\/produit\/embouts-abs-courte-piste-de-la-serie-x\/#primaryimage"},"image":{"@id":"https:\/\/xactskateshop.com\/fr\/produit\/embouts-abs-courte-piste-de-la-serie-x\/#primaryimage"},"thumbnailUrl":"https:\/\/xactskateshop.com\/wp-content\/uploads\/2025\/02\/tips-1-1.jpg","datePublished":"2025-02-27T21:40:28+00:00","dateModified":"2025-12-30T20:41:13+00:00","description":"Embouts de protection en ABS pour gants. Protections pour le bout des doigts. Fabriqu\u00e9s en plastique r\u00e9sistant. Adh\u00e8rent facilement \u00e0 tous les gants en cuir et en vinyle nitrile. Colle incluse.","breadcrumb":{"@id":"https:\/\/xactskateshop.com\/fr\/produit\/embouts-abs-courte-piste-de-la-serie-x\/#breadcrumb"},"inLanguage":"fr-FR","potentialAction":[{"@type":"ReadAction","target":["https:\/\/xactskateshop.com\/fr\/produit\/embouts-abs-courte-piste-de-la-serie-x\/"]}]},{"@type":"ImageObject","inLanguage":"fr-FR","@id":"https:\/\/xactskateshop.com\/fr\/produit\/embouts-abs-courte-piste-de-la-serie-x\/#primaryimage","url":"https:\/\/xactskateshop.com\/wp-content\/uploads\/2025\/02\/tips-1-1.jpg","contentUrl":"https:\/\/xactskateshop.com\/wp-content\/uploads\/2025\/02\/tips-1-1.jpg","width":1000,"height":1000},{"@type":"BreadcrumbList","@id":"https:\/\/xactskateshop.com\/fr\/produit\/embouts-abs-courte-piste-de-la-serie-x\/#breadcrumb","itemListElement":[{"@type":"ListItem","position":1,"name":"Home","item":"https:\/\/xactskateshop.com\/fr\/accueil\/"},{"@type":"ListItem","position":2,"name":"Boutique","item":"https:\/\/xactskateshop.com\/shop\/"},{"@type":"ListItem","position":3,"name":"Embouts ABS X-Series"}]},{"@type":"WebSite","@id":"http:\/\/xactskateshop.com\/fr\/#website","url":"http:\/\/xactskateshop.com\/fr\/","name":"Xact Skate Shop","description":"Un site utilisant WordPress","publisher":{"@id":"http:\/\/xactskateshop.com\/fr\/#organization"},"potentialAction":[{"@type":"SearchAction","target":{"@type":"EntryPoint","urlTemplate":"http:\/\/xactskateshop.com\/fr\/?s={search_term_string}"},"query-input":{"@type":"PropertyValueSpecification","valueRequired":true,"valueName":"search_term_string"}}],"inLanguage":"fr-FR"},{"@type":"Organization","@id":"http:\/\/xactskateshop.com\/fr\/#organization","name":"XACT Skate Shop","url":"http:\/\/xactskateshop.com\/fr\/","logo":{"@type":"ImageObject","inLanguage":"fr-FR","@id":"http:\/\/xactskateshop.com\/fr\/#\/schema\/logo\/image\/","url":"http:\/\/xactskateshop.com\/wp-content\/uploads\/2024\/04\/xactskateshop-dot-com-avec-contour-noir-sans-fond-675x.jpg","contentUrl":"http:\/\/xactskateshop.com\/wp-content\/uploads\/2024\/04\/xactskateshop-dot-com-avec-contour-noir-sans-fond-675x.jpg","width":675,"height":247,"caption":"XACT Skate Shop"},"image":{"@id":"http:\/\/xactskateshop.com\/fr\/#\/schema\/logo\/image\/"},"sameAs":["https:\/\/www.facebook.com\/JeanLouiskateshop"]}]}},"_links":{"self":[{"href":"https:\/\/xactskateshop.com\/fr\/wp-json\/wp\/v2\/product\/55080","targetHints":{"allow":["GET"]}}],"collection":[{"href":"https:\/\/xactskateshop.com\/fr\/wp-json\/wp\/v2\/product"}],"about":[{"href":"https:\/\/xactskateshop.com\/fr\/wp-json\/wp\/v2\/types\/product"}],"replies":[{"embeddable":true,"href":"https:\/\/xactskateshop.com\/fr\/wp-json\/wp\/v2\/comments?post=55080"}],"wp:featuredmedia":[{"embeddable":true,"href":"https:\/\/xactskateshop.com\/fr\/wp-json\/wp\/v2\/media\/67773"}],"wp:attachment":[{"href":"https:\/\/xactskateshop.com\/fr\/wp-json\/wp\/v2\/media?parent=55080"}],"wp:term":[{"taxonomy":"product_brand","embeddable":true,"href":"https:\/\/xactskateshop.com\/fr\/wp-json\/wp\/v2\/product_brand?post=55080"},{"taxonomy":"product_cat","embeddable":true,"href":"https:\/\/xactskateshop.com\/fr\/wp-json\/wp\/v2\/product_cat?post=55080"},{"taxonomy":"product_tag","embeddable":true,"href":"https:\/\/xactskateshop.com\/fr\/wp-json\/wp\/v2\/product_tag?post=55080"}],"curies":[{"name":"wp","href":"https:\/\/api.w.org\/{rel}","templated":true}]}}