{"id":55018,"date":"2024-10-30T12:21:00","date_gmt":"2024-10-30T16:21:00","guid":{"rendered":"http:\/\/xactskateshop.com\/product\/jeu-de-4-brassards-xact\/"},"modified":"2026-02-20T11:28:10","modified_gmt":"2026-02-20T16:28:10","slug":"jeu-de-4-brassards-xact","status":"publish","type":"product","link":"https:\/\/xactskateshop.com\/fr\/produit\/jeu-de-4-brassards-xact\/","title":{"rendered":"Jeu de 4 brassards Xact"},"content":{"rendered":"<p>Brassard Longue Piste<\/p>\n<p>Un ensemble de brassards sublim\u00e9s de haute qualit\u00e9 pour les patineurs de comp\u00e9tition, compos\u00e9 de quatre brassards dans les couleurs blanc, jaune, rouge et bleu. Les bretelles sont \u00e9lastiques, ce qui permet de bouger librement, mais suffisamment fermes pour \u00e9viter qu&#8217;elles ne glissent le long du bras. Une bande antid\u00e9rapante de haute qualit\u00e9 \u00e0 l&#8217;int\u00e9rieur garantit qu&#8217;ils restent en place pendant le patinage.<\/p>\n<p>Ces brassards de longue piste sont fabriqu\u00e9s au Canada par Apogee sports.<\/p>\n<p>Pour en savoir plus sur Apogee <a href=\"http:\/\/www.apogee-sports.com\">, cliquez ici<\/a><\/p>\n<p>Vous avez besoin d&#8217;am\u00e9liorer vos lames Long Track ? D\u00e9couvrez nos mod\u00e8les <a href=\"https:\/\/xactskateshop.com\/fr\/categorie-de-produits\/patinage-de-vitesse\/longue-piste\/lames-longue-piste\/\">ici<\/a><\/p>\n<h5>Qu&#8217;est-ce que le tissu Lycra ?<\/h5>\n<p>Le tissu Lycra, \u00e9galement connu sous le nom de spandex ou d&#8217;\u00e9lasthanne, est une fibre synth\u00e9tique connue pour son \u00e9lasticit\u00e9 exceptionnelle. Il a \u00e9t\u00e9 mis au point au d\u00e9but des ann\u00e9es 1960 par le chimiste Joseph Shivers au laboratoire Benger de DuPont en Virginie, aux \u00c9tats-Unis. Le lycra est compos\u00e9 d&#8217;un polym\u00e8re \u00e0 longue cha\u00eene appel\u00e9 polyur\u00e9thane, connu pour son extensibilit\u00e9 et sa r\u00e9sistance. Lorsqu&#8217;il est tiss\u00e9 ou tricot\u00e9, le Lycra offre des propri\u00e9t\u00e9s d&#8217;\u00e9tirement et de r\u00e9cup\u00e9ration in\u00e9gal\u00e9es, ce qui en fait un mat\u00e9riau essentiel pour la production de divers v\u00eatements et textiles.   <\/p>\n<h5>Comment le tissu Lycra est-il fabriqu\u00e9 ?<br \/>\nLe processus de production du tissu Lycra comporte plusieurs \u00e9tapes :<\/h5>\n<p>Polym\u00e9risation du polyur\u00e9thane : Le processus commence par la polym\u00e9risation du polyur\u00e9thane, qui implique la r\u00e9action des diisocyanates avec les diols. Il en r\u00e9sulte la formation de polym\u00e8res \u00e0 longue cha\u00eene avec une alternance de segments rigides et flexibles. <\/p>\n<p>Filature : Une fois le polym\u00e8re de polyur\u00e9thane synth\u00e9tis\u00e9, il est fil\u00e9 en fibres par un proc\u00e9d\u00e9 appel\u00e9 filage \u00e0 sec ou filage par fusion. Dans le cas de la filature \u00e0 sec, le polym\u00e8re est dissous dans un solvant, extrud\u00e9 \u00e0 travers des fili\u00e8res, puis solidifi\u00e9 en fibres par \u00e9vaporation du solvant. Dans le cas de la filature par fusion, le polym\u00e8re est fondu et extrud\u00e9 \u00e0 travers des fili\u00e8res, puis refroidi pour former des fibres solides.  <\/p>\n<p>\u00c9tirage : Les fibres fil\u00e9es sont ensuite \u00e9tir\u00e9es pour aligner les cha\u00eenes mol\u00e9culaires, ce qui renforce leur r\u00e9sistance et leur \u00e9lasticit\u00e9. Ce processus d&#8217;\u00e9tirage est essentiel pour obtenir les propri\u00e9t\u00e9s d&#8217;\u00e9lasticit\u00e9 souhait\u00e9es du tissu Lycra. <\/p>\n<p>Finition : apr\u00e8s l&#8217;\u00e9tirage, les fibres peuvent \u00eatre soumises \u00e0 divers proc\u00e9d\u00e9s de finition tels que le thermofixage, la teinture et la lubrification afin d&#8217;am\u00e9liorer leur apparence, leur couleur et leurs caract\u00e9ristiques de manipulation.<\/p>\n<p>Tissage ou tricotage : Enfin, les fibres de Lycra sont tiss\u00e9es ou tricot\u00e9es en tissu avec d&#8217;autres fibres telles que le coton, le polyester ou le nylon pour cr\u00e9er des textiles extensibles adapt\u00e9s \u00e0 diverses applications.<\/p>\n<p>Comment le tissu Lycra est-il utilis\u00e9 ?<\/p>\n<p>Le tissu Lycra est largement utilis\u00e9 dans l&#8217;industrie du textile et de l&#8217;habillement pour ses propri\u00e9t\u00e9s uniques d&#8217;\u00e9tirement et de r\u00e9cup\u00e9ration. Parmi les applications courantes du tissu Lycra, on peut citer <\/p>\n<p>V\u00eatements de sport : Le Lycra est un choix populaire pour les v\u00eatements actifs, les v\u00eatements de sport et les v\u00eatements de compression athl\u00e9tique en raison de sa capacit\u00e9 \u00e0 assurer la libert\u00e9 de mouvement, \u00e0 soutenir les muscles et \u00e0 am\u00e9liorer les performances.<\/p>\n<h5><\/h5>\n","protected":false},"excerpt":{"rendered":"<hr>\n<p style=\"text-align: center;\">Brassards sublim\u00e9s de haute qualit\u00e9 pour les patineurs de comp\u00e9tition, compos\u00e9s de quatre bandes dans les couleurs blanc, jaune, rouge et bleu.<\/p>\n<hr>\n<p>&nbsp;<\/p>\n","protected":false},"featured_media":44211,"comment_status":"closed","ping_status":"closed","template":"","meta":{"site-sidebar-layout":"default","site-content-layout":"","ast-site-content-layout":"default","site-content-style":"default","site-sidebar-style":"default","ast-global-header-display":"","ast-banner-title-visibility":"","ast-main-header-display":"","ast-hfb-above-header-display":"","ast-hfb-below-header-display":"","ast-hfb-mobile-header-display":"","site-post-title":"","ast-breadcrumbs-content":"","ast-featured-img":"","footer-sml-layout":"","theme-transparent-header-meta":"default","adv-header-id-meta":"","stick-header-meta":"","header-above-stick-meta":"","header-main-stick-meta":"","header-below-stick-meta":"","astra-migrate-meta-layouts":"default","ast-page-background-enabled":"default","ast-page-background-meta":{"desktop":{"background-color":"","background-image":"","background-repeat":"repeat","background-position":"center center","background-size":"auto","background-attachment":"scroll","background-type":"","background-media":"","overlay-type":"","overlay-color":"","overlay-opacity":"","overlay-gradient":""},"tablet":{"background-color":"","background-image":"","background-repeat":"repeat","background-position":"center center","background-size":"auto","background-attachment":"scroll","background-type":"","background-media":"","overlay-type":"","overlay-color":"","overlay-opacity":"","overlay-gradient":""},"mobile":{"background-color":"","background-image":"","background-repeat":"repeat","background-position":"center center","background-size":"auto","background-attachment":"scroll","background-type":"","background-media":"","overlay-type":"","overlay-color":"","overlay-opacity":"","overlay-gradient":""}},"ast-content-background-meta":{"desktop":{"background-color":"var(--ast-global-color-5)","background-image":"","background-repeat":"repeat","background-position":"center center","background-size":"auto","background-attachment":"scroll","background-type":"","background-media":"","overlay-type":"","overlay-color":"","overlay-opacity":"","overlay-gradient":""},"tablet":{"background-color":"var(--ast-global-color-5)","background-image":"","background-repeat":"repeat","background-position":"center center","background-size":"auto","background-attachment":"scroll","background-type":"","background-media":"","overlay-type":"","overlay-color":"","overlay-opacity":"","overlay-gradient":""},"mobile":{"background-color":"var(--ast-global-color-5)","background-image":"","background-repeat":"repeat","background-position":"center center","background-size":"auto","background-attachment":"scroll","background-type":"","background-media":"","overlay-type":"","overlay-color":"","overlay-opacity":"","overlay-gradient":""}}},"product_brand":[],"product_cat":[1610],"product_tag":[],"class_list":{"0":"post-55018","1":"product","2":"type-product","3":"status-publish","4":"has-post-thumbnail","6":"product_cat-casques-accessoires-longue-piste","7":"desktop-align-center","8":"tablet-align-center","9":"mobile-align-center","10":"ast-product-gallery-layout-horizontal","11":"ast-product-tabs-layout-horizontal","12":"ast-qv-on-image","14":"first","15":"instock","16":"taxable","17":"shipping-taxable","18":"purchasable","19":"product-type-simple"},"bundled_by":[],"bundle_stock_status":"instock","bundle_stock_quantity":8,"bundle_virtual":false,"bundle_layout":"","bundle_add_to_cart_form_location":"","bundle_editable_in_cart":false,"bundle_sold_individually_context":"","bundle_item_grouping":"","bundle_min_size":"","bundle_max_size":"","bundle_price":[],"bundled_items":[],"bundle_sell_ids":[],"yoast_head":"<!-- This site is optimized with the Yoast SEO plugin v27.4 - https:\/\/yoast.com\/product\/yoast-seo-wordpress\/ -->\n<title>Brassard Longue Piste %sep%Xact Skate Shop%%%site<\/title>\n<meta name=\"description\" content=\"Brassard Longue Piste. Un ensemble de brassards sublim\u00e9s de haute qualit\u00e9 pour les patineurs de comp\u00e9tition, compos\u00e9 de quatre brassards dans les couleurs blanc, jaune, rouge et bleu.\" \/>\n<meta name=\"robots\" content=\"index, follow, max-snippet:-1, max-image-preview:large, max-video-preview:-1\" \/>\n<link rel=\"canonical\" href=\"https:\/\/xactskateshop.com\/fr\/produit\/jeu-de-4-brassards-xact\/\" \/>\n<meta property=\"og:locale\" content=\"fr_FR\" \/>\n<meta property=\"og:type\" content=\"article\" \/>\n<meta property=\"og:title\" content=\"Brassard Longue Piste %sep%Xact Skate Shop%%%site\" \/>\n<meta property=\"og:description\" content=\"Brassard Longue Piste. Un ensemble de brassards sublim\u00e9s de haute qualit\u00e9 pour les patineurs de comp\u00e9tition, compos\u00e9 de quatre brassards dans les couleurs blanc, jaune, rouge et bleu.\" \/>\n<meta property=\"og:url\" content=\"https:\/\/xactskateshop.com\/fr\/produit\/jeu-de-4-brassards-xact\/\" \/>\n<meta property=\"og:site_name\" content=\"Xact Skate Shop\" \/>\n<meta property=\"article:publisher\" content=\"https:\/\/www.facebook.com\/JeanLouiskateshop\" \/>\n<meta property=\"article:modified_time\" content=\"2026-02-20T16:28:10+00:00\" \/>\n<meta property=\"og:image\" content=\"https:\/\/xactskateshop.com\/wp-content\/uploads\/2024\/10\/set-4.jpg\" \/>\n\t<meta property=\"og:image:width\" content=\"1000\" \/>\n\t<meta property=\"og:image:height\" content=\"1000\" \/>\n\t<meta property=\"og:image:type\" content=\"image\/jpeg\" \/>\n<meta name=\"twitter:card\" content=\"summary_large_image\" \/>\n<meta name=\"twitter:label1\" content=\"Dur\u00e9e de lecture estim\u00e9e\" \/>\n\t<meta name=\"twitter:data1\" content=\"3 minutes\" \/>\n<script type=\"application\/ld+json\" class=\"yoast-schema-graph\">{\"@context\":\"https:\\\/\\\/schema.org\",\"@graph\":[{\"@type\":\"WebPage\",\"@id\":\"https:\\\/\\\/xactskateshop.com\\\/fr\\\/produit\\\/jeu-de-4-brassards-xact\\\/\",\"url\":\"https:\\\/\\\/xactskateshop.com\\\/fr\\\/produit\\\/jeu-de-4-brassards-xact\\\/\",\"name\":\"Brassard Longue Piste %sep%Xact Skate Shop%%%site\",\"isPartOf\":{\"@id\":\"http:\\\/\\\/xactskateshop.com\\\/fr\\\/#website\"},\"primaryImageOfPage\":{\"@id\":\"https:\\\/\\\/xactskateshop.com\\\/fr\\\/produit\\\/jeu-de-4-brassards-xact\\\/#primaryimage\"},\"image\":{\"@id\":\"https:\\\/\\\/xactskateshop.com\\\/fr\\\/produit\\\/jeu-de-4-brassards-xact\\\/#primaryimage\"},\"thumbnailUrl\":\"https:\\\/\\\/xactskateshop.com\\\/wp-content\\\/uploads\\\/2024\\\/10\\\/set-4.jpg\",\"datePublished\":\"2024-10-30T16:21:00+00:00\",\"dateModified\":\"2026-02-20T16:28:10+00:00\",\"description\":\"Brassard Longue Piste. Un ensemble de brassards sublim\u00e9s de haute qualit\u00e9 pour les patineurs de comp\u00e9tition, compos\u00e9 de quatre brassards dans les couleurs blanc, jaune, rouge et bleu.\",\"breadcrumb\":{\"@id\":\"https:\\\/\\\/xactskateshop.com\\\/fr\\\/produit\\\/jeu-de-4-brassards-xact\\\/#breadcrumb\"},\"inLanguage\":\"fr-FR\",\"potentialAction\":[{\"@type\":\"ReadAction\",\"target\":[\"https:\\\/\\\/xactskateshop.com\\\/fr\\\/produit\\\/jeu-de-4-brassards-xact\\\/\"]}]},{\"@type\":\"ImageObject\",\"inLanguage\":\"fr-FR\",\"@id\":\"https:\\\/\\\/xactskateshop.com\\\/fr\\\/produit\\\/jeu-de-4-brassards-xact\\\/#primaryimage\",\"url\":\"https:\\\/\\\/xactskateshop.com\\\/wp-content\\\/uploads\\\/2024\\\/10\\\/set-4.jpg\",\"contentUrl\":\"https:\\\/\\\/xactskateshop.com\\\/wp-content\\\/uploads\\\/2024\\\/10\\\/set-4.jpg\",\"width\":1000,\"height\":1000,\"caption\":\"LT Brassard\"},{\"@type\":\"BreadcrumbList\",\"@id\":\"https:\\\/\\\/xactskateshop.com\\\/fr\\\/produit\\\/jeu-de-4-brassards-xact\\\/#breadcrumb\",\"itemListElement\":[{\"@type\":\"ListItem\",\"position\":1,\"name\":\"Home\",\"item\":\"https:\\\/\\\/xactskateshop.com\\\/fr\\\/accueil\\\/\"},{\"@type\":\"ListItem\",\"position\":2,\"name\":\"Boutique\",\"item\":\"https:\\\/\\\/xactskateshop.com\\\/shop\\\/\"},{\"@type\":\"ListItem\",\"position\":3,\"name\":\"Jeu de 4 brassards Xact\"}]},{\"@type\":\"WebSite\",\"@id\":\"http:\\\/\\\/xactskateshop.com\\\/fr\\\/#website\",\"url\":\"http:\\\/\\\/xactskateshop.com\\\/fr\\\/\",\"name\":\"Xact Skate Shop\",\"description\":\"Un site utilisant WordPress\",\"publisher\":{\"@id\":\"http:\\\/\\\/xactskateshop.com\\\/fr\\\/#organization\"},\"potentialAction\":[{\"@type\":\"SearchAction\",\"target\":{\"@type\":\"EntryPoint\",\"urlTemplate\":\"http:\\\/\\\/xactskateshop.com\\\/fr\\\/?s={search_term_string}\"},\"query-input\":{\"@type\":\"PropertyValueSpecification\",\"valueRequired\":true,\"valueName\":\"search_term_string\"}}],\"inLanguage\":\"fr-FR\"},{\"@type\":\"Organization\",\"@id\":\"http:\\\/\\\/xactskateshop.com\\\/fr\\\/#organization\",\"name\":\"XACT Skate Shop\",\"url\":\"http:\\\/\\\/xactskateshop.com\\\/fr\\\/\",\"logo\":{\"@type\":\"ImageObject\",\"inLanguage\":\"fr-FR\",\"@id\":\"http:\\\/\\\/xactskateshop.com\\\/fr\\\/#\\\/schema\\\/logo\\\/image\\\/\",\"url\":\"http:\\\/\\\/xactskateshop.com\\\/wp-content\\\/uploads\\\/2024\\\/04\\\/xactskateshop-dot-com-avec-contour-noir-sans-fond-675x.jpg\",\"contentUrl\":\"http:\\\/\\\/xactskateshop.com\\\/wp-content\\\/uploads\\\/2024\\\/04\\\/xactskateshop-dot-com-avec-contour-noir-sans-fond-675x.jpg\",\"width\":675,\"height\":247,\"caption\":\"XACT Skate Shop\"},\"image\":{\"@id\":\"http:\\\/\\\/xactskateshop.com\\\/fr\\\/#\\\/schema\\\/logo\\\/image\\\/\"},\"sameAs\":[\"https:\\\/\\\/www.facebook.com\\\/JeanLouiskateshop\"]}]}<\/script>\n<!-- \/ Yoast SEO plugin. -->","yoast_head_json":{"title":"Brassard Longue Piste %sep%Xact Skate Shop%%%site","description":"Brassard Longue Piste. Un ensemble de brassards sublim\u00e9s de haute qualit\u00e9 pour les patineurs de comp\u00e9tition, compos\u00e9 de quatre brassards dans les couleurs blanc, jaune, rouge et bleu.","robots":{"index":"index","follow":"follow","max-snippet":"max-snippet:-1","max-image-preview":"max-image-preview:large","max-video-preview":"max-video-preview:-1"},"canonical":"https:\/\/xactskateshop.com\/fr\/produit\/jeu-de-4-brassards-xact\/","og_locale":"fr_FR","og_type":"article","og_title":"Brassard Longue Piste %sep%Xact Skate Shop%%%site","og_description":"Brassard Longue Piste. Un ensemble de brassards sublim\u00e9s de haute qualit\u00e9 pour les patineurs de comp\u00e9tition, compos\u00e9 de quatre brassards dans les couleurs blanc, jaune, rouge et bleu.","og_url":"https:\/\/xactskateshop.com\/fr\/produit\/jeu-de-4-brassards-xact\/","og_site_name":"Xact Skate Shop","article_publisher":"https:\/\/www.facebook.com\/JeanLouiskateshop","article_modified_time":"2026-02-20T16:28:10+00:00","og_image":[{"width":1000,"height":1000,"url":"https:\/\/xactskateshop.com\/wp-content\/uploads\/2024\/10\/set-4.jpg","type":"image\/jpeg"}],"twitter_card":"summary_large_image","twitter_misc":{"Dur\u00e9e de lecture estim\u00e9e":"3 minutes"},"schema":{"@context":"https:\/\/schema.org","@graph":[{"@type":"WebPage","@id":"https:\/\/xactskateshop.com\/fr\/produit\/jeu-de-4-brassards-xact\/","url":"https:\/\/xactskateshop.com\/fr\/produit\/jeu-de-4-brassards-xact\/","name":"Brassard Longue Piste %sep%Xact Skate Shop%%%site","isPartOf":{"@id":"http:\/\/xactskateshop.com\/fr\/#website"},"primaryImageOfPage":{"@id":"https:\/\/xactskateshop.com\/fr\/produit\/jeu-de-4-brassards-xact\/#primaryimage"},"image":{"@id":"https:\/\/xactskateshop.com\/fr\/produit\/jeu-de-4-brassards-xact\/#primaryimage"},"thumbnailUrl":"https:\/\/xactskateshop.com\/wp-content\/uploads\/2024\/10\/set-4.jpg","datePublished":"2024-10-30T16:21:00+00:00","dateModified":"2026-02-20T16:28:10+00:00","description":"Brassard Longue Piste. Un ensemble de brassards sublim\u00e9s de haute qualit\u00e9 pour les patineurs de comp\u00e9tition, compos\u00e9 de quatre brassards dans les couleurs blanc, jaune, rouge et bleu.","breadcrumb":{"@id":"https:\/\/xactskateshop.com\/fr\/produit\/jeu-de-4-brassards-xact\/#breadcrumb"},"inLanguage":"fr-FR","potentialAction":[{"@type":"ReadAction","target":["https:\/\/xactskateshop.com\/fr\/produit\/jeu-de-4-brassards-xact\/"]}]},{"@type":"ImageObject","inLanguage":"fr-FR","@id":"https:\/\/xactskateshop.com\/fr\/produit\/jeu-de-4-brassards-xact\/#primaryimage","url":"https:\/\/xactskateshop.com\/wp-content\/uploads\/2024\/10\/set-4.jpg","contentUrl":"https:\/\/xactskateshop.com\/wp-content\/uploads\/2024\/10\/set-4.jpg","width":1000,"height":1000,"caption":"LT Brassard"},{"@type":"BreadcrumbList","@id":"https:\/\/xactskateshop.com\/fr\/produit\/jeu-de-4-brassards-xact\/#breadcrumb","itemListElement":[{"@type":"ListItem","position":1,"name":"Home","item":"https:\/\/xactskateshop.com\/fr\/accueil\/"},{"@type":"ListItem","position":2,"name":"Boutique","item":"https:\/\/xactskateshop.com\/shop\/"},{"@type":"ListItem","position":3,"name":"Jeu de 4 brassards Xact"}]},{"@type":"WebSite","@id":"http:\/\/xactskateshop.com\/fr\/#website","url":"http:\/\/xactskateshop.com\/fr\/","name":"Xact Skate Shop","description":"Un site utilisant WordPress","publisher":{"@id":"http:\/\/xactskateshop.com\/fr\/#organization"},"potentialAction":[{"@type":"SearchAction","target":{"@type":"EntryPoint","urlTemplate":"http:\/\/xactskateshop.com\/fr\/?s={search_term_string}"},"query-input":{"@type":"PropertyValueSpecification","valueRequired":true,"valueName":"search_term_string"}}],"inLanguage":"fr-FR"},{"@type":"Organization","@id":"http:\/\/xactskateshop.com\/fr\/#organization","name":"XACT Skate Shop","url":"http:\/\/xactskateshop.com\/fr\/","logo":{"@type":"ImageObject","inLanguage":"fr-FR","@id":"http:\/\/xactskateshop.com\/fr\/#\/schema\/logo\/image\/","url":"http:\/\/xactskateshop.com\/wp-content\/uploads\/2024\/04\/xactskateshop-dot-com-avec-contour-noir-sans-fond-675x.jpg","contentUrl":"http:\/\/xactskateshop.com\/wp-content\/uploads\/2024\/04\/xactskateshop-dot-com-avec-contour-noir-sans-fond-675x.jpg","width":675,"height":247,"caption":"XACT Skate Shop"},"image":{"@id":"http:\/\/xactskateshop.com\/fr\/#\/schema\/logo\/image\/"},"sameAs":["https:\/\/www.facebook.com\/JeanLouiskateshop"]}]}},"_links":{"self":[{"href":"https:\/\/xactskateshop.com\/fr\/wp-json\/wp\/v2\/product\/55018","targetHints":{"allow":["GET"]}}],"collection":[{"href":"https:\/\/xactskateshop.com\/fr\/wp-json\/wp\/v2\/product"}],"about":[{"href":"https:\/\/xactskateshop.com\/fr\/wp-json\/wp\/v2\/types\/product"}],"replies":[{"embeddable":true,"href":"https:\/\/xactskateshop.com\/fr\/wp-json\/wp\/v2\/comments?post=55018"}],"wp:featuredmedia":[{"embeddable":true,"href":"https:\/\/xactskateshop.com\/fr\/wp-json\/wp\/v2\/media\/44211"}],"wp:attachment":[{"href":"https:\/\/xactskateshop.com\/fr\/wp-json\/wp\/v2\/media?parent=55018"}],"wp:term":[{"taxonomy":"product_brand","embeddable":true,"href":"https:\/\/xactskateshop.com\/fr\/wp-json\/wp\/v2\/product_brand?post=55018"},{"taxonomy":"product_cat","embeddable":true,"href":"https:\/\/xactskateshop.com\/fr\/wp-json\/wp\/v2\/product_cat?post=55018"},{"taxonomy":"product_tag","embeddable":true,"href":"https:\/\/xactskateshop.com\/fr\/wp-json\/wp\/v2\/product_tag?post=55018"}],"curies":[{"name":"wp","href":"https:\/\/api.w.org\/{rel}","templated":true}]}}