{"id":55015,"date":"2025-09-10T11:04:28","date_gmt":"2025-09-10T15:04:28","guid":{"rendered":"http:\/\/xactskateshop.com\/product\/bont-st-deux-bottes-nouveau\/"},"modified":"2025-10-03T13:42:56","modified_gmt":"2025-10-03T17:42:56","slug":"bont-st2","status":"publish","type":"product","link":"https:\/\/xactskateshop.com\/fr\/produit\/bont-st2\/","title":{"rendered":"BONT ST2 NOUVEAU !"},"content":{"rendered":"<p><strong>Voici les nouvelles bottes Courte Piste ST2 Carbon !<\/strong><\/p>\n<p>Les bottes Courte Piste ST2 Carbon de Bont r\u00e9unissent des techniques de construction avanc\u00e9es et un confort am\u00e9lior\u00e9 pour offrir une botte de courte piste de haute performance. Construite avec pr\u00e9cision, cette chaussure combine vitesse, puissance et un ajustement raffin\u00e9 pour les patineurs s\u00e9rieux.<\/p>\n<p>La coque ext\u00e9rieure est fabriqu\u00e9e en laminant des mat\u00e9riaux TPU et Durolite brillants, ce qui garantit la durabilit\u00e9, le style et la l\u00e9g\u00e8ret\u00e9. \u00c0 l&#8217;int\u00e9rieur, une couche de n\u00e9opr\u00e8ne de 1 mm d&#8217;\u00e9paisseur tapisse la botte, am\u00e9liorant consid\u00e9rablement le confort g\u00e9n\u00e9ral pour les longues s\u00e9ances d&#8217;entra\u00eenement et les courses intenses.<\/p>\n<p>De sa conception monobloc profil\u00e9e \u00e0 son ajustement soigneusement \u00e9tudi\u00e9, la bottine ST2 Carbon offre l&#8217;\u00e9quilibre parfait entre performance et confort.<\/p>\n<p><strong>Caract\u00e9ristiques :<\/strong><\/p>\n<p><strong>Base : <\/strong>Base en composite de carbone pos\u00e9e \u00e0 la main avec plus de carbone pour am\u00e9liorer le transfert de puissance.<\/p>\n<p><strong>Rev\u00eatement ext\u00e9rieur :<\/strong> Mat\u00e9riaux TPU et Durolite lamin\u00e9s et brillants pour une finition audacieuse et durable.<\/p>\n<p><strong>Doublure :<\/strong> L en daim avec une couche de n\u00e9opr\u00e8ne de 1 mm pour am\u00e9liorer le confort<\/p>\n<p><strong>Semelle int\u00e9rieure : <\/strong>Daim L<\/p>\n<p><strong>Thermoformable : <\/strong>Base enti\u00e8rement thermoformable utilisant une r\u00e9sine \u00e9poxy thermodurcissable.<\/p>\n<p><strong>Rembourrage : <\/strong>Mousse \u00e0 m\u00e9moire de forme haute densit\u00e9 avec collier de soutien plus \u00e9pais<\/p>\n<p><strong>Options de fermeture : <\/strong>Lacets cir\u00e9s, cache-lacets et deux bandes velcro<\/p>\n<p><strong>Options d&#8217;ajustement : <\/strong>Standard, \u00e9troite et large<\/p>\n<p><strong>Monture :<\/strong> Taille 9C~13.5C 140mm ; Taille 1~13.5 165mm<\/p>\n<p><strong>Manchette : <\/strong>Manchette plus haute avec un angle modifi\u00e9 pour une meilleure agilit\u00e9 et un meilleur contr\u00f4le<\/p>\n<p><strong>Col : <\/strong>Ouverture en V plus \u00e9troite pour am\u00e9liorer le soutien au niveau du col.<\/p>\n<p><strong>Forme : <\/strong>Forme actualis\u00e9e pour un ajustement plus raffin\u00e9<\/p>\n<ul>\n<li>Red\u00e9finissez votre patinage sur piste courte avec les chaussures Bont Courte Piste Two Carbon, o\u00f9 l&#8217;innovation et le confort s&#8217;allient pour des performances de pointe.<\/li>\n<\/ul>\n<p>Vous pouvez \u00e9galement les obtenir ici<\/p>\n<p>Vous pouvez les emballer ici<\/p>\n<p>Qu&#8217;est-ce qu&#8217;un empeigne? L&#8217;empeigne est une r\u00e9plique en plastique d&#8217;un pied autour duquel la botte est construite.<\/p>\n<p>Chez Bont, nous perfectionnons nos empeignes depuis 1975 ! et le processus se poursuit. Contrairement \u00e0 la Last standard utilis\u00e9e par de nombreuses entreprises, Bont se concentre continuellement sur le d\u00e9veloppement et l&#8217;am\u00e9lioration de ses Lasts afin que vos bottes soient parfaitement adapt\u00e9es d\u00e8s leur sortie de l&#8217;emballage.<\/p>\n<p>Notre mat\u00e9riau exclusif Anti-Stretch pr\u00e9sente des caract\u00e9ristiques de r\u00e9sistance similaires \u00e0 celles du Kevlar. Nous ajoutons ce mat\u00e9riau entre la couche ext\u00e9rieure et la peau, ce qui emp\u00eache la botte de s&#8217;\u00e9tirer.<\/p>\n<p>Pour que le mat\u00e9riau ne bouge pas, nous le cousons \u00e0 la couche ext\u00e9rieure et le collons \u00e0 la doublure. En bref, ce mat\u00e9riau Anti-Stretch fait partie int\u00e9grante de la structure de la botte. Par cons\u00e9quent, les bottes Bont ne s&#8217;\u00e9tirent pas autant que les bottes concurrentes.<\/p>\n","protected":false},"excerpt":{"rendered":"<hr \/>\n<p style=\"text-align: center;\">Bottines BONT ST2<\/p>\n<p style=\"text-align: center;\"><strong>****** veuillez nous contacter \u00e0 info@xactskateshop.com pour conna\u00eetre la disponibilit\u00e9 de la taille avant de passer commande.<\/strong><\/p>\n<hr \/>\n<p>&nbsp;<\/p>\n","protected":false},"featured_media":54919,"comment_status":"open","ping_status":"closed","template":"","meta":{"site-sidebar-layout":"default","site-content-layout":"default","ast-site-content-layout":"default","site-content-style":"default","site-sidebar-style":"default","ast-global-header-display":"","ast-banner-title-visibility":"","ast-main-header-display":"","ast-hfb-above-header-display":"","ast-hfb-below-header-display":"","ast-hfb-mobile-header-display":"","site-post-title":"","ast-breadcrumbs-content":"","ast-featured-img":"","footer-sml-layout":"","theme-transparent-header-meta":"default","adv-header-id-meta":"","stick-header-meta":"","header-above-stick-meta":"","header-main-stick-meta":"","header-below-stick-meta":"","astra-migrate-meta-layouts":"set","ast-page-background-enabled":"default","ast-page-background-meta":{"desktop":{"background-color":"","background-image":"","background-repeat":"repeat","background-position":"center center","background-size":"auto","background-attachment":"scroll","background-type":"","background-media":"","overlay-type":"","overlay-color":"","overlay-opacity":"","overlay-gradient":""},"tablet":{"background-color":"","background-image":"","background-repeat":"repeat","background-position":"center center","background-size":"auto","background-attachment":"scroll","background-type":"","background-media":"","overlay-type":"","overlay-color":"","overlay-opacity":"","overlay-gradient":""},"mobile":{"background-color":"","background-image":"","background-repeat":"repeat","background-position":"center center","background-size":"auto","background-attachment":"scroll","background-type":"","background-media":"","overlay-type":"","overlay-color":"","overlay-opacity":"","overlay-gradient":""}},"ast-content-background-meta":{"desktop":{"background-color":"var(--ast-global-color-5)","background-image":"","background-repeat":"repeat","background-position":"center center","background-size":"auto","background-attachment":"scroll","background-type":"","background-media":"","overlay-type":"","overlay-color":"","overlay-opacity":"","overlay-gradient":""},"tablet":{"background-color":"var(--ast-global-color-5)","background-image":"","background-repeat":"repeat","background-position":"center center","background-size":"auto","background-attachment":"scroll","background-type":"","background-media":"","overlay-type":"","overlay-color":"","overlay-opacity":"","overlay-gradient":""},"mobile":{"background-color":"var(--ast-global-color-5)","background-image":"","background-repeat":"repeat","background-position":"center center","background-size":"auto","background-attachment":"scroll","background-type":"","background-media":"","overlay-type":"","overlay-color":"","overlay-opacity":"","overlay-gradient":""}}},"product_brand":[],"product_cat":[1430,1354,1353],"product_tag":[1956,2061,1471,1390,1356,1945],"class_list":{"0":"post-55015","1":"product","2":"type-product","3":"status-publish","4":"has-post-thumbnail","6":"product_cat-bottines-de-patinage-de-vitesse-courte-piste","7":"product_cat-courte-piste","8":"product_cat-patinage-de-vitesse","9":"product_tag-balise-alt","10":"product_tag-bont-patriot-fr","11":"product_tag-bont-st-boots-fr","12":"product_tag-bottes-bont","13":"product_tag-courte-piste-fr","14":"product_tag-nouveau","15":"desktop-align-center","16":"tablet-align-center","17":"mobile-align-center","18":"ast-product-gallery-layout-horizontal","19":"ast-product-single-variable","20":"ast-product-tabs-layout-horizontal","21":"ast-qv-on-image","23":"first","24":"instock","25":"sale","26":"taxable","27":"shipping-taxable","28":"purchasable","29":"product-type-variable"},"bundled_by":[],"bundle_stock_status":"instock","bundle_stock_quantity":null,"bundle_virtual":false,"bundle_layout":"","bundle_add_to_cart_form_location":"","bundle_editable_in_cart":false,"bundle_sold_individually_context":"","bundle_item_grouping":"","bundle_min_size":"","bundle_max_size":"","bundle_price":[],"bundled_items":[],"bundle_sell_ids":[],"yoast_head":"<!-- This site is optimized with the Yoast SEO plugin v27.4 - https:\/\/yoast.com\/product\/yoast-seo-wordpress\/ -->\n<title>BONT ST2 NOUVEAU ! - Xact Skate Shop<\/title>\n<meta name=\"description\" content=\"Bottines BONT ST2. Les bottine BONT ST2 Carbon r\u00e9unissent des techniques de construction avanc\u00e9es et un confort am\u00e9lior\u00e9 d&#039;une botte de haute performance.\" \/>\n<meta name=\"robots\" content=\"index, follow, max-snippet:-1, max-image-preview:large, max-video-preview:-1\" \/>\n<link rel=\"canonical\" href=\"https:\/\/xactskateshop.com\/fr\/produit\/bont-st2\/\" \/>\n<meta property=\"og:locale\" content=\"fr_FR\" \/>\n<meta property=\"og:type\" content=\"article\" \/>\n<meta property=\"og:title\" content=\"BONT ST2 NOUVEAU ! - Xact Skate Shop\" \/>\n<meta property=\"og:description\" content=\"Bottines BONT ST2. Les bottine BONT ST2 Carbon r\u00e9unissent des techniques de construction avanc\u00e9es et un confort am\u00e9lior\u00e9 d&#039;une botte de haute performance.\" \/>\n<meta property=\"og:url\" content=\"https:\/\/xactskateshop.com\/fr\/produit\/bont-st2\/\" \/>\n<meta property=\"og:site_name\" content=\"Xact Skate Shop\" \/>\n<meta property=\"article:publisher\" content=\"https:\/\/www.facebook.com\/JeanLouiskateshop\" \/>\n<meta property=\"article:modified_time\" content=\"2025-10-03T17:42:56+00:00\" \/>\n<meta property=\"og:image\" content=\"https:\/\/xactskateshop.com\/wp-content\/uploads\/2025\/09\/ST-Two-Black-Shiny-Blue_1.jpg\" \/>\n\t<meta property=\"og:image:width\" content=\"1000\" \/>\n\t<meta property=\"og:image:height\" content=\"1000\" \/>\n\t<meta property=\"og:image:type\" content=\"image\/jpeg\" \/>\n<meta name=\"twitter:card\" content=\"summary_large_image\" \/>\n<meta name=\"twitter:label1\" content=\"Dur\u00e9e de lecture estim\u00e9e\" \/>\n\t<meta name=\"twitter:data1\" content=\"3 minutes\" \/>\n<script type=\"application\/ld+json\" class=\"yoast-schema-graph\">{\"@context\":\"https:\\\/\\\/schema.org\",\"@graph\":[{\"@type\":\"WebPage\",\"@id\":\"https:\\\/\\\/xactskateshop.com\\\/fr\\\/produit\\\/bont-st2\\\/\",\"url\":\"https:\\\/\\\/xactskateshop.com\\\/fr\\\/produit\\\/bont-st2\\\/\",\"name\":\"BONT ST2 NOUVEAU ! - Xact Skate Shop\",\"isPartOf\":{\"@id\":\"http:\\\/\\\/xactskateshop.com\\\/fr\\\/#website\"},\"primaryImageOfPage\":{\"@id\":\"https:\\\/\\\/xactskateshop.com\\\/fr\\\/produit\\\/bont-st2\\\/#primaryimage\"},\"image\":{\"@id\":\"https:\\\/\\\/xactskateshop.com\\\/fr\\\/produit\\\/bont-st2\\\/#primaryimage\"},\"thumbnailUrl\":\"https:\\\/\\\/xactskateshop.com\\\/wp-content\\\/uploads\\\/2025\\\/09\\\/ST-Two-Black-Shiny-Blue_1.jpg\",\"datePublished\":\"2025-09-10T15:04:28+00:00\",\"dateModified\":\"2025-10-03T17:42:56+00:00\",\"description\":\"Bottines BONT ST2. Les bottine BONT ST2 Carbon r\u00e9unissent des techniques de construction avanc\u00e9es et un confort am\u00e9lior\u00e9 d'une botte de haute performance.\",\"breadcrumb\":{\"@id\":\"https:\\\/\\\/xactskateshop.com\\\/fr\\\/produit\\\/bont-st2\\\/#breadcrumb\"},\"inLanguage\":\"fr-FR\",\"potentialAction\":[{\"@type\":\"ReadAction\",\"target\":[\"https:\\\/\\\/xactskateshop.com\\\/fr\\\/produit\\\/bont-st2\\\/\"]}]},{\"@type\":\"ImageObject\",\"inLanguage\":\"fr-FR\",\"@id\":\"https:\\\/\\\/xactskateshop.com\\\/fr\\\/produit\\\/bont-st2\\\/#primaryimage\",\"url\":\"https:\\\/\\\/xactskateshop.com\\\/wp-content\\\/uploads\\\/2025\\\/09\\\/ST-Two-Black-Shiny-Blue_1.jpg\",\"contentUrl\":\"https:\\\/\\\/xactskateshop.com\\\/wp-content\\\/uploads\\\/2025\\\/09\\\/ST-Two-Black-Shiny-Blue_1.jpg\",\"width\":1000,\"height\":1000,\"caption\":\"Bottines BONT ST2\"},{\"@type\":\"BreadcrumbList\",\"@id\":\"https:\\\/\\\/xactskateshop.com\\\/fr\\\/produit\\\/bont-st2\\\/#breadcrumb\",\"itemListElement\":[{\"@type\":\"ListItem\",\"position\":1,\"name\":\"Home\",\"item\":\"https:\\\/\\\/xactskateshop.com\\\/fr\\\/accueil\\\/\"},{\"@type\":\"ListItem\",\"position\":2,\"name\":\"Boutique\",\"item\":\"https:\\\/\\\/xactskateshop.com\\\/shop\\\/\"},{\"@type\":\"ListItem\",\"position\":3,\"name\":\"BONT ST2 NOUVEAU !\"}]},{\"@type\":\"WebSite\",\"@id\":\"http:\\\/\\\/xactskateshop.com\\\/fr\\\/#website\",\"url\":\"http:\\\/\\\/xactskateshop.com\\\/fr\\\/\",\"name\":\"Xact Skate Shop\",\"description\":\"Un site utilisant WordPress\",\"publisher\":{\"@id\":\"http:\\\/\\\/xactskateshop.com\\\/fr\\\/#organization\"},\"potentialAction\":[{\"@type\":\"SearchAction\",\"target\":{\"@type\":\"EntryPoint\",\"urlTemplate\":\"http:\\\/\\\/xactskateshop.com\\\/fr\\\/?s={search_term_string}\"},\"query-input\":{\"@type\":\"PropertyValueSpecification\",\"valueRequired\":true,\"valueName\":\"search_term_string\"}}],\"inLanguage\":\"fr-FR\"},{\"@type\":\"Organization\",\"@id\":\"http:\\\/\\\/xactskateshop.com\\\/fr\\\/#organization\",\"name\":\"XACT Skate Shop\",\"url\":\"http:\\\/\\\/xactskateshop.com\\\/fr\\\/\",\"logo\":{\"@type\":\"ImageObject\",\"inLanguage\":\"fr-FR\",\"@id\":\"http:\\\/\\\/xactskateshop.com\\\/fr\\\/#\\\/schema\\\/logo\\\/image\\\/\",\"url\":\"http:\\\/\\\/xactskateshop.com\\\/wp-content\\\/uploads\\\/2024\\\/04\\\/xactskateshop-dot-com-avec-contour-noir-sans-fond-675x.jpg\",\"contentUrl\":\"http:\\\/\\\/xactskateshop.com\\\/wp-content\\\/uploads\\\/2024\\\/04\\\/xactskateshop-dot-com-avec-contour-noir-sans-fond-675x.jpg\",\"width\":675,\"height\":247,\"caption\":\"XACT Skate Shop\"},\"image\":{\"@id\":\"http:\\\/\\\/xactskateshop.com\\\/fr\\\/#\\\/schema\\\/logo\\\/image\\\/\"},\"sameAs\":[\"https:\\\/\\\/www.facebook.com\\\/JeanLouiskateshop\"]}]}<\/script>\n<!-- \/ Yoast SEO plugin. -->","yoast_head_json":{"title":"BONT ST2 NOUVEAU ! - Xact Skate Shop","description":"Bottines BONT ST2. Les bottine BONT ST2 Carbon r\u00e9unissent des techniques de construction avanc\u00e9es et un confort am\u00e9lior\u00e9 d'une botte de haute performance.","robots":{"index":"index","follow":"follow","max-snippet":"max-snippet:-1","max-image-preview":"max-image-preview:large","max-video-preview":"max-video-preview:-1"},"canonical":"https:\/\/xactskateshop.com\/fr\/produit\/bont-st2\/","og_locale":"fr_FR","og_type":"article","og_title":"BONT ST2 NOUVEAU ! - Xact Skate Shop","og_description":"Bottines BONT ST2. Les bottine BONT ST2 Carbon r\u00e9unissent des techniques de construction avanc\u00e9es et un confort am\u00e9lior\u00e9 d'une botte de haute performance.","og_url":"https:\/\/xactskateshop.com\/fr\/produit\/bont-st2\/","og_site_name":"Xact Skate Shop","article_publisher":"https:\/\/www.facebook.com\/JeanLouiskateshop","article_modified_time":"2025-10-03T17:42:56+00:00","og_image":[{"width":1000,"height":1000,"url":"https:\/\/xactskateshop.com\/wp-content\/uploads\/2025\/09\/ST-Two-Black-Shiny-Blue_1.jpg","type":"image\/jpeg"}],"twitter_card":"summary_large_image","twitter_misc":{"Dur\u00e9e de lecture estim\u00e9e":"3 minutes"},"schema":{"@context":"https:\/\/schema.org","@graph":[{"@type":"WebPage","@id":"https:\/\/xactskateshop.com\/fr\/produit\/bont-st2\/","url":"https:\/\/xactskateshop.com\/fr\/produit\/bont-st2\/","name":"BONT ST2 NOUVEAU ! - Xact Skate Shop","isPartOf":{"@id":"http:\/\/xactskateshop.com\/fr\/#website"},"primaryImageOfPage":{"@id":"https:\/\/xactskateshop.com\/fr\/produit\/bont-st2\/#primaryimage"},"image":{"@id":"https:\/\/xactskateshop.com\/fr\/produit\/bont-st2\/#primaryimage"},"thumbnailUrl":"https:\/\/xactskateshop.com\/wp-content\/uploads\/2025\/09\/ST-Two-Black-Shiny-Blue_1.jpg","datePublished":"2025-09-10T15:04:28+00:00","dateModified":"2025-10-03T17:42:56+00:00","description":"Bottines BONT ST2. Les bottine BONT ST2 Carbon r\u00e9unissent des techniques de construction avanc\u00e9es et un confort am\u00e9lior\u00e9 d'une botte de haute performance.","breadcrumb":{"@id":"https:\/\/xactskateshop.com\/fr\/produit\/bont-st2\/#breadcrumb"},"inLanguage":"fr-FR","potentialAction":[{"@type":"ReadAction","target":["https:\/\/xactskateshop.com\/fr\/produit\/bont-st2\/"]}]},{"@type":"ImageObject","inLanguage":"fr-FR","@id":"https:\/\/xactskateshop.com\/fr\/produit\/bont-st2\/#primaryimage","url":"https:\/\/xactskateshop.com\/wp-content\/uploads\/2025\/09\/ST-Two-Black-Shiny-Blue_1.jpg","contentUrl":"https:\/\/xactskateshop.com\/wp-content\/uploads\/2025\/09\/ST-Two-Black-Shiny-Blue_1.jpg","width":1000,"height":1000,"caption":"Bottines BONT ST2"},{"@type":"BreadcrumbList","@id":"https:\/\/xactskateshop.com\/fr\/produit\/bont-st2\/#breadcrumb","itemListElement":[{"@type":"ListItem","position":1,"name":"Home","item":"https:\/\/xactskateshop.com\/fr\/accueil\/"},{"@type":"ListItem","position":2,"name":"Boutique","item":"https:\/\/xactskateshop.com\/shop\/"},{"@type":"ListItem","position":3,"name":"BONT ST2 NOUVEAU !"}]},{"@type":"WebSite","@id":"http:\/\/xactskateshop.com\/fr\/#website","url":"http:\/\/xactskateshop.com\/fr\/","name":"Xact Skate Shop","description":"Un site utilisant WordPress","publisher":{"@id":"http:\/\/xactskateshop.com\/fr\/#organization"},"potentialAction":[{"@type":"SearchAction","target":{"@type":"EntryPoint","urlTemplate":"http:\/\/xactskateshop.com\/fr\/?s={search_term_string}"},"query-input":{"@type":"PropertyValueSpecification","valueRequired":true,"valueName":"search_term_string"}}],"inLanguage":"fr-FR"},{"@type":"Organization","@id":"http:\/\/xactskateshop.com\/fr\/#organization","name":"XACT Skate Shop","url":"http:\/\/xactskateshop.com\/fr\/","logo":{"@type":"ImageObject","inLanguage":"fr-FR","@id":"http:\/\/xactskateshop.com\/fr\/#\/schema\/logo\/image\/","url":"http:\/\/xactskateshop.com\/wp-content\/uploads\/2024\/04\/xactskateshop-dot-com-avec-contour-noir-sans-fond-675x.jpg","contentUrl":"http:\/\/xactskateshop.com\/wp-content\/uploads\/2024\/04\/xactskateshop-dot-com-avec-contour-noir-sans-fond-675x.jpg","width":675,"height":247,"caption":"XACT Skate Shop"},"image":{"@id":"http:\/\/xactskateshop.com\/fr\/#\/schema\/logo\/image\/"},"sameAs":["https:\/\/www.facebook.com\/JeanLouiskateshop"]}]}},"_links":{"self":[{"href":"https:\/\/xactskateshop.com\/fr\/wp-json\/wp\/v2\/product\/55015","targetHints":{"allow":["GET"]}}],"collection":[{"href":"https:\/\/xactskateshop.com\/fr\/wp-json\/wp\/v2\/product"}],"about":[{"href":"https:\/\/xactskateshop.com\/fr\/wp-json\/wp\/v2\/types\/product"}],"replies":[{"embeddable":true,"href":"https:\/\/xactskateshop.com\/fr\/wp-json\/wp\/v2\/comments?post=55015"}],"wp:featuredmedia":[{"embeddable":true,"href":"https:\/\/xactskateshop.com\/fr\/wp-json\/wp\/v2\/media\/54919"}],"wp:attachment":[{"href":"https:\/\/xactskateshop.com\/fr\/wp-json\/wp\/v2\/media?parent=55015"}],"wp:term":[{"taxonomy":"product_brand","embeddable":true,"href":"https:\/\/xactskateshop.com\/fr\/wp-json\/wp\/v2\/product_brand?post=55015"},{"taxonomy":"product_cat","embeddable":true,"href":"https:\/\/xactskateshop.com\/fr\/wp-json\/wp\/v2\/product_cat?post=55015"},{"taxonomy":"product_tag","embeddable":true,"href":"https:\/\/xactskateshop.com\/fr\/wp-json\/wp\/v2\/product_tag?post=55015"}],"curies":[{"name":"wp","href":"https:\/\/api.w.org\/{rel}","templated":true}]}}