{"id":54998,"date":"2025-05-17T11:52:54","date_gmt":"2025-05-17T15:52:54","guid":{"rendered":"http:\/\/xactskateshop.com\/product\/paquet-skate-tec-x-ttt-12c27\/"},"modified":"2025-09-25T16:19:44","modified_gmt":"2025-09-25T20:19:44","slug":"ensemble-longue-piste-skate-tec-x-ttt-12c27","status":"publish","type":"product","link":"https:\/\/xactskateshop.com\/fr\/produit\/ensemble-longue-piste-skate-tec-x-ttt-12c27\/","title":{"rendered":"Ensemble longue piste SKATE-TEC X\/TTT 12c27"},"content":{"rendered":"<p>SKATE-TEC X\/TTT 12c27<\/p>\n<p>***** VEUILLEZ PR\u00c9CISER LA LONGUEUR DE LA LAME DANS LA CASE COMMENTAIRE.<\/p>\n<p>***** LA TAILLE DU PONT SERA FONCTION DE LA TAILLE DE LA BOTTINE.<\/p>\n<p><strong>Bottes Skate-Tec X Lt<\/strong><\/p>\n<ul>\n<li>Thermo ajust\u00e9<\/li>\n<li>Coupe l\u00e9g\u00e8re en fibre de carbone<\/li>\n<li>Poches de cheville en thermofoam souple<\/li>\n<li>Adaptation universelle et comp\u00e9titive<\/li>\n<li>Couvre lacets en PU\/Lycra<\/li>\n<li>Int\u00e9rieur en cuir de veau<\/li>\n<\/ul>\n<p><strong>Skate-Tec TTT 12c27<\/strong><\/p>\n<ul class=\"productspecs\">\n<li>aluminium de haute qualit\u00e9 de la s\u00e9rie 7000<\/li>\n<li>L&#8217;acier 12C27 conserve un tranchant et une qualit\u00e9 d&#8217;ar\u00eate excellents.<\/li>\n<li>Ponts en aluminium de s\u00e9rie 7000 frais\u00e9s avec pr\u00e9cision<\/li>\n<li>Pivots, mat\u00e9riel de montage et ressorts de haute qualit\u00e9<\/li>\n<li>Tension du ressort facilement r\u00e9glable<\/li>\n<li>Syst\u00e8me d&#8217;amortissement du c\u00f4ne arri\u00e8re<\/li>\n<\/ul>\n<p>Syst\u00e8me de montage des ressorts<\/p>\n<p>Toutes nos lames longtrack sont dot\u00e9es d&#8217;un syst\u00e8me de montage \u00e0 ressort unique. Tous les rouages sont dissimul\u00e9s \u00e0 l&#8217;int\u00e9rieur du patin, ce qui lui conf\u00e8re une allure \u00e9l\u00e9gante tout en \u00e9tant facilement rempla\u00e7able. Ce syst\u00e8me pr\u00e9sente l&#8217;avantage suppl\u00e9mentaire de permettre au patineur de se pencher plus pr\u00e8s de la glace sans craindre de la racler, ce qui est utile lorsque le patinage de vitesse devient de plus en plus rapide.<\/p>\n<p>N&#8217;OUBLIEZ PAS DE LES FAIRE PREPARER : <a href=\"http:\/\/xactskateshop.com\/product\/short-track-blade-rockering\/\">rocker<\/a><\/p>\n<p>Pour en savoir plus sur Skate-Tec <a href=\"https:\/\/skate-tec.com\/about.html\">, cliquez ici<\/a><\/p>\n","protected":false},"excerpt":{"rendered":"<hr \/>\n<p style=\"text-align: center;\">SKATE-TEC X\/TTT 12c27<\/p>\n<p style=\"text-align: center;\">L&#8217;un des forfaits LT les plus abordables sur le march\u00e9 en ce moment !<\/p>\n","protected":false},"featured_media":54282,"comment_status":"closed","ping_status":"closed","template":"","meta":{"site-sidebar-layout":"default","site-content-layout":"default","ast-site-content-layout":"default","site-content-style":"default","site-sidebar-style":"default","ast-global-header-display":"","ast-banner-title-visibility":"","ast-main-header-display":"","ast-hfb-above-header-display":"","ast-hfb-below-header-display":"","ast-hfb-mobile-header-display":"","site-post-title":"","ast-breadcrumbs-content":"","ast-featured-img":"","footer-sml-layout":"","theme-transparent-header-meta":"default","adv-header-id-meta":"","stick-header-meta":"","header-above-stick-meta":"","header-main-stick-meta":"","header-below-stick-meta":"","astra-migrate-meta-layouts":"set","ast-page-background-enabled":"default","ast-page-background-meta":{"desktop":{"background-color":"","background-image":"","background-repeat":"repeat","background-position":"center center","background-size":"auto","background-attachment":"scroll","background-type":"","background-media":"","overlay-type":"","overlay-color":"","overlay-opacity":"","overlay-gradient":""},"tablet":{"background-color":"","background-image":"","background-repeat":"repeat","background-position":"center center","background-size":"auto","background-attachment":"scroll","background-type":"","background-media":"","overlay-type":"","overlay-color":"","overlay-opacity":"","overlay-gradient":""},"mobile":{"background-color":"","background-image":"","background-repeat":"repeat","background-position":"center center","background-size":"auto","background-attachment":"scroll","background-type":"","background-media":"","overlay-type":"","overlay-color":"","overlay-opacity":"","overlay-gradient":""}},"ast-content-background-meta":{"desktop":{"background-color":"var(--ast-global-color-5)","background-image":"","background-repeat":"repeat","background-position":"center center","background-size":"auto","background-attachment":"scroll","background-type":"","background-media":"","overlay-type":"","overlay-color":"","overlay-opacity":"","overlay-gradient":""},"tablet":{"background-color":"var(--ast-global-color-5)","background-image":"","background-repeat":"repeat","background-position":"center center","background-size":"auto","background-attachment":"scroll","background-type":"","background-media":"","overlay-type":"","overlay-color":"","overlay-opacity":"","overlay-gradient":""},"mobile":{"background-color":"var(--ast-global-color-5)","background-image":"","background-repeat":"repeat","background-position":"center center","background-size":"auto","background-attachment":"scroll","background-type":"","background-media":"","overlay-type":"","overlay-color":"","overlay-opacity":"","overlay-gradient":""}}},"product_brand":[],"product_cat":[1829,1431,1353],"product_tag":[],"class_list":{"0":"post-54998","1":"product","2":"type-product","3":"status-publish","4":"has-post-thumbnail","6":"product_cat-ensembles-bottines-et-lames-longue-piste","7":"product_cat-longue-piste","8":"product_cat-patinage-de-vitesse","9":"desktop-align-center","10":"tablet-align-center","11":"mobile-align-center","12":"ast-product-gallery-layout-horizontal","13":"ast-product-single-variable","14":"ast-product-tabs-layout-horizontal","15":"ast-qv-on-image","17":"first","18":"instock","19":"sale","20":"taxable","21":"shipping-taxable","22":"purchasable","23":"product-type-variable"},"bundled_by":[],"bundle_stock_status":"instock","bundle_stock_quantity":null,"bundle_virtual":false,"bundle_layout":"","bundle_add_to_cart_form_location":"","bundle_editable_in_cart":false,"bundle_sold_individually_context":"","bundle_item_grouping":"","bundle_min_size":"","bundle_max_size":"","bundle_price":[],"bundled_items":[],"bundle_sell_ids":[],"yoast_head":"<!-- This site is optimized with the Yoast SEO plugin v27.4 - https:\/\/yoast.com\/product\/yoast-seo-wordpress\/ -->\n<title>Skate-Tec X\/TTT 12c27 - Xact Skate Shop<\/title>\n<meta name=\"description\" content=\"Skate-Tec X\/TTT 12c27 : Bottines Skate-Tec X et lames TTT 12c27. Obtenez le v\u00f4tre ici ! Xact Skate Shop, tous les \u00e9quipements pour tous les patineurs !\" \/>\n<meta name=\"robots\" content=\"index, follow, max-snippet:-1, max-image-preview:large, max-video-preview:-1\" \/>\n<link rel=\"canonical\" href=\"https:\/\/xactskateshop.com\/fr\/produit\/ensemble-longue-piste-skate-tec-x-ttt-12c27\/\" \/>\n<meta property=\"og:locale\" content=\"fr_FR\" \/>\n<meta property=\"og:type\" content=\"article\" \/>\n<meta property=\"og:title\" content=\"Skate-Tec X\/TTT 12c27 - Xact Skate Shop\" \/>\n<meta property=\"og:description\" content=\"Skate-Tec X\/TTT 12c27 : Bottines Skate-Tec X et lames TTT 12c27. Obtenez le v\u00f4tre ici ! Xact Skate Shop, tous les \u00e9quipements pour tous les patineurs !\" \/>\n<meta property=\"og:url\" content=\"https:\/\/xactskateshop.com\/fr\/produit\/ensemble-longue-piste-skate-tec-x-ttt-12c27\/\" \/>\n<meta property=\"og:site_name\" content=\"Xact Skate Shop\" \/>\n<meta property=\"article:publisher\" content=\"https:\/\/www.facebook.com\/JeanLouiskateshop\" \/>\n<meta property=\"article:modified_time\" content=\"2025-09-25T20:19:44+00:00\" \/>\n<meta property=\"og:image\" content=\"https:\/\/xactskateshop.com\/wp-content\/uploads\/2025\/05\/evo-ttt-12c27-Lt-x-package.jpg\" \/>\n\t<meta property=\"og:image:width\" content=\"1000\" \/>\n\t<meta property=\"og:image:height\" content=\"1000\" \/>\n\t<meta property=\"og:image:type\" content=\"image\/jpeg\" \/>\n<meta name=\"twitter:card\" content=\"summary_large_image\" \/>\n<meta name=\"twitter:label1\" content=\"Dur\u00e9e de lecture estim\u00e9e\" \/>\n\t<meta name=\"twitter:data1\" content=\"2 minutes\" \/>\n<script type=\"application\/ld+json\" class=\"yoast-schema-graph\">{\"@context\":\"https:\\\/\\\/schema.org\",\"@graph\":[{\"@type\":\"WebPage\",\"@id\":\"https:\\\/\\\/xactskateshop.com\\\/fr\\\/produit\\\/ensemble-longue-piste-skate-tec-x-ttt-12c27\\\/\",\"url\":\"https:\\\/\\\/xactskateshop.com\\\/fr\\\/produit\\\/ensemble-longue-piste-skate-tec-x-ttt-12c27\\\/\",\"name\":\"Skate-Tec X\\\/TTT 12c27 - Xact Skate Shop\",\"isPartOf\":{\"@id\":\"http:\\\/\\\/xactskateshop.com\\\/fr\\\/#website\"},\"primaryImageOfPage\":{\"@id\":\"https:\\\/\\\/xactskateshop.com\\\/fr\\\/produit\\\/ensemble-longue-piste-skate-tec-x-ttt-12c27\\\/#primaryimage\"},\"image\":{\"@id\":\"https:\\\/\\\/xactskateshop.com\\\/fr\\\/produit\\\/ensemble-longue-piste-skate-tec-x-ttt-12c27\\\/#primaryimage\"},\"thumbnailUrl\":\"https:\\\/\\\/xactskateshop.com\\\/wp-content\\\/uploads\\\/2025\\\/05\\\/evo-ttt-12c27-Lt-x-package.jpg\",\"datePublished\":\"2025-05-17T15:52:54+00:00\",\"dateModified\":\"2025-09-25T20:19:44+00:00\",\"description\":\"Skate-Tec X\\\/TTT 12c27 : Bottines Skate-Tec X et lames TTT 12c27. Obtenez le v\u00f4tre ici ! Xact Skate Shop, tous les \u00e9quipements pour tous les patineurs !\",\"breadcrumb\":{\"@id\":\"https:\\\/\\\/xactskateshop.com\\\/fr\\\/produit\\\/ensemble-longue-piste-skate-tec-x-ttt-12c27\\\/#breadcrumb\"},\"inLanguage\":\"fr-FR\",\"potentialAction\":[{\"@type\":\"ReadAction\",\"target\":[\"https:\\\/\\\/xactskateshop.com\\\/fr\\\/produit\\\/ensemble-longue-piste-skate-tec-x-ttt-12c27\\\/\"]}]},{\"@type\":\"ImageObject\",\"inLanguage\":\"fr-FR\",\"@id\":\"https:\\\/\\\/xactskateshop.com\\\/fr\\\/produit\\\/ensemble-longue-piste-skate-tec-x-ttt-12c27\\\/#primaryimage\",\"url\":\"https:\\\/\\\/xactskateshop.com\\\/wp-content\\\/uploads\\\/2025\\\/05\\\/evo-ttt-12c27-Lt-x-package.jpg\",\"contentUrl\":\"https:\\\/\\\/xactskateshop.com\\\/wp-content\\\/uploads\\\/2025\\\/05\\\/evo-ttt-12c27-Lt-x-package.jpg\",\"width\":1000,\"height\":1000,\"caption\":\"Skate-Tec X\\\/TTT 12c27\"},{\"@type\":\"BreadcrumbList\",\"@id\":\"https:\\\/\\\/xactskateshop.com\\\/fr\\\/produit\\\/ensemble-longue-piste-skate-tec-x-ttt-12c27\\\/#breadcrumb\",\"itemListElement\":[{\"@type\":\"ListItem\",\"position\":1,\"name\":\"Home\",\"item\":\"https:\\\/\\\/xactskateshop.com\\\/fr\\\/accueil\\\/\"},{\"@type\":\"ListItem\",\"position\":2,\"name\":\"Boutique\",\"item\":\"https:\\\/\\\/xactskateshop.com\\\/shop\\\/\"},{\"@type\":\"ListItem\",\"position\":3,\"name\":\"Ensemble longue piste SKATE-TEC X\\\/TTT 12c27\"}]},{\"@type\":\"WebSite\",\"@id\":\"http:\\\/\\\/xactskateshop.com\\\/fr\\\/#website\",\"url\":\"http:\\\/\\\/xactskateshop.com\\\/fr\\\/\",\"name\":\"Xact Skate Shop\",\"description\":\"Un site utilisant WordPress\",\"publisher\":{\"@id\":\"http:\\\/\\\/xactskateshop.com\\\/fr\\\/#organization\"},\"potentialAction\":[{\"@type\":\"SearchAction\",\"target\":{\"@type\":\"EntryPoint\",\"urlTemplate\":\"http:\\\/\\\/xactskateshop.com\\\/fr\\\/?s={search_term_string}\"},\"query-input\":{\"@type\":\"PropertyValueSpecification\",\"valueRequired\":true,\"valueName\":\"search_term_string\"}}],\"inLanguage\":\"fr-FR\"},{\"@type\":\"Organization\",\"@id\":\"http:\\\/\\\/xactskateshop.com\\\/fr\\\/#organization\",\"name\":\"XACT Skate Shop\",\"url\":\"http:\\\/\\\/xactskateshop.com\\\/fr\\\/\",\"logo\":{\"@type\":\"ImageObject\",\"inLanguage\":\"fr-FR\",\"@id\":\"http:\\\/\\\/xactskateshop.com\\\/fr\\\/#\\\/schema\\\/logo\\\/image\\\/\",\"url\":\"http:\\\/\\\/xactskateshop.com\\\/wp-content\\\/uploads\\\/2024\\\/04\\\/xactskateshop-dot-com-avec-contour-noir-sans-fond-675x.jpg\",\"contentUrl\":\"http:\\\/\\\/xactskateshop.com\\\/wp-content\\\/uploads\\\/2024\\\/04\\\/xactskateshop-dot-com-avec-contour-noir-sans-fond-675x.jpg\",\"width\":675,\"height\":247,\"caption\":\"XACT Skate Shop\"},\"image\":{\"@id\":\"http:\\\/\\\/xactskateshop.com\\\/fr\\\/#\\\/schema\\\/logo\\\/image\\\/\"},\"sameAs\":[\"https:\\\/\\\/www.facebook.com\\\/JeanLouiskateshop\"]}]}<\/script>\n<!-- \/ Yoast SEO plugin. -->","yoast_head_json":{"title":"Skate-Tec X\/TTT 12c27 - Xact Skate Shop","description":"Skate-Tec X\/TTT 12c27 : Bottines Skate-Tec X et lames TTT 12c27. Obtenez le v\u00f4tre ici ! Xact Skate Shop, tous les \u00e9quipements pour tous les patineurs !","robots":{"index":"index","follow":"follow","max-snippet":"max-snippet:-1","max-image-preview":"max-image-preview:large","max-video-preview":"max-video-preview:-1"},"canonical":"https:\/\/xactskateshop.com\/fr\/produit\/ensemble-longue-piste-skate-tec-x-ttt-12c27\/","og_locale":"fr_FR","og_type":"article","og_title":"Skate-Tec X\/TTT 12c27 - Xact Skate Shop","og_description":"Skate-Tec X\/TTT 12c27 : Bottines Skate-Tec X et lames TTT 12c27. Obtenez le v\u00f4tre ici ! Xact Skate Shop, tous les \u00e9quipements pour tous les patineurs !","og_url":"https:\/\/xactskateshop.com\/fr\/produit\/ensemble-longue-piste-skate-tec-x-ttt-12c27\/","og_site_name":"Xact Skate Shop","article_publisher":"https:\/\/www.facebook.com\/JeanLouiskateshop","article_modified_time":"2025-09-25T20:19:44+00:00","og_image":[{"width":1000,"height":1000,"url":"https:\/\/xactskateshop.com\/wp-content\/uploads\/2025\/05\/evo-ttt-12c27-Lt-x-package.jpg","type":"image\/jpeg"}],"twitter_card":"summary_large_image","twitter_misc":{"Dur\u00e9e de lecture estim\u00e9e":"2 minutes"},"schema":{"@context":"https:\/\/schema.org","@graph":[{"@type":"WebPage","@id":"https:\/\/xactskateshop.com\/fr\/produit\/ensemble-longue-piste-skate-tec-x-ttt-12c27\/","url":"https:\/\/xactskateshop.com\/fr\/produit\/ensemble-longue-piste-skate-tec-x-ttt-12c27\/","name":"Skate-Tec X\/TTT 12c27 - Xact Skate Shop","isPartOf":{"@id":"http:\/\/xactskateshop.com\/fr\/#website"},"primaryImageOfPage":{"@id":"https:\/\/xactskateshop.com\/fr\/produit\/ensemble-longue-piste-skate-tec-x-ttt-12c27\/#primaryimage"},"image":{"@id":"https:\/\/xactskateshop.com\/fr\/produit\/ensemble-longue-piste-skate-tec-x-ttt-12c27\/#primaryimage"},"thumbnailUrl":"https:\/\/xactskateshop.com\/wp-content\/uploads\/2025\/05\/evo-ttt-12c27-Lt-x-package.jpg","datePublished":"2025-05-17T15:52:54+00:00","dateModified":"2025-09-25T20:19:44+00:00","description":"Skate-Tec X\/TTT 12c27 : Bottines Skate-Tec X et lames TTT 12c27. Obtenez le v\u00f4tre ici ! Xact Skate Shop, tous les \u00e9quipements pour tous les patineurs !","breadcrumb":{"@id":"https:\/\/xactskateshop.com\/fr\/produit\/ensemble-longue-piste-skate-tec-x-ttt-12c27\/#breadcrumb"},"inLanguage":"fr-FR","potentialAction":[{"@type":"ReadAction","target":["https:\/\/xactskateshop.com\/fr\/produit\/ensemble-longue-piste-skate-tec-x-ttt-12c27\/"]}]},{"@type":"ImageObject","inLanguage":"fr-FR","@id":"https:\/\/xactskateshop.com\/fr\/produit\/ensemble-longue-piste-skate-tec-x-ttt-12c27\/#primaryimage","url":"https:\/\/xactskateshop.com\/wp-content\/uploads\/2025\/05\/evo-ttt-12c27-Lt-x-package.jpg","contentUrl":"https:\/\/xactskateshop.com\/wp-content\/uploads\/2025\/05\/evo-ttt-12c27-Lt-x-package.jpg","width":1000,"height":1000,"caption":"Skate-Tec X\/TTT 12c27"},{"@type":"BreadcrumbList","@id":"https:\/\/xactskateshop.com\/fr\/produit\/ensemble-longue-piste-skate-tec-x-ttt-12c27\/#breadcrumb","itemListElement":[{"@type":"ListItem","position":1,"name":"Home","item":"https:\/\/xactskateshop.com\/fr\/accueil\/"},{"@type":"ListItem","position":2,"name":"Boutique","item":"https:\/\/xactskateshop.com\/shop\/"},{"@type":"ListItem","position":3,"name":"Ensemble longue piste SKATE-TEC X\/TTT 12c27"}]},{"@type":"WebSite","@id":"http:\/\/xactskateshop.com\/fr\/#website","url":"http:\/\/xactskateshop.com\/fr\/","name":"Xact Skate Shop","description":"Un site utilisant WordPress","publisher":{"@id":"http:\/\/xactskateshop.com\/fr\/#organization"},"potentialAction":[{"@type":"SearchAction","target":{"@type":"EntryPoint","urlTemplate":"http:\/\/xactskateshop.com\/fr\/?s={search_term_string}"},"query-input":{"@type":"PropertyValueSpecification","valueRequired":true,"valueName":"search_term_string"}}],"inLanguage":"fr-FR"},{"@type":"Organization","@id":"http:\/\/xactskateshop.com\/fr\/#organization","name":"XACT Skate Shop","url":"http:\/\/xactskateshop.com\/fr\/","logo":{"@type":"ImageObject","inLanguage":"fr-FR","@id":"http:\/\/xactskateshop.com\/fr\/#\/schema\/logo\/image\/","url":"http:\/\/xactskateshop.com\/wp-content\/uploads\/2024\/04\/xactskateshop-dot-com-avec-contour-noir-sans-fond-675x.jpg","contentUrl":"http:\/\/xactskateshop.com\/wp-content\/uploads\/2024\/04\/xactskateshop-dot-com-avec-contour-noir-sans-fond-675x.jpg","width":675,"height":247,"caption":"XACT Skate Shop"},"image":{"@id":"http:\/\/xactskateshop.com\/fr\/#\/schema\/logo\/image\/"},"sameAs":["https:\/\/www.facebook.com\/JeanLouiskateshop"]}]}},"_links":{"self":[{"href":"https:\/\/xactskateshop.com\/fr\/wp-json\/wp\/v2\/product\/54998","targetHints":{"allow":["GET"]}}],"collection":[{"href":"https:\/\/xactskateshop.com\/fr\/wp-json\/wp\/v2\/product"}],"about":[{"href":"https:\/\/xactskateshop.com\/fr\/wp-json\/wp\/v2\/types\/product"}],"replies":[{"embeddable":true,"href":"https:\/\/xactskateshop.com\/fr\/wp-json\/wp\/v2\/comments?post=54998"}],"wp:featuredmedia":[{"embeddable":true,"href":"https:\/\/xactskateshop.com\/fr\/wp-json\/wp\/v2\/media\/54282"}],"wp:attachment":[{"href":"https:\/\/xactskateshop.com\/fr\/wp-json\/wp\/v2\/media?parent=54998"}],"wp:term":[{"taxonomy":"product_brand","embeddable":true,"href":"https:\/\/xactskateshop.com\/fr\/wp-json\/wp\/v2\/product_brand?post=54998"},{"taxonomy":"product_cat","embeddable":true,"href":"https:\/\/xactskateshop.com\/fr\/wp-json\/wp\/v2\/product_cat?post=54998"},{"taxonomy":"product_tag","embeddable":true,"href":"https:\/\/xactskateshop.com\/fr\/wp-json\/wp\/v2\/product_tag?post=54998"}],"curies":[{"name":"wp","href":"https:\/\/api.w.org\/{rel}","templated":true}]}}