{"id":54995,"date":"2025-05-22T11:28:15","date_gmt":"2025-05-22T15:28:15","guid":{"rendered":"http:\/\/xactskateshop.com\/product\/jauge-de-rayon-de-precision-staybent\/"},"modified":"2025-09-18T14:06:08","modified_gmt":"2025-09-18T18:06:08","slug":"jauge-de-rayon-de-precision-staybent","status":"publish","type":"product","link":"https:\/\/xactskateshop.com\/fr\/produit\/jauge-de-rayon-de-precision-staybent\/","title":{"rendered":"Jauge de rayon de pr\u00e9cision STAYBENT"},"content":{"rendered":"<p>La nouvelle jauge de pr\u00e9cision brevet\u00e9e StayBent pour mesurer le rayon et la courbure des lames de patins de vitesse est le meilleur outil et le plus simple pour v\u00e9rifier le rayon et la courbure des lames de patins de vitesse longue piste et courte piste.<\/p>\n<p>La jauge StayBent a \u00e9t\u00e9 d\u00e9velopp\u00e9e pendant deux ans, avec des tests approfondis et les commentaires de certains des meilleurs entra\u00eeneurs du sport. Dans le but de cr\u00e9er un nouvel outil de mesure de la lame qui soit facile \u00e0 utiliser pour les techniciens de la lame, qu&#8217;ils soient nouveaux ou exp\u00e9riment\u00e9s, StayBent s&#8217;est pench\u00e9 sur les probl\u00e8mes que posaient les outils existants et s&#8217;est ensuite remis \u00e0 la planche \u00e0 dessin.<\/p>\n<p>La jauge StayBent int\u00e8gre le cadre le plus bas et un indicateur \u00e0 cadran du march\u00e9 pour aider les techniciens \u00e0 mesurer de mani\u00e8re fiable les surfaces de glissement de la lame sans \u00eatre instable et &#8220;basculante&#8221;.<\/p>\n<p>Pour am\u00e9liorer encore la stabilit\u00e9, StayBent a incorpor\u00e9 des aimants dans le cadre de la jauge. Contrairement \u00e0 d&#8217;autres jauges, la conception de StayBent permet aux techniciens de repositionner les aimants pour diminuer leur force, et d&#8217;utiliser des aimants plus forts ou plus faibles si n\u00e9cessaire. Les aimants sont positionn\u00e9s avec pr\u00e9cision de mani\u00e8re \u00e0 \u00e9viter le probl\u00e8me de la d\u00e9viation de la lame lors de la mesure de la courbure, ce qui permet d&#8217;obtenir des mesures fiables et reproductibles. En outre, les aimants peuvent \u00eatre retir\u00e9s si le technicien pr\u00e9f\u00e8re une conception non magn\u00e9tique, ainsi que pour le nettoyage et l&#8217;entretien de la jauge.<\/p>\n<p>Autre innovation, StayBent a incorpor\u00e9 des poign\u00e9es thermiquement isolantes pour \u00e9viter que la temp\u00e9rature de la main du technicien n&#8217;augmente la temp\u00e9rature du cadre de la jauge lors d&#8217;une utilisation prolong\u00e9e. Comme les mat\u00e9riaux se dilatent \u00e0 des vitesses diff\u00e9rentes, le fait d&#8217;avoir une temp\u00e9rature stable pendant le processus de mesure permet d&#8217;am\u00e9liorer la coh\u00e9rence des mesures prises par des outils tr\u00e8s pr\u00e9cis tels qu&#8217;une jauge de rayon de patin.<\/p>\n<p>La forme du cadre de la jauge StayBent est telle qu&#8217;elle peut \u00eatre utilis\u00e9e avec les patins dans la plupart des gabarits d&#8217;aff\u00fbtage sans craindre d&#8217;entrer en contact avec les pinces du gabarit. Cette caract\u00e9ristique est essentielle pour les techniciens qui doivent rogner les lames \u00e0 la main, car elle leur \u00e9vite d&#8217;avoir \u00e0 retirer les patins du dispositif pour prendre des mesures \u00e0 l&#8217;avant et \u00e0 l&#8217;arri\u00e8re des lames.<\/p>\n<p>StayBent ne fabrique que des outils pour le patinage de vitesse. Pourquoi feriez-vous confiance \u00e0 un touche-\u00e0-tout pour fabriquer les outils dont vous avez besoin pour pr\u00e9parer vos lames ?<\/p>\n<p><strong>Caract\u00e9ristiques :<\/strong><\/p>\n<ul>\n<li>Conception \u00e0 profil ultra bas avec un centre de gravit\u00e9 bas<\/li>\n<li>poign\u00e9es non thermoconductrices<\/li>\n<li>Corps principal anodis\u00e9 dur pour une durabilit\u00e9 \u00e0 long terme<\/li>\n<li>Aimants amovibles et r\u00e9glables<\/li>\n<li>Tr\u00e8s l\u00e9ger (255 grammes avec le cadran plat et le dos indicateur)<\/li>\n<li>Comprend une barre de mise \u00e0 z\u00e9ro de la lame et un mode d&#8217;emploi<\/li>\n<\/ul>\n<p><strong>REMARQUE :<\/strong> Le comparateur peut \u00eatre exp\u00e9di\u00e9 avec un dos plat ou un dos \u00e0 goujon, selon la disponibilit\u00e9 de Mitutoyo. Si vous avez une pr\u00e9f\u00e9rence pour un dos sp\u00e9cifique, veuillez en faire la demande lors de l&#8217;achat et nous ferons de notre mieux pour r\u00e9pondre \u00e0 votre demande.<\/p>\n<p>Voir d&#8217;autres jauges <a href=\"http:\/\/xactskateshop.com\/product-category\/speed-skating\/blade-maintenance\/\">ici<\/a><\/p>\n<p>Pour en savoir plus sur Staybent <a href=\"https:\/\/ehs-staybent.com\/pages\/about-us\">, cliquez ici<\/a><\/p>\n","protected":false},"excerpt":{"rendered":"<hr \/>\n<p style=\"text-align: center;\">La nouvelle jauge de rayon et de courbure brevet\u00e9e StayBent pour les lames de patins de vitesse est le meilleur outil et le plus simple pour v\u00e9rifier le rayon et la courbure des lames de patins de vitesse longue piste et courte piste.<\/p>\n<hr \/>\n<p>&nbsp;<\/p>\n","protected":false},"featured_media":54332,"comment_status":"closed","ping_status":"closed","template":"","meta":{"site-sidebar-layout":"default","site-content-layout":"default","ast-site-content-layout":"default","site-content-style":"default","site-sidebar-style":"default","ast-global-header-display":"","ast-banner-title-visibility":"","ast-main-header-display":"","ast-hfb-above-header-display":"","ast-hfb-below-header-display":"","ast-hfb-mobile-header-display":"","site-post-title":"","ast-breadcrumbs-content":"","ast-featured-img":"","footer-sml-layout":"","theme-transparent-header-meta":"default","adv-header-id-meta":"","stick-header-meta":"","header-above-stick-meta":"","header-main-stick-meta":"","header-below-stick-meta":"","astra-migrate-meta-layouts":"set","ast-page-background-enabled":"default","ast-page-background-meta":{"desktop":{"background-color":"","background-image":"","background-repeat":"repeat","background-position":"center center","background-size":"auto","background-attachment":"scroll","background-type":"","background-media":"","overlay-type":"","overlay-color":"","overlay-opacity":"","overlay-gradient":""},"tablet":{"background-color":"","background-image":"","background-repeat":"repeat","background-position":"center center","background-size":"auto","background-attachment":"scroll","background-type":"","background-media":"","overlay-type":"","overlay-color":"","overlay-opacity":"","overlay-gradient":""},"mobile":{"background-color":"","background-image":"","background-repeat":"repeat","background-position":"center center","background-size":"auto","background-attachment":"scroll","background-type":"","background-media":"","overlay-type":"","overlay-color":"","overlay-opacity":"","overlay-gradient":""}},"ast-content-background-meta":{"desktop":{"background-color":"var(--ast-global-color-5)","background-image":"","background-repeat":"repeat","background-position":"center center","background-size":"auto","background-attachment":"scroll","background-type":"","background-media":"","overlay-type":"","overlay-color":"","overlay-opacity":"","overlay-gradient":""},"tablet":{"background-color":"var(--ast-global-color-5)","background-image":"","background-repeat":"repeat","background-position":"center center","background-size":"auto","background-attachment":"scroll","background-type":"","background-media":"","overlay-type":"","overlay-color":"","overlay-opacity":"","overlay-gradient":""},"mobile":{"background-color":"var(--ast-global-color-5)","background-image":"","background-repeat":"repeat","background-position":"center center","background-size":"auto","background-attachment":"scroll","background-type":"","background-media":"","overlay-type":"","overlay-color":"","overlay-opacity":"","overlay-gradient":""}}},"product_brand":[],"product_cat":[1500,1353],"product_tag":[],"class_list":{"0":"post-54995","1":"product","2":"type-product","3":"status-publish","4":"has-post-thumbnail","6":"product_cat-entretien-des-lames-fr","7":"product_cat-patinage-de-vitesse","8":"desktop-align-center","9":"tablet-align-center","10":"mobile-align-center","11":"ast-product-gallery-layout-horizontal","12":"ast-product-tabs-layout-horizontal","13":"ast-qv-on-image","15":"first","16":"instock","17":"taxable","18":"shipping-taxable","19":"purchasable","20":"product-type-simple"},"bundled_by":[],"bundle_stock_status":"instock","bundle_stock_quantity":1,"bundle_virtual":false,"bundle_layout":"","bundle_add_to_cart_form_location":"","bundle_editable_in_cart":false,"bundle_sold_individually_context":"","bundle_item_grouping":"","bundle_min_size":"","bundle_max_size":"","bundle_price":[],"bundled_items":[],"bundle_sell_ids":[],"yoast_head":"<!-- This site is optimized with the Yoast SEO plugin v27.4 - https:\/\/yoast.com\/product\/yoast-seo-wordpress\/ -->\n<title>Jauge de rayon de pr\u00e9cision STAYBENT - Xact Skate Shop<\/title>\n<meta name=\"description\" content=\"Jauge de rayon de pr\u00e9cision STAYBENT. La jauge brevet\u00e9e StayBent est le meilleur outil et le plus simple pour contr\u00f4ler le rayon et la courbure des lames LT et ST.\" \/>\n<meta name=\"robots\" content=\"index, follow, max-snippet:-1, max-image-preview:large, max-video-preview:-1\" \/>\n<link rel=\"canonical\" href=\"https:\/\/xactskateshop.com\/fr\/produit\/jauge-de-rayon-de-precision-staybent\/\" \/>\n<meta property=\"og:locale\" content=\"fr_FR\" \/>\n<meta property=\"og:type\" content=\"article\" \/>\n<meta property=\"og:title\" content=\"Jauge de rayon de pr\u00e9cision STAYBENT - Xact Skate Shop\" \/>\n<meta property=\"og:description\" content=\"Jauge de rayon de pr\u00e9cision STAYBENT. La jauge brevet\u00e9e StayBent est le meilleur outil et le plus simple pour contr\u00f4ler le rayon et la courbure des lames LT et ST.\" \/>\n<meta property=\"og:url\" content=\"https:\/\/xactskateshop.com\/fr\/produit\/jauge-de-rayon-de-precision-staybent\/\" \/>\n<meta property=\"og:site_name\" content=\"Xact Skate Shop\" \/>\n<meta property=\"article:publisher\" content=\"https:\/\/www.facebook.com\/JeanLouiskateshop\" \/>\n<meta property=\"article:modified_time\" content=\"2025-09-18T18:06:08+00:00\" \/>\n<meta property=\"og:image\" content=\"https:\/\/xactskateshop.com\/wp-content\/uploads\/2025\/05\/Gauge-4.jpg\" \/>\n\t<meta property=\"og:image:width\" content=\"1000\" \/>\n\t<meta property=\"og:image:height\" content=\"1000\" \/>\n\t<meta property=\"og:image:type\" content=\"image\/jpeg\" \/>\n<meta name=\"twitter:card\" content=\"summary_large_image\" \/>\n<meta name=\"twitter:label1\" content=\"Dur\u00e9e de lecture estim\u00e9e\" \/>\n\t<meta name=\"twitter:data1\" content=\"3 minutes\" \/>\n<script type=\"application\/ld+json\" class=\"yoast-schema-graph\">{\"@context\":\"https:\\\/\\\/schema.org\",\"@graph\":[{\"@type\":\"WebPage\",\"@id\":\"https:\\\/\\\/xactskateshop.com\\\/fr\\\/produit\\\/jauge-de-rayon-de-precision-staybent\\\/\",\"url\":\"https:\\\/\\\/xactskateshop.com\\\/fr\\\/produit\\\/jauge-de-rayon-de-precision-staybent\\\/\",\"name\":\"Jauge de rayon de pr\u00e9cision STAYBENT - Xact Skate Shop\",\"isPartOf\":{\"@id\":\"http:\\\/\\\/xactskateshop.com\\\/fr\\\/#website\"},\"primaryImageOfPage\":{\"@id\":\"https:\\\/\\\/xactskateshop.com\\\/fr\\\/produit\\\/jauge-de-rayon-de-precision-staybent\\\/#primaryimage\"},\"image\":{\"@id\":\"https:\\\/\\\/xactskateshop.com\\\/fr\\\/produit\\\/jauge-de-rayon-de-precision-staybent\\\/#primaryimage\"},\"thumbnailUrl\":\"https:\\\/\\\/xactskateshop.com\\\/wp-content\\\/uploads\\\/2025\\\/05\\\/Gauge-4.jpg\",\"datePublished\":\"2025-05-22T15:28:15+00:00\",\"dateModified\":\"2025-09-18T18:06:08+00:00\",\"description\":\"Jauge de rayon de pr\u00e9cision STAYBENT. La jauge brevet\u00e9e StayBent est le meilleur outil et le plus simple pour contr\u00f4ler le rayon et la courbure des lames LT et ST.\",\"breadcrumb\":{\"@id\":\"https:\\\/\\\/xactskateshop.com\\\/fr\\\/produit\\\/jauge-de-rayon-de-precision-staybent\\\/#breadcrumb\"},\"inLanguage\":\"fr-FR\",\"potentialAction\":[{\"@type\":\"ReadAction\",\"target\":[\"https:\\\/\\\/xactskateshop.com\\\/fr\\\/produit\\\/jauge-de-rayon-de-precision-staybent\\\/\"]}]},{\"@type\":\"ImageObject\",\"inLanguage\":\"fr-FR\",\"@id\":\"https:\\\/\\\/xactskateshop.com\\\/fr\\\/produit\\\/jauge-de-rayon-de-precision-staybent\\\/#primaryimage\",\"url\":\"https:\\\/\\\/xactskateshop.com\\\/wp-content\\\/uploads\\\/2025\\\/05\\\/Gauge-4.jpg\",\"contentUrl\":\"https:\\\/\\\/xactskateshop.com\\\/wp-content\\\/uploads\\\/2025\\\/05\\\/Gauge-4.jpg\",\"width\":1000,\"height\":1000,\"caption\":\"Jauge de rayon de pr\u00e9cision STAYBENT\"},{\"@type\":\"BreadcrumbList\",\"@id\":\"https:\\\/\\\/xactskateshop.com\\\/fr\\\/produit\\\/jauge-de-rayon-de-precision-staybent\\\/#breadcrumb\",\"itemListElement\":[{\"@type\":\"ListItem\",\"position\":1,\"name\":\"Home\",\"item\":\"https:\\\/\\\/xactskateshop.com\\\/fr\\\/accueil\\\/\"},{\"@type\":\"ListItem\",\"position\":2,\"name\":\"Boutique\",\"item\":\"https:\\\/\\\/xactskateshop.com\\\/shop\\\/\"},{\"@type\":\"ListItem\",\"position\":3,\"name\":\"Jauge de rayon de pr\u00e9cision STAYBENT\"}]},{\"@type\":\"WebSite\",\"@id\":\"http:\\\/\\\/xactskateshop.com\\\/fr\\\/#website\",\"url\":\"http:\\\/\\\/xactskateshop.com\\\/fr\\\/\",\"name\":\"Xact Skate Shop\",\"description\":\"Un site utilisant WordPress\",\"publisher\":{\"@id\":\"http:\\\/\\\/xactskateshop.com\\\/fr\\\/#organization\"},\"potentialAction\":[{\"@type\":\"SearchAction\",\"target\":{\"@type\":\"EntryPoint\",\"urlTemplate\":\"http:\\\/\\\/xactskateshop.com\\\/fr\\\/?s={search_term_string}\"},\"query-input\":{\"@type\":\"PropertyValueSpecification\",\"valueRequired\":true,\"valueName\":\"search_term_string\"}}],\"inLanguage\":\"fr-FR\"},{\"@type\":\"Organization\",\"@id\":\"http:\\\/\\\/xactskateshop.com\\\/fr\\\/#organization\",\"name\":\"XACT Skate Shop\",\"url\":\"http:\\\/\\\/xactskateshop.com\\\/fr\\\/\",\"logo\":{\"@type\":\"ImageObject\",\"inLanguage\":\"fr-FR\",\"@id\":\"http:\\\/\\\/xactskateshop.com\\\/fr\\\/#\\\/schema\\\/logo\\\/image\\\/\",\"url\":\"http:\\\/\\\/xactskateshop.com\\\/wp-content\\\/uploads\\\/2024\\\/04\\\/xactskateshop-dot-com-avec-contour-noir-sans-fond-675x.jpg\",\"contentUrl\":\"http:\\\/\\\/xactskateshop.com\\\/wp-content\\\/uploads\\\/2024\\\/04\\\/xactskateshop-dot-com-avec-contour-noir-sans-fond-675x.jpg\",\"width\":675,\"height\":247,\"caption\":\"XACT Skate Shop\"},\"image\":{\"@id\":\"http:\\\/\\\/xactskateshop.com\\\/fr\\\/#\\\/schema\\\/logo\\\/image\\\/\"},\"sameAs\":[\"https:\\\/\\\/www.facebook.com\\\/JeanLouiskateshop\"]}]}<\/script>\n<!-- \/ Yoast SEO plugin. -->","yoast_head_json":{"title":"Jauge de rayon de pr\u00e9cision STAYBENT - Xact Skate Shop","description":"Jauge de rayon de pr\u00e9cision STAYBENT. La jauge brevet\u00e9e StayBent est le meilleur outil et le plus simple pour contr\u00f4ler le rayon et la courbure des lames LT et ST.","robots":{"index":"index","follow":"follow","max-snippet":"max-snippet:-1","max-image-preview":"max-image-preview:large","max-video-preview":"max-video-preview:-1"},"canonical":"https:\/\/xactskateshop.com\/fr\/produit\/jauge-de-rayon-de-precision-staybent\/","og_locale":"fr_FR","og_type":"article","og_title":"Jauge de rayon de pr\u00e9cision STAYBENT - Xact Skate Shop","og_description":"Jauge de rayon de pr\u00e9cision STAYBENT. La jauge brevet\u00e9e StayBent est le meilleur outil et le plus simple pour contr\u00f4ler le rayon et la courbure des lames LT et ST.","og_url":"https:\/\/xactskateshop.com\/fr\/produit\/jauge-de-rayon-de-precision-staybent\/","og_site_name":"Xact Skate Shop","article_publisher":"https:\/\/www.facebook.com\/JeanLouiskateshop","article_modified_time":"2025-09-18T18:06:08+00:00","og_image":[{"width":1000,"height":1000,"url":"https:\/\/xactskateshop.com\/wp-content\/uploads\/2025\/05\/Gauge-4.jpg","type":"image\/jpeg"}],"twitter_card":"summary_large_image","twitter_misc":{"Dur\u00e9e de lecture estim\u00e9e":"3 minutes"},"schema":{"@context":"https:\/\/schema.org","@graph":[{"@type":"WebPage","@id":"https:\/\/xactskateshop.com\/fr\/produit\/jauge-de-rayon-de-precision-staybent\/","url":"https:\/\/xactskateshop.com\/fr\/produit\/jauge-de-rayon-de-precision-staybent\/","name":"Jauge de rayon de pr\u00e9cision STAYBENT - Xact Skate Shop","isPartOf":{"@id":"http:\/\/xactskateshop.com\/fr\/#website"},"primaryImageOfPage":{"@id":"https:\/\/xactskateshop.com\/fr\/produit\/jauge-de-rayon-de-precision-staybent\/#primaryimage"},"image":{"@id":"https:\/\/xactskateshop.com\/fr\/produit\/jauge-de-rayon-de-precision-staybent\/#primaryimage"},"thumbnailUrl":"https:\/\/xactskateshop.com\/wp-content\/uploads\/2025\/05\/Gauge-4.jpg","datePublished":"2025-05-22T15:28:15+00:00","dateModified":"2025-09-18T18:06:08+00:00","description":"Jauge de rayon de pr\u00e9cision STAYBENT. La jauge brevet\u00e9e StayBent est le meilleur outil et le plus simple pour contr\u00f4ler le rayon et la courbure des lames LT et ST.","breadcrumb":{"@id":"https:\/\/xactskateshop.com\/fr\/produit\/jauge-de-rayon-de-precision-staybent\/#breadcrumb"},"inLanguage":"fr-FR","potentialAction":[{"@type":"ReadAction","target":["https:\/\/xactskateshop.com\/fr\/produit\/jauge-de-rayon-de-precision-staybent\/"]}]},{"@type":"ImageObject","inLanguage":"fr-FR","@id":"https:\/\/xactskateshop.com\/fr\/produit\/jauge-de-rayon-de-precision-staybent\/#primaryimage","url":"https:\/\/xactskateshop.com\/wp-content\/uploads\/2025\/05\/Gauge-4.jpg","contentUrl":"https:\/\/xactskateshop.com\/wp-content\/uploads\/2025\/05\/Gauge-4.jpg","width":1000,"height":1000,"caption":"Jauge de rayon de pr\u00e9cision STAYBENT"},{"@type":"BreadcrumbList","@id":"https:\/\/xactskateshop.com\/fr\/produit\/jauge-de-rayon-de-precision-staybent\/#breadcrumb","itemListElement":[{"@type":"ListItem","position":1,"name":"Home","item":"https:\/\/xactskateshop.com\/fr\/accueil\/"},{"@type":"ListItem","position":2,"name":"Boutique","item":"https:\/\/xactskateshop.com\/shop\/"},{"@type":"ListItem","position":3,"name":"Jauge de rayon de pr\u00e9cision STAYBENT"}]},{"@type":"WebSite","@id":"http:\/\/xactskateshop.com\/fr\/#website","url":"http:\/\/xactskateshop.com\/fr\/","name":"Xact Skate Shop","description":"Un site utilisant WordPress","publisher":{"@id":"http:\/\/xactskateshop.com\/fr\/#organization"},"potentialAction":[{"@type":"SearchAction","target":{"@type":"EntryPoint","urlTemplate":"http:\/\/xactskateshop.com\/fr\/?s={search_term_string}"},"query-input":{"@type":"PropertyValueSpecification","valueRequired":true,"valueName":"search_term_string"}}],"inLanguage":"fr-FR"},{"@type":"Organization","@id":"http:\/\/xactskateshop.com\/fr\/#organization","name":"XACT Skate Shop","url":"http:\/\/xactskateshop.com\/fr\/","logo":{"@type":"ImageObject","inLanguage":"fr-FR","@id":"http:\/\/xactskateshop.com\/fr\/#\/schema\/logo\/image\/","url":"http:\/\/xactskateshop.com\/wp-content\/uploads\/2024\/04\/xactskateshop-dot-com-avec-contour-noir-sans-fond-675x.jpg","contentUrl":"http:\/\/xactskateshop.com\/wp-content\/uploads\/2024\/04\/xactskateshop-dot-com-avec-contour-noir-sans-fond-675x.jpg","width":675,"height":247,"caption":"XACT Skate Shop"},"image":{"@id":"http:\/\/xactskateshop.com\/fr\/#\/schema\/logo\/image\/"},"sameAs":["https:\/\/www.facebook.com\/JeanLouiskateshop"]}]}},"_links":{"self":[{"href":"https:\/\/xactskateshop.com\/fr\/wp-json\/wp\/v2\/product\/54995","targetHints":{"allow":["GET"]}}],"collection":[{"href":"https:\/\/xactskateshop.com\/fr\/wp-json\/wp\/v2\/product"}],"about":[{"href":"https:\/\/xactskateshop.com\/fr\/wp-json\/wp\/v2\/types\/product"}],"replies":[{"embeddable":true,"href":"https:\/\/xactskateshop.com\/fr\/wp-json\/wp\/v2\/comments?post=54995"}],"wp:featuredmedia":[{"embeddable":true,"href":"https:\/\/xactskateshop.com\/fr\/wp-json\/wp\/v2\/media\/54332"}],"wp:attachment":[{"href":"https:\/\/xactskateshop.com\/fr\/wp-json\/wp\/v2\/media?parent=54995"}],"wp:term":[{"taxonomy":"product_brand","embeddable":true,"href":"https:\/\/xactskateshop.com\/fr\/wp-json\/wp\/v2\/product_brand?post=54995"},{"taxonomy":"product_cat","embeddable":true,"href":"https:\/\/xactskateshop.com\/fr\/wp-json\/wp\/v2\/product_cat?post=54995"},{"taxonomy":"product_tag","embeddable":true,"href":"https:\/\/xactskateshop.com\/fr\/wp-json\/wp\/v2\/product_tag?post=54995"}],"curies":[{"name":"wp","href":"https:\/\/api.w.org\/{rel}","templated":true}]}}