{"id":54994,"date":"2025-07-17T12:11:55","date_gmt":"2025-07-17T16:11:55","guid":{"rendered":"http:\/\/xactskateshop.com\/product\/feuilles-diamantees-remplacables-apogee-paire\/"},"modified":"2026-01-26T14:07:44","modified_gmt":"2026-01-26T19:07:44","slug":"feuilles-diamantees-remplacables-apogee-paire","status":"publish","type":"product","link":"https:\/\/xactskateshop.com\/fr\/produit\/feuilles-diamantees-remplacables-apogee-paire\/","title":{"rendered":"Feuilles Diamant\u00e9es Rempla\u00e7ables APOGEE (Paire)"},"content":{"rendered":"<h2>Feuilles Diamant\u00e9es Rempla\u00e7ables APOGEE (Paire)<\/h2>\n<p>NOTE : Ces feuilles sont universelles et s&#8217;adaptent \u00e0 tous les syst\u00e8mes d&#8217;aff\u00fbtage diamant\u00e9s dot\u00e9s de feuilles amovibles.<\/p>\n<p>Les surfaces d&#8217;aff\u00fbtage sont fix\u00e9es sur une plaque d&#8217;aluminium parfaitement plate pour offrir une qualit\u00e9 d&#8217;aff\u00fbtage exceptionnelle. Cela dit, ces plaques sont rempla\u00e7ables.<\/p>\n<p>&nbsp;<\/p>\n<p>Pour les enlever :<\/p>\n<ul>\n<li>Utilisez un pistolet thermique pour chauffer la feuille elle-m\u00eame.<\/li>\n<li>Utilisez un couteau exacto et ins\u00e9rez la lame sous la feuille pour la retirer.<\/li>\n<li>Nettoyez la surface pour \u00e9liminer les r\u00e9sidus de colle.<\/li>\n<\/ul>\n<p>Pour installer les nouvelles feuilles :<\/p>\n<ul>\n<li>Retirez le film protecteur adh\u00e9sif<\/li>\n<li>Collez la feuille sur la plaque<\/li>\n<\/ul>\n<p>OPTIONS :<\/p>\n<ul>\n<li>Diff\u00e9rents grains : 400 &#8211; 600<\/li>\n<li>Taille de la feuille 1.5 &#8220;x 4&#8221;<\/li>\n<\/ul>\n<div data-hveid=\"CAEQAQ\" data-ved=\"2ahUKEwj1h76R0aKJAxUTkIkEHcv9Oj4Qj7gIegQIARAB\">\n<div class=\"dnXCYb\" tabindex=\"0\" role=\"button\" aria-controls=\"_EfEXZ7W7N5OgptQPy_vr8QM_1\" aria-expanded=\"true\">\n<h5><\/h5>\n<h5 class=\"JlqpRe\"><span class=\"JCzEY tNxQIb\"><span class=\"CSkcDe\">Pourquoi utiliser une pierre de diamant ?<\/span><\/span><\/h5>\n<div class=\"p8Jhnd\">\n<div class=\"aj35ze\"><span style=\"font-size: 16px;\">Les pierres diamant\u00e9es sont <\/span><b style=\"font-style: inherit;\">les pierres d&#8217;aff\u00fbtage les plus rapides<\/b><span style=\"font-size: 16px;\">. La vitesse est particuli\u00e8rement utile lorsque vous travaillez avec des grains grossiers et que vous risquez de passer plus de temps sur un bord \u00e9mouss\u00e9. Les pierres diamant\u00e9es sont extr\u00eamement plates et le restent pendant toute la dur\u00e9e de vie de la pierre. <\/span><\/div>\n<\/div>\n<\/div>\n<\/div>\n<h5><\/h5>\n<h5>Avantages et b\u00e9n\u00e9fices :<\/h5>\n<p><span tabindex=\"0\" role=\"tooltip\"><span class=\"c5aZPb\" tabindex=\"0\" role=\"button\" data-enable-toggle-animation=\"true\" data-extra-container-classes=\"ZLo7Eb\" data-hover-hide-delay=\"1000\" data-hover-open-delay=\"500\" data-send-open-event=\"true\" data-theme=\"0\" data-width=\"250\" data-ved=\"2ahUKEwim8czb0KKJAxX1G9AFHU8nNtEQmpgGegQIIxAD\"><span class=\"JPfdse\" data-bubble-link=\"\" data-segment-text=\"Diamond stones\">Les pierres \u00e0 aiguiser Apogee Diamond<\/span><\/span><\/span> sont <b>extr\u00eamement plates et le restent pendant toute la dur\u00e9e de vie de la pierre<\/b>. Ceci est extr\u00eamement utile pour l&#8217;aff\u00fbtage d&#8217;outils qui n\u00e9cessitent une pierre absolument plate. Les pierres diamant\u00e9es sont \u00e9galement les plus faciles \u00e0 entretenir, il suffit de les s\u00e9cher apr\u00e8s utilisation.<\/p>\n<p><b>Si les pierres de diamant sont correctement entretenues, c&#8217;est-\u00e0-dire qu&#8217;elles sont propres et conserv\u00e9es au sec, elles peuvent durer longtemps<\/b>. Pour ceux qui utilisent les pierres quotidiennement et les entretiennent correctement, le diamant durera probablement des ann\u00e9es. Pour ceux qui les utilisent r\u00e9guli\u00e8rement, il est probable que la pierre dure tr\u00e8s longtemps.<\/p>\n<div data-hveid=\"CAIQAQ\" data-ved=\"2ahUKEwj1h76R0aKJAxUTkIkEHcv9Oj4Qj7gIegQIAhAB\">\n<div class=\"dnXCYb\" tabindex=\"0\" role=\"button\" aria-controls=\"_EfEXZ7W7N5OgptQPy_vr8QM_3\" aria-expanded=\"true\">\n<h5><\/h5>\n<h5 class=\"JlqpRe\"><span class=\"JCzEY tNxQIb\"><span class=\"CSkcDe\">Quelle est la pierre \u00e0 aiguiser la plus agressive ?<\/span><\/span><\/h5>\n<div class=\"p8Jhnd\">\n<div class=\"aj35ze\"><b style=\"font-style: inherit;\">Pierres de diamant<\/b><span style=\"font-size: 16px;\"> sont les pierres \u00e0 aiguiser les plus rapides et les plus agressives. Elles sont produites en liant des cristaux de diamant microscopiques \u00e0 des plaques d&#8217;acier plates, perfor\u00e9es ou solides. Les pierres diamant\u00e9es sont durables, s&#8217;aff\u00fbtent rapidement et conservent leur plan\u00e9it\u00e9 plus longtemps que les pierres \u00e0 eau et les pierres d&#8217;\u00e9tabli. <\/span><\/div>\n<div><\/div>\n<\/div>\n<\/div>\n<\/div>\n<p>Voir d&#8217;autres formats de pierres <a href=\"https:\/\/xactskateshop.com\/fr\/categorie-de-produits\/patinage-de-vitesse\/entretien-des-lames-fr\/\">ici<\/a><\/p>\n<p>Pour en savoir plus sur Apogee <a href=\"https:\/\/apogee-sports.com\/pages\/nous-sommes-apogee\">, cliquez ici<\/a><\/p>\n","protected":false},"excerpt":{"rendered":"<hr \/>\n<p style=\"text-align: center;\">Ces feuilles sont universelles et s&#8217;adaptent \u00e0 tous les syst\u00e8mes d&#8217;aff\u00fbtage au diamant dot\u00e9s de feuilles amovibles. Ils offrent une qualit\u00e9 d&#8217;aff\u00fbtage exceptionnelle.<\/p>\n<hr \/>\n<p>&nbsp;<\/p>\n","protected":false},"featured_media":54759,"comment_status":"open","ping_status":"closed","template":"","meta":{"site-sidebar-layout":"default","site-content-layout":"default","ast-site-content-layout":"default","site-content-style":"default","site-sidebar-style":"default","ast-global-header-display":"","ast-banner-title-visibility":"","ast-main-header-display":"","ast-hfb-above-header-display":"","ast-hfb-below-header-display":"","ast-hfb-mobile-header-display":"","site-post-title":"","ast-breadcrumbs-content":"","ast-featured-img":"","footer-sml-layout":"","theme-transparent-header-meta":"default","adv-header-id-meta":"","stick-header-meta":"","header-above-stick-meta":"","header-main-stick-meta":"","header-below-stick-meta":"","astra-migrate-meta-layouts":"set","ast-page-background-enabled":"default","ast-page-background-meta":{"desktop":{"background-color":"","background-image":"","background-repeat":"repeat","background-position":"center center","background-size":"auto","background-attachment":"scroll","background-type":"","background-media":"","overlay-type":"","overlay-color":"","overlay-opacity":"","overlay-gradient":""},"tablet":{"background-color":"","background-image":"","background-repeat":"repeat","background-position":"center center","background-size":"auto","background-attachment":"scroll","background-type":"","background-media":"","overlay-type":"","overlay-color":"","overlay-opacity":"","overlay-gradient":""},"mobile":{"background-color":"","background-image":"","background-repeat":"repeat","background-position":"center center","background-size":"auto","background-attachment":"scroll","background-type":"","background-media":"","overlay-type":"","overlay-color":"","overlay-opacity":"","overlay-gradient":""}},"ast-content-background-meta":{"desktop":{"background-color":"var(--ast-global-color-5)","background-image":"","background-repeat":"repeat","background-position":"center center","background-size":"auto","background-attachment":"scroll","background-type":"","background-media":"","overlay-type":"","overlay-color":"","overlay-opacity":"","overlay-gradient":""},"tablet":{"background-color":"var(--ast-global-color-5)","background-image":"","background-repeat":"repeat","background-position":"center center","background-size":"auto","background-attachment":"scroll","background-type":"","background-media":"","overlay-type":"","overlay-color":"","overlay-opacity":"","overlay-gradient":""},"mobile":{"background-color":"var(--ast-global-color-5)","background-image":"","background-repeat":"repeat","background-position":"center center","background-size":"auto","background-attachment":"scroll","background-type":"","background-media":"","overlay-type":"","overlay-color":"","overlay-opacity":"","overlay-gradient":""}}},"product_brand":[],"product_cat":[1500,1353],"product_tag":[1503,1356,1464],"class_list":{"0":"post-54994","1":"product","2":"type-product","3":"status-publish","4":"has-post-thumbnail","6":"product_cat-entretien-des-lames-fr","7":"product_cat-patinage-de-vitesse","8":"product_tag-affutage","9":"product_tag-courte-piste-fr","10":"product_tag-voie-longue","11":"desktop-align-center","12":"tablet-align-center","13":"mobile-align-center","14":"ast-product-gallery-layout-horizontal","15":"ast-product-gallery-with-no-image","16":"ast-product-single-variable","17":"ast-product-tabs-layout-horizontal","18":"ast-qv-on-image","20":"first","21":"instock","22":"sale","23":"taxable","24":"shipping-taxable","25":"purchasable","26":"product-type-variable"},"bundled_by":[],"bundle_stock_status":"instock","bundle_stock_quantity":null,"bundle_virtual":false,"bundle_layout":"","bundle_add_to_cart_form_location":"","bundle_editable_in_cart":false,"bundle_sold_individually_context":"","bundle_item_grouping":"","bundle_min_size":"","bundle_max_size":"","bundle_price":[],"bundled_items":[],"bundle_sell_ids":[],"yoast_head":"<!-- This site is optimized with the Yoast SEO plugin v27.4 - https:\/\/yoast.com\/product\/yoast-seo-wordpress\/ -->\n<title>Feuilles Diamant\u00e9es Rempla\u00e7ables APOGEE (Paire) - Xact Skate Shop<\/title>\n<meta name=\"description\" content=\"Feuilles diamant\u00e9es rempla\u00e7ables Apogee. Les surfaces d&#039;aff\u00fbtage sont fix\u00e9es sur une plaque d&#039;aluminium pour offrir une qualit\u00e9 d&#039;aff\u00fbtage exceptionnelle.\" \/>\n<meta name=\"robots\" content=\"index, follow, max-snippet:-1, max-image-preview:large, max-video-preview:-1\" \/>\n<link rel=\"canonical\" href=\"https:\/\/xactskateshop.com\/fr\/produit\/feuilles-diamantees-remplacables-apogee-paire\/\" \/>\n<meta property=\"og:locale\" content=\"fr_FR\" \/>\n<meta property=\"og:type\" content=\"article\" \/>\n<meta property=\"og:title\" content=\"Feuilles Diamant\u00e9es Rempla\u00e7ables APOGEE (Paire) - Xact Skate Shop\" \/>\n<meta property=\"og:description\" content=\"Feuilles diamant\u00e9es rempla\u00e7ables Apogee. Les surfaces d&#039;aff\u00fbtage sont fix\u00e9es sur une plaque d&#039;aluminium pour offrir une qualit\u00e9 d&#039;aff\u00fbtage exceptionnelle.\" \/>\n<meta property=\"og:url\" content=\"https:\/\/xactskateshop.com\/fr\/produit\/feuilles-diamantees-remplacables-apogee-paire\/\" \/>\n<meta property=\"og:site_name\" content=\"Xact Skate Shop\" \/>\n<meta property=\"article:publisher\" content=\"https:\/\/www.facebook.com\/JeanLouiskateshop\" \/>\n<meta property=\"article:modified_time\" content=\"2026-01-26T19:07:44+00:00\" \/>\n<meta property=\"og:image\" content=\"https:\/\/xactskateshop.com\/wp-content\/uploads\/2025\/07\/Sheets-400-600.jpg\" \/>\n\t<meta property=\"og:image:width\" content=\"605\" \/>\n\t<meta property=\"og:image:height\" content=\"605\" \/>\n\t<meta property=\"og:image:type\" content=\"image\/jpeg\" \/>\n<meta name=\"twitter:card\" content=\"summary_large_image\" \/>\n<meta name=\"twitter:label1\" content=\"Dur\u00e9e de lecture estim\u00e9e\" \/>\n\t<meta name=\"twitter:data1\" content=\"2 minutes\" \/>\n<script type=\"application\/ld+json\" class=\"yoast-schema-graph\">{\"@context\":\"https:\\\/\\\/schema.org\",\"@graph\":[{\"@type\":\"WebPage\",\"@id\":\"https:\\\/\\\/xactskateshop.com\\\/fr\\\/produit\\\/feuilles-diamantees-remplacables-apogee-paire\\\/\",\"url\":\"https:\\\/\\\/xactskateshop.com\\\/fr\\\/produit\\\/feuilles-diamantees-remplacables-apogee-paire\\\/\",\"name\":\"Feuilles Diamant\u00e9es Rempla\u00e7ables APOGEE (Paire) - Xact Skate Shop\",\"isPartOf\":{\"@id\":\"http:\\\/\\\/xactskateshop.com\\\/fr\\\/#website\"},\"primaryImageOfPage\":{\"@id\":\"https:\\\/\\\/xactskateshop.com\\\/fr\\\/produit\\\/feuilles-diamantees-remplacables-apogee-paire\\\/#primaryimage\"},\"image\":{\"@id\":\"https:\\\/\\\/xactskateshop.com\\\/fr\\\/produit\\\/feuilles-diamantees-remplacables-apogee-paire\\\/#primaryimage\"},\"thumbnailUrl\":\"https:\\\/\\\/xactskateshop.com\\\/wp-content\\\/uploads\\\/2025\\\/07\\\/Sheets-400-600.jpg\",\"datePublished\":\"2025-07-17T16:11:55+00:00\",\"dateModified\":\"2026-01-26T19:07:44+00:00\",\"description\":\"Feuilles diamant\u00e9es rempla\u00e7ables Apogee. Les surfaces d'aff\u00fbtage sont fix\u00e9es sur une plaque d'aluminium pour offrir une qualit\u00e9 d'aff\u00fbtage exceptionnelle.\",\"breadcrumb\":{\"@id\":\"https:\\\/\\\/xactskateshop.com\\\/fr\\\/produit\\\/feuilles-diamantees-remplacables-apogee-paire\\\/#breadcrumb\"},\"inLanguage\":\"fr-FR\",\"potentialAction\":[{\"@type\":\"ReadAction\",\"target\":[\"https:\\\/\\\/xactskateshop.com\\\/fr\\\/produit\\\/feuilles-diamantees-remplacables-apogee-paire\\\/\"]}]},{\"@type\":\"ImageObject\",\"inLanguage\":\"fr-FR\",\"@id\":\"https:\\\/\\\/xactskateshop.com\\\/fr\\\/produit\\\/feuilles-diamantees-remplacables-apogee-paire\\\/#primaryimage\",\"url\":\"https:\\\/\\\/xactskateshop.com\\\/wp-content\\\/uploads\\\/2025\\\/07\\\/Sheets-400-600.jpg\",\"contentUrl\":\"https:\\\/\\\/xactskateshop.com\\\/wp-content\\\/uploads\\\/2025\\\/07\\\/Sheets-400-600.jpg\",\"width\":605,\"height\":605,\"caption\":\"Feuilles de diamant rempla\u00e7ables Apogee\"},{\"@type\":\"BreadcrumbList\",\"@id\":\"https:\\\/\\\/xactskateshop.com\\\/fr\\\/produit\\\/feuilles-diamantees-remplacables-apogee-paire\\\/#breadcrumb\",\"itemListElement\":[{\"@type\":\"ListItem\",\"position\":1,\"name\":\"Home\",\"item\":\"https:\\\/\\\/xactskateshop.com\\\/fr\\\/accueil\\\/\"},{\"@type\":\"ListItem\",\"position\":2,\"name\":\"Boutique\",\"item\":\"https:\\\/\\\/xactskateshop.com\\\/shop\\\/\"},{\"@type\":\"ListItem\",\"position\":3,\"name\":\"Feuilles Diamant\u00e9es Rempla\u00e7ables APOGEE (Paire)\"}]},{\"@type\":\"WebSite\",\"@id\":\"http:\\\/\\\/xactskateshop.com\\\/fr\\\/#website\",\"url\":\"http:\\\/\\\/xactskateshop.com\\\/fr\\\/\",\"name\":\"Xact Skate Shop\",\"description\":\"Un site utilisant WordPress\",\"publisher\":{\"@id\":\"http:\\\/\\\/xactskateshop.com\\\/fr\\\/#organization\"},\"potentialAction\":[{\"@type\":\"SearchAction\",\"target\":{\"@type\":\"EntryPoint\",\"urlTemplate\":\"http:\\\/\\\/xactskateshop.com\\\/fr\\\/?s={search_term_string}\"},\"query-input\":{\"@type\":\"PropertyValueSpecification\",\"valueRequired\":true,\"valueName\":\"search_term_string\"}}],\"inLanguage\":\"fr-FR\"},{\"@type\":\"Organization\",\"@id\":\"http:\\\/\\\/xactskateshop.com\\\/fr\\\/#organization\",\"name\":\"XACT Skate Shop\",\"url\":\"http:\\\/\\\/xactskateshop.com\\\/fr\\\/\",\"logo\":{\"@type\":\"ImageObject\",\"inLanguage\":\"fr-FR\",\"@id\":\"http:\\\/\\\/xactskateshop.com\\\/fr\\\/#\\\/schema\\\/logo\\\/image\\\/\",\"url\":\"http:\\\/\\\/xactskateshop.com\\\/wp-content\\\/uploads\\\/2024\\\/04\\\/xactskateshop-dot-com-avec-contour-noir-sans-fond-675x.jpg\",\"contentUrl\":\"http:\\\/\\\/xactskateshop.com\\\/wp-content\\\/uploads\\\/2024\\\/04\\\/xactskateshop-dot-com-avec-contour-noir-sans-fond-675x.jpg\",\"width\":675,\"height\":247,\"caption\":\"XACT Skate Shop\"},\"image\":{\"@id\":\"http:\\\/\\\/xactskateshop.com\\\/fr\\\/#\\\/schema\\\/logo\\\/image\\\/\"},\"sameAs\":[\"https:\\\/\\\/www.facebook.com\\\/JeanLouiskateshop\"]}]}<\/script>\n<!-- \/ Yoast SEO plugin. -->","yoast_head_json":{"title":"Feuilles Diamant\u00e9es Rempla\u00e7ables APOGEE (Paire) - Xact Skate Shop","description":"Feuilles diamant\u00e9es rempla\u00e7ables Apogee. Les surfaces d'aff\u00fbtage sont fix\u00e9es sur une plaque d'aluminium pour offrir une qualit\u00e9 d'aff\u00fbtage exceptionnelle.","robots":{"index":"index","follow":"follow","max-snippet":"max-snippet:-1","max-image-preview":"max-image-preview:large","max-video-preview":"max-video-preview:-1"},"canonical":"https:\/\/xactskateshop.com\/fr\/produit\/feuilles-diamantees-remplacables-apogee-paire\/","og_locale":"fr_FR","og_type":"article","og_title":"Feuilles Diamant\u00e9es Rempla\u00e7ables APOGEE (Paire) - Xact Skate Shop","og_description":"Feuilles diamant\u00e9es rempla\u00e7ables Apogee. Les surfaces d'aff\u00fbtage sont fix\u00e9es sur une plaque d'aluminium pour offrir une qualit\u00e9 d'aff\u00fbtage exceptionnelle.","og_url":"https:\/\/xactskateshop.com\/fr\/produit\/feuilles-diamantees-remplacables-apogee-paire\/","og_site_name":"Xact Skate Shop","article_publisher":"https:\/\/www.facebook.com\/JeanLouiskateshop","article_modified_time":"2026-01-26T19:07:44+00:00","og_image":[{"width":605,"height":605,"url":"https:\/\/xactskateshop.com\/wp-content\/uploads\/2025\/07\/Sheets-400-600.jpg","type":"image\/jpeg"}],"twitter_card":"summary_large_image","twitter_misc":{"Dur\u00e9e de lecture estim\u00e9e":"2 minutes"},"schema":{"@context":"https:\/\/schema.org","@graph":[{"@type":"WebPage","@id":"https:\/\/xactskateshop.com\/fr\/produit\/feuilles-diamantees-remplacables-apogee-paire\/","url":"https:\/\/xactskateshop.com\/fr\/produit\/feuilles-diamantees-remplacables-apogee-paire\/","name":"Feuilles Diamant\u00e9es Rempla\u00e7ables APOGEE (Paire) - Xact Skate Shop","isPartOf":{"@id":"http:\/\/xactskateshop.com\/fr\/#website"},"primaryImageOfPage":{"@id":"https:\/\/xactskateshop.com\/fr\/produit\/feuilles-diamantees-remplacables-apogee-paire\/#primaryimage"},"image":{"@id":"https:\/\/xactskateshop.com\/fr\/produit\/feuilles-diamantees-remplacables-apogee-paire\/#primaryimage"},"thumbnailUrl":"https:\/\/xactskateshop.com\/wp-content\/uploads\/2025\/07\/Sheets-400-600.jpg","datePublished":"2025-07-17T16:11:55+00:00","dateModified":"2026-01-26T19:07:44+00:00","description":"Feuilles diamant\u00e9es rempla\u00e7ables Apogee. Les surfaces d'aff\u00fbtage sont fix\u00e9es sur une plaque d'aluminium pour offrir une qualit\u00e9 d'aff\u00fbtage exceptionnelle.","breadcrumb":{"@id":"https:\/\/xactskateshop.com\/fr\/produit\/feuilles-diamantees-remplacables-apogee-paire\/#breadcrumb"},"inLanguage":"fr-FR","potentialAction":[{"@type":"ReadAction","target":["https:\/\/xactskateshop.com\/fr\/produit\/feuilles-diamantees-remplacables-apogee-paire\/"]}]},{"@type":"ImageObject","inLanguage":"fr-FR","@id":"https:\/\/xactskateshop.com\/fr\/produit\/feuilles-diamantees-remplacables-apogee-paire\/#primaryimage","url":"https:\/\/xactskateshop.com\/wp-content\/uploads\/2025\/07\/Sheets-400-600.jpg","contentUrl":"https:\/\/xactskateshop.com\/wp-content\/uploads\/2025\/07\/Sheets-400-600.jpg","width":605,"height":605,"caption":"Feuilles de diamant rempla\u00e7ables Apogee"},{"@type":"BreadcrumbList","@id":"https:\/\/xactskateshop.com\/fr\/produit\/feuilles-diamantees-remplacables-apogee-paire\/#breadcrumb","itemListElement":[{"@type":"ListItem","position":1,"name":"Home","item":"https:\/\/xactskateshop.com\/fr\/accueil\/"},{"@type":"ListItem","position":2,"name":"Boutique","item":"https:\/\/xactskateshop.com\/shop\/"},{"@type":"ListItem","position":3,"name":"Feuilles Diamant\u00e9es Rempla\u00e7ables APOGEE (Paire)"}]},{"@type":"WebSite","@id":"http:\/\/xactskateshop.com\/fr\/#website","url":"http:\/\/xactskateshop.com\/fr\/","name":"Xact Skate Shop","description":"Un site utilisant WordPress","publisher":{"@id":"http:\/\/xactskateshop.com\/fr\/#organization"},"potentialAction":[{"@type":"SearchAction","target":{"@type":"EntryPoint","urlTemplate":"http:\/\/xactskateshop.com\/fr\/?s={search_term_string}"},"query-input":{"@type":"PropertyValueSpecification","valueRequired":true,"valueName":"search_term_string"}}],"inLanguage":"fr-FR"},{"@type":"Organization","@id":"http:\/\/xactskateshop.com\/fr\/#organization","name":"XACT Skate Shop","url":"http:\/\/xactskateshop.com\/fr\/","logo":{"@type":"ImageObject","inLanguage":"fr-FR","@id":"http:\/\/xactskateshop.com\/fr\/#\/schema\/logo\/image\/","url":"http:\/\/xactskateshop.com\/wp-content\/uploads\/2024\/04\/xactskateshop-dot-com-avec-contour-noir-sans-fond-675x.jpg","contentUrl":"http:\/\/xactskateshop.com\/wp-content\/uploads\/2024\/04\/xactskateshop-dot-com-avec-contour-noir-sans-fond-675x.jpg","width":675,"height":247,"caption":"XACT Skate Shop"},"image":{"@id":"http:\/\/xactskateshop.com\/fr\/#\/schema\/logo\/image\/"},"sameAs":["https:\/\/www.facebook.com\/JeanLouiskateshop"]}]}},"_links":{"self":[{"href":"https:\/\/xactskateshop.com\/fr\/wp-json\/wp\/v2\/product\/54994","targetHints":{"allow":["GET"]}}],"collection":[{"href":"https:\/\/xactskateshop.com\/fr\/wp-json\/wp\/v2\/product"}],"about":[{"href":"https:\/\/xactskateshop.com\/fr\/wp-json\/wp\/v2\/types\/product"}],"replies":[{"embeddable":true,"href":"https:\/\/xactskateshop.com\/fr\/wp-json\/wp\/v2\/comments?post=54994"}],"wp:featuredmedia":[{"embeddable":true,"href":"https:\/\/xactskateshop.com\/fr\/wp-json\/wp\/v2\/media\/54759"}],"wp:attachment":[{"href":"https:\/\/xactskateshop.com\/fr\/wp-json\/wp\/v2\/media?parent=54994"}],"wp:term":[{"taxonomy":"product_brand","embeddable":true,"href":"https:\/\/xactskateshop.com\/fr\/wp-json\/wp\/v2\/product_brand?post=54994"},{"taxonomy":"product_cat","embeddable":true,"href":"https:\/\/xactskateshop.com\/fr\/wp-json\/wp\/v2\/product_cat?post=54994"},{"taxonomy":"product_tag","embeddable":true,"href":"https:\/\/xactskateshop.com\/fr\/wp-json\/wp\/v2\/product_tag?post=54994"}],"curies":[{"name":"wp","href":"https:\/\/api.w.org\/{rel}","templated":true}]}}