{"id":30250,"date":"2020-08-26T13:36:29","date_gmt":"2020-08-26T17:36:29","guid":{"rendered":"http:\/\/xactskateshop.com\/instructions-pour-le-moulage-a-chaud\/"},"modified":"2026-01-08T13:07:19","modified_gmt":"2026-01-08T18:07:19","slug":"instructions-pour-le-moulage-a-chaud","status":"publish","type":"page","link":"https:\/\/xactskateshop.com\/fr\/instructions-pour-le-moulage-a-chaud\/","title":{"rendered":"Instructions pour le moulage \u00e0 chaud"},"content":{"rendered":"\t\t<div data-elementor-type=\"wp-post\" data-elementor-id=\"30250\" class=\"elementor elementor-30250 elementor-1078\" data-elementor-post-type=\"page\">\n\t\t\t\t\t\t<section class=\"elementor-section elementor-top-section elementor-element elementor-element-252f1b9d elementor-section-content-middle elementor-section-boxed elementor-section-height-default elementor-section-height-default\" data-id=\"252f1b9d\" data-element_type=\"section\" data-e-type=\"section\" data-settings=\"{&quot;background_background&quot;:&quot;classic&quot;}\">\n\t\t\t\t\t\t<div class=\"elementor-container elementor-column-gap-default\">\n\t\t\t\t\t<div class=\"elementor-column elementor-col-100 elementor-top-column elementor-element elementor-element-4d975910\" data-id=\"4d975910\" data-element_type=\"column\" data-e-type=\"column\">\n\t\t\t<div class=\"elementor-widget-wrap elementor-element-populated\">\n\t\t\t\t\t\t<div class=\"elementor-element elementor-element-fbfe9a7 elementor-widget elementor-widget-heading\" data-id=\"fbfe9a7\" data-element_type=\"widget\" data-e-type=\"widget\" data-widget_type=\"heading.default\">\n\t\t\t\t<div class=\"elementor-widget-container\">\n\t\t\t\t\t<h2 class=\"elementor-heading-title elementor-size-default\">un ajustement parfait<\/h2>\t\t\t\t<\/div>\n\t\t\t\t<\/div>\n\t\t\t\t<div class=\"elementor-element elementor-element-73150c2 elementor-widget elementor-widget-heading\" data-id=\"73150c2\" data-element_type=\"widget\" data-e-type=\"widget\" data-widget_type=\"heading.default\">\n\t\t\t\t<div class=\"elementor-widget-container\">\n\t\t\t\t\t<h1 class=\"elementor-heading-title elementor-size-xxl\">Instructions pour le moulage \u00e0 chaud<\/h1>\t\t\t\t<\/div>\n\t\t\t\t<\/div>\n\t\t\t\t\t<\/div>\n\t\t<\/div>\n\t\t\t\t\t<\/div>\n\t\t<\/section>\n\t\t\t\t<section class=\"elementor-section elementor-top-section elementor-element elementor-element-42796439 elementor-section-content-middle elementor-section-boxed elementor-section-height-default elementor-section-height-default\" data-id=\"42796439\" data-element_type=\"section\" data-e-type=\"section\" data-settings=\"{&quot;background_background&quot;:&quot;classic&quot;}\">\n\t\t\t\t\t\t\t<div class=\"elementor-background-overlay\"><\/div>\n\t\t\t\t\t\t\t<div class=\"elementor-container elementor-column-gap-no\">\n\t\t\t\t\t<div class=\"elementor-column elementor-col-100 elementor-top-column elementor-element elementor-element-9dda8b6\" data-id=\"9dda8b6\" data-element_type=\"column\" data-e-type=\"column\">\n\t\t\t<div class=\"elementor-widget-wrap elementor-element-populated\">\n\t\t\t\t\t\t<div class=\"elementor-element elementor-element-187a6ed elementor-widget elementor-widget-text-editor\" data-id=\"187a6ed\" data-element_type=\"widget\" data-e-type=\"widget\" data-widget_type=\"text-editor.default\">\n\t\t\t\t<div class=\"elementor-widget-container\">\n\t\t\t\t\t\t\t\t\t<h3>BOTTINES BONT<\/h3>\n<p>Les bottines Bont sont les bottines les plus thermomoulables disponibles sur le march\u00e9. La r\u00e9sine brevet\u00e9e de Bont a \u00e9t\u00e9 d\u00e9velopp\u00e9e et perfectionn\u00e9e pendant 45 ans pour \u00eatre une r\u00e9sine extr\u00eamement rigide qui devient souple \u00e0 des temp\u00e9ratures relativement basses. Contrairement \u00e0 d&#8217;autres bottines qui ne peuvent \u00eatre moul\u00e9es qu&#8217;\u00e0 certains endroits, toutes les bottines Bont peuvent \u00eatre moul\u00e9es sur l&#8217;ensemble de la base, ce qui permet aux patineurs non seulement d&#8217;avoir la bottine ayant le design le plus anatomique sur le march\u00e9 d&#8217;aujourd&#8217;hui, mais aussi d&#8217;ajuster l&#8217;ensemble de la bottine pour obtenir un ajustement personnalis\u00e9. <\/p>\n\n<p>Vous avez peut-\u00eatre essay\u00e9 de mouler \u00e0 chaud d&#8217;autres marques de bottines et constat\u00e9 qu&#8217;il fallait augmenter la temp\u00e9rature pour essayer de les mouler. Ce n&#8217;est pas le cas avec vos bottines Bont et nous vous conseillons vivement de commencer par des temp\u00e9ratures basses. <\/p>\n\n<p>La base de la bottine est moulable, ce qui signifie que toutes les parties rigides de la bottine peuvent \u00eatre moul\u00e9es dans un four standard. Contrairement \u00e0 la plupart des bottines du march\u00e9 dont l&#8217;empeigne est mall\u00e9able. Vous n&#8217;avez pas besoin de mouler vos bottines si elles vous vont directement. Pour mouler vos bottines, retirez les roues. Vous pouvez laisser le ch\u00e2ssis en place si vous le souhaitez. Pr\u00e9chauffer le four \u00e0 85\u00b0C\/185\u00b0F. Placer la bottine au four pendant 15 \u00e0 20 minutes. Des temp\u00e9ratures plus \u00e9lev\u00e9es annulent la garantie et peuvent endommager la bottine. Attention : Ne placez pas vos pieds dans les bottines chaudes, vous risqueriez de vous br\u00fbler les pieds. Laissez-les refroidir un peu et testez la temp\u00e9rature de la bottine avec votre main avant d&#8217;y placer vos pieds. Serrer les sangles\/lacets\/boucles et laisser refroidir. Si vous avez des bosses ou des oignons sur vos pieds ou si des zones vous g\u00eanent, vous pouvez utiliser l&#8217;extr\u00e9mit\u00e9 arrondie d&#8217;un objet contondant pour presser n&#8217;importe quelle partie de la bottine pendant qu&#8217;elle est encore chaude. Vous pouvez thermomouler les bottines autant de fois que vous le souhaitez. <\/p>\n\n<p>FAQ sur le moulage \u00e0 chaud : Si le moulage des bottines prend 20 minutes \u00e0 85\u00b0C, puis-je les mettre au four pendant 10 minutes \u00e0 170\u00b0C ? La r\u00e9ponse est non. Respectez les consignes et vos bottines ne seront pas endommag\u00e9es. <\/p>\n\n<h3 style=\"text-transform:uppercase;\">Comment mouler \u00e0 chaud vos bottines en fibre de carbone ou en composite de carbone ?<\/h3>\t\t\t\t\t\t\t\t<\/div>\n\t\t\t\t<\/div>\n\t\t\t\t<section class=\"elementor-section elementor-inner-section elementor-element elementor-element-2fc7dc0 elementor-section-boxed elementor-section-height-default elementor-section-height-default\" data-id=\"2fc7dc0\" data-element_type=\"section\" data-e-type=\"section\">\n\t\t\t\t\t\t<div class=\"elementor-container elementor-column-gap-default\">\n\t\t\t\t\t<div class=\"elementor-column elementor-col-66 elementor-inner-column elementor-element elementor-element-0d2e8a3\" data-id=\"0d2e8a3\" data-element_type=\"column\" data-e-type=\"column\">\n\t\t\t<div class=\"elementor-widget-wrap elementor-element-populated\">\n\t\t\t\t\t\t<div class=\"elementor-element elementor-element-3e4bfeb elementor-widget elementor-widget-video\" data-id=\"3e4bfeb\" data-element_type=\"widget\" data-e-type=\"widget\" data-settings=\"{&quot;youtube_url&quot;:&quot;https:\\\/\\\/youtu.be\\\/2AfKfzVSCWk&quot;,&quot;video_type&quot;:&quot;youtube&quot;,&quot;controls&quot;:&quot;yes&quot;}\" data-widget_type=\"video.default\">\n\t\t\t\t<div class=\"elementor-widget-container\">\n\t\t\t\t\t\t\t<div class=\"elementor-wrapper elementor-open-inline\">\n\t\t\t<div class=\"elementor-video\"><\/div>\t\t<\/div>\n\t\t\t\t\t\t<\/div>\n\t\t\t\t<\/div>\n\t\t\t\t\t<\/div>\n\t\t<\/div>\n\t\t\t\t<div class=\"elementor-column elementor-col-33 elementor-inner-column elementor-element elementor-element-b739392\" data-id=\"b739392\" data-element_type=\"column\" data-e-type=\"column\">\n\t\t\t<div class=\"elementor-widget-wrap\">\n\t\t\t\t\t\t\t<\/div>\n\t\t<\/div>\n\t\t\t\t\t<\/div>\n\t\t<\/section>\n\t\t\t\t\t<\/div>\n\t\t<\/div>\n\t\t\t\t\t<\/div>\n\t\t<\/section>\n\t\t\t\t<\/div>\n\t\t","protected":false},"excerpt":{"rendered":"<p>un ajustement parfait BOTTINES BONT Les bottines Bont sont les bottines les plus thermomoulables disponibles sur le march\u00e9. La r\u00e9sine brevet\u00e9e de Bont a \u00e9t\u00e9 d\u00e9velopp\u00e9e et perfectionn\u00e9e pendant 45 ans pour \u00eatre une r\u00e9sine extr\u00eamement rigide qui devient souple \u00e0 des temp\u00e9ratures relativement basses. Contrairement \u00e0 d&#8217;autres bottines qui ne peuvent \u00eatre moul\u00e9es qu&#8217;\u00e0 [&hellip;]<\/p>\n","protected":false},"author":2,"featured_media":27556,"parent":0,"menu_order":0,"comment_status":"closed","ping_status":"closed","template":"","meta":{"site-sidebar-layout":"default","site-content-layout":"page-builder","ast-site-content-layout":"full-width-container","site-content-style":"unboxed","site-sidebar-style":"unboxed","ast-global-header-display":"","ast-banner-title-visibility":"","ast-main-header-display":"","ast-hfb-above-header-display":"","ast-hfb-below-header-display":"","ast-hfb-mobile-header-display":"","site-post-title":"disabled","ast-breadcrumbs-content":"","ast-featured-img":"disabled","footer-sml-layout":"","theme-transparent-header-meta":"default","adv-header-id-meta":"","stick-header-meta":"default","header-above-stick-meta":"","header-main-stick-meta":"","header-below-stick-meta":"","astra-migrate-meta-layouts":"default","ast-page-background-enabled":"default","ast-page-background-meta":{"desktop":{"background-color":"","background-image":"","background-repeat":"repeat","background-position":"center center","background-size":"auto","background-attachment":"scroll","background-type":"","background-media":"","overlay-type":"","overlay-color":"","overlay-opacity":"","overlay-gradient":""},"tablet":{"background-color":"","background-image":"","background-repeat":"repeat","background-position":"center center","background-size":"auto","background-attachment":"scroll","background-type":"","background-media":"","overlay-type":"","overlay-color":"","overlay-opacity":"","overlay-gradient":""},"mobile":{"background-color":"","background-image":"","background-repeat":"repeat","background-position":"center center","background-size":"auto","background-attachment":"scroll","background-type":"","background-media":"","overlay-type":"","overlay-color":"","overlay-opacity":"","overlay-gradient":""}},"ast-content-background-meta":{"desktop":{"background-color":"var(--ast-global-color-5)","background-image":"","background-repeat":"repeat","background-position":"center center","background-size":"auto","background-attachment":"scroll","background-type":"","background-media":"","overlay-type":"","overlay-color":"","overlay-opacity":"","overlay-gradient":""},"tablet":{"background-color":"var(--ast-global-color-5)","background-image":"","background-repeat":"repeat","background-position":"center center","background-size":"auto","background-attachment":"scroll","background-type":"","background-media":"","overlay-type":"","overlay-color":"","overlay-opacity":"","overlay-gradient":""},"mobile":{"background-color":"var(--ast-global-color-5)","background-image":"","background-repeat":"repeat","background-position":"center center","background-size":"auto","background-attachment":"scroll","background-type":"","background-media":"","overlay-type":"","overlay-color":"","overlay-opacity":"","overlay-gradient":""}},"footnotes":""},"class_list":["post-30250","page","type-page","status-publish","has-post-thumbnail","hentry"],"yoast_head":"<!-- This site is optimized with the Yoast SEO plugin v27.4 - https:\/\/yoast.com\/product\/yoast-seo-wordpress\/ -->\n<title>Instructions pour le moulage \u00e0 chaud - Xact Skate Shop<\/title>\n<meta name=\"description\" content=\"Instructions pour le moulage \u00e0 chaud pour toutes bottines de patin thermomoulable.\" \/>\n<meta name=\"robots\" content=\"index, follow, max-snippet:-1, max-image-preview:large, max-video-preview:-1\" \/>\n<link rel=\"canonical\" href=\"https:\/\/xactskateshop.com\/fr\/instructions-pour-le-moulage-a-chaud\/\" \/>\n<meta property=\"og:locale\" content=\"fr_FR\" \/>\n<meta property=\"og:type\" content=\"article\" \/>\n<meta property=\"og:title\" content=\"Instructions pour le moulage \u00e0 chaud - Xact Skate Shop\" \/>\n<meta property=\"og:description\" content=\"Instructions pour le moulage \u00e0 chaud pour toutes bottines de patin thermomoulable.\" \/>\n<meta property=\"og:url\" content=\"https:\/\/xactskateshop.com\/fr\/instructions-pour-le-moulage-a-chaud\/\" \/>\n<meta property=\"og:site_name\" content=\"Xact Skate Shop\" \/>\n<meta property=\"article:publisher\" content=\"https:\/\/www.facebook.com\/JeanLouiskateshop\" \/>\n<meta property=\"article:modified_time\" content=\"2026-01-08T18:07:19+00:00\" \/>\n<meta property=\"og:image\" content=\"https:\/\/xactskateshop.com\/wp-content\/uploads\/2020\/08\/XACTskate-shop-back.png\" \/>\n\t<meta property=\"og:image:width\" content=\"800\" \/>\n\t<meta property=\"og:image:height\" content=\"279\" \/>\n\t<meta property=\"og:image:type\" content=\"image\/png\" \/>\n<meta name=\"twitter:card\" content=\"summary_large_image\" \/>\n<meta name=\"twitter:label1\" content=\"Dur\u00e9e de lecture estim\u00e9e\" \/>\n\t<meta name=\"twitter:data1\" content=\"2 minutes\" \/>\n<script type=\"application\/ld+json\" class=\"yoast-schema-graph\">{\"@context\":\"https:\\\/\\\/schema.org\",\"@graph\":[{\"@type\":\"WebPage\",\"@id\":\"https:\\\/\\\/xactskateshop.com\\\/fr\\\/instructions-pour-le-moulage-a-chaud\\\/\",\"url\":\"https:\\\/\\\/xactskateshop.com\\\/fr\\\/instructions-pour-le-moulage-a-chaud\\\/\",\"name\":\"Instructions pour le moulage \u00e0 chaud - Xact Skate Shop\",\"isPartOf\":{\"@id\":\"http:\\\/\\\/xactskateshop.com\\\/fr\\\/#website\"},\"primaryImageOfPage\":{\"@id\":\"https:\\\/\\\/xactskateshop.com\\\/fr\\\/instructions-pour-le-moulage-a-chaud\\\/#primaryimage\"},\"image\":{\"@id\":\"https:\\\/\\\/xactskateshop.com\\\/fr\\\/instructions-pour-le-moulage-a-chaud\\\/#primaryimage\"},\"thumbnailUrl\":\"https:\\\/\\\/xactskateshop.com\\\/wp-content\\\/uploads\\\/2020\\\/08\\\/XACTskate-shop-back.png\",\"datePublished\":\"2020-08-26T17:36:29+00:00\",\"dateModified\":\"2026-01-08T18:07:19+00:00\",\"description\":\"Instructions pour le moulage \u00e0 chaud pour toutes bottines de patin thermomoulable.\",\"breadcrumb\":{\"@id\":\"https:\\\/\\\/xactskateshop.com\\\/fr\\\/instructions-pour-le-moulage-a-chaud\\\/#breadcrumb\"},\"inLanguage\":\"fr-FR\",\"potentialAction\":[{\"@type\":\"ReadAction\",\"target\":[\"https:\\\/\\\/xactskateshop.com\\\/fr\\\/instructions-pour-le-moulage-a-chaud\\\/\"]}]},{\"@type\":\"ImageObject\",\"inLanguage\":\"fr-FR\",\"@id\":\"https:\\\/\\\/xactskateshop.com\\\/fr\\\/instructions-pour-le-moulage-a-chaud\\\/#primaryimage\",\"url\":\"https:\\\/\\\/xactskateshop.com\\\/wp-content\\\/uploads\\\/2020\\\/08\\\/XACTskate-shop-back.png\",\"contentUrl\":\"https:\\\/\\\/xactskateshop.com\\\/wp-content\\\/uploads\\\/2020\\\/08\\\/XACTskate-shop-back.png\",\"width\":800,\"height\":279},{\"@type\":\"BreadcrumbList\",\"@id\":\"https:\\\/\\\/xactskateshop.com\\\/fr\\\/instructions-pour-le-moulage-a-chaud\\\/#breadcrumb\",\"itemListElement\":[{\"@type\":\"ListItem\",\"position\":1,\"name\":\"Home\",\"item\":\"https:\\\/\\\/xactskateshop.com\\\/fr\\\/accueil\\\/\"},{\"@type\":\"ListItem\",\"position\":2,\"name\":\"Instructions pour le moulage \u00e0 chaud\"}]},{\"@type\":\"WebSite\",\"@id\":\"http:\\\/\\\/xactskateshop.com\\\/fr\\\/#website\",\"url\":\"http:\\\/\\\/xactskateshop.com\\\/fr\\\/\",\"name\":\"Xact Skate Shop\",\"description\":\"Un site utilisant WordPress\",\"publisher\":{\"@id\":\"http:\\\/\\\/xactskateshop.com\\\/fr\\\/#organization\"},\"potentialAction\":[{\"@type\":\"SearchAction\",\"target\":{\"@type\":\"EntryPoint\",\"urlTemplate\":\"http:\\\/\\\/xactskateshop.com\\\/fr\\\/?s={search_term_string}\"},\"query-input\":{\"@type\":\"PropertyValueSpecification\",\"valueRequired\":true,\"valueName\":\"search_term_string\"}}],\"inLanguage\":\"fr-FR\"},{\"@type\":\"Organization\",\"@id\":\"http:\\\/\\\/xactskateshop.com\\\/fr\\\/#organization\",\"name\":\"XACT Skate Shop\",\"url\":\"http:\\\/\\\/xactskateshop.com\\\/fr\\\/\",\"logo\":{\"@type\":\"ImageObject\",\"inLanguage\":\"fr-FR\",\"@id\":\"http:\\\/\\\/xactskateshop.com\\\/fr\\\/#\\\/schema\\\/logo\\\/image\\\/\",\"url\":\"http:\\\/\\\/xactskateshop.com\\\/wp-content\\\/uploads\\\/2024\\\/04\\\/xactskateshop-dot-com-avec-contour-noir-sans-fond-675x.jpg\",\"contentUrl\":\"http:\\\/\\\/xactskateshop.com\\\/wp-content\\\/uploads\\\/2024\\\/04\\\/xactskateshop-dot-com-avec-contour-noir-sans-fond-675x.jpg\",\"width\":675,\"height\":247,\"caption\":\"XACT Skate Shop\"},\"image\":{\"@id\":\"http:\\\/\\\/xactskateshop.com\\\/fr\\\/#\\\/schema\\\/logo\\\/image\\\/\"},\"sameAs\":[\"https:\\\/\\\/www.facebook.com\\\/JeanLouiskateshop\"]}]}<\/script>\n<!-- \/ Yoast SEO plugin. -->","yoast_head_json":{"title":"Instructions pour le moulage \u00e0 chaud - Xact Skate Shop","description":"Instructions pour le moulage \u00e0 chaud pour toutes bottines de patin thermomoulable.","robots":{"index":"index","follow":"follow","max-snippet":"max-snippet:-1","max-image-preview":"max-image-preview:large","max-video-preview":"max-video-preview:-1"},"canonical":"https:\/\/xactskateshop.com\/fr\/instructions-pour-le-moulage-a-chaud\/","og_locale":"fr_FR","og_type":"article","og_title":"Instructions pour le moulage \u00e0 chaud - Xact Skate Shop","og_description":"Instructions pour le moulage \u00e0 chaud pour toutes bottines de patin thermomoulable.","og_url":"https:\/\/xactskateshop.com\/fr\/instructions-pour-le-moulage-a-chaud\/","og_site_name":"Xact Skate Shop","article_publisher":"https:\/\/www.facebook.com\/JeanLouiskateshop","article_modified_time":"2026-01-08T18:07:19+00:00","og_image":[{"width":800,"height":279,"url":"https:\/\/xactskateshop.com\/wp-content\/uploads\/2020\/08\/XACTskate-shop-back.png","type":"image\/png"}],"twitter_card":"summary_large_image","twitter_misc":{"Dur\u00e9e de lecture estim\u00e9e":"2 minutes"},"schema":{"@context":"https:\/\/schema.org","@graph":[{"@type":"WebPage","@id":"https:\/\/xactskateshop.com\/fr\/instructions-pour-le-moulage-a-chaud\/","url":"https:\/\/xactskateshop.com\/fr\/instructions-pour-le-moulage-a-chaud\/","name":"Instructions pour le moulage \u00e0 chaud - Xact Skate Shop","isPartOf":{"@id":"http:\/\/xactskateshop.com\/fr\/#website"},"primaryImageOfPage":{"@id":"https:\/\/xactskateshop.com\/fr\/instructions-pour-le-moulage-a-chaud\/#primaryimage"},"image":{"@id":"https:\/\/xactskateshop.com\/fr\/instructions-pour-le-moulage-a-chaud\/#primaryimage"},"thumbnailUrl":"https:\/\/xactskateshop.com\/wp-content\/uploads\/2020\/08\/XACTskate-shop-back.png","datePublished":"2020-08-26T17:36:29+00:00","dateModified":"2026-01-08T18:07:19+00:00","description":"Instructions pour le moulage \u00e0 chaud pour toutes bottines de patin thermomoulable.","breadcrumb":{"@id":"https:\/\/xactskateshop.com\/fr\/instructions-pour-le-moulage-a-chaud\/#breadcrumb"},"inLanguage":"fr-FR","potentialAction":[{"@type":"ReadAction","target":["https:\/\/xactskateshop.com\/fr\/instructions-pour-le-moulage-a-chaud\/"]}]},{"@type":"ImageObject","inLanguage":"fr-FR","@id":"https:\/\/xactskateshop.com\/fr\/instructions-pour-le-moulage-a-chaud\/#primaryimage","url":"https:\/\/xactskateshop.com\/wp-content\/uploads\/2020\/08\/XACTskate-shop-back.png","contentUrl":"https:\/\/xactskateshop.com\/wp-content\/uploads\/2020\/08\/XACTskate-shop-back.png","width":800,"height":279},{"@type":"BreadcrumbList","@id":"https:\/\/xactskateshop.com\/fr\/instructions-pour-le-moulage-a-chaud\/#breadcrumb","itemListElement":[{"@type":"ListItem","position":1,"name":"Home","item":"https:\/\/xactskateshop.com\/fr\/accueil\/"},{"@type":"ListItem","position":2,"name":"Instructions pour le moulage \u00e0 chaud"}]},{"@type":"WebSite","@id":"http:\/\/xactskateshop.com\/fr\/#website","url":"http:\/\/xactskateshop.com\/fr\/","name":"Xact Skate Shop","description":"Un site utilisant WordPress","publisher":{"@id":"http:\/\/xactskateshop.com\/fr\/#organization"},"potentialAction":[{"@type":"SearchAction","target":{"@type":"EntryPoint","urlTemplate":"http:\/\/xactskateshop.com\/fr\/?s={search_term_string}"},"query-input":{"@type":"PropertyValueSpecification","valueRequired":true,"valueName":"search_term_string"}}],"inLanguage":"fr-FR"},{"@type":"Organization","@id":"http:\/\/xactskateshop.com\/fr\/#organization","name":"XACT Skate Shop","url":"http:\/\/xactskateshop.com\/fr\/","logo":{"@type":"ImageObject","inLanguage":"fr-FR","@id":"http:\/\/xactskateshop.com\/fr\/#\/schema\/logo\/image\/","url":"http:\/\/xactskateshop.com\/wp-content\/uploads\/2024\/04\/xactskateshop-dot-com-avec-contour-noir-sans-fond-675x.jpg","contentUrl":"http:\/\/xactskateshop.com\/wp-content\/uploads\/2024\/04\/xactskateshop-dot-com-avec-contour-noir-sans-fond-675x.jpg","width":675,"height":247,"caption":"XACT Skate Shop"},"image":{"@id":"http:\/\/xactskateshop.com\/fr\/#\/schema\/logo\/image\/"},"sameAs":["https:\/\/www.facebook.com\/JeanLouiskateshop"]}]}},"_links":{"self":[{"href":"https:\/\/xactskateshop.com\/fr\/wp-json\/wp\/v2\/pages\/30250","targetHints":{"allow":["GET"]}}],"collection":[{"href":"https:\/\/xactskateshop.com\/fr\/wp-json\/wp\/v2\/pages"}],"about":[{"href":"https:\/\/xactskateshop.com\/fr\/wp-json\/wp\/v2\/types\/page"}],"author":[{"embeddable":true,"href":"https:\/\/xactskateshop.com\/fr\/wp-json\/wp\/v2\/users\/2"}],"replies":[{"embeddable":true,"href":"https:\/\/xactskateshop.com\/fr\/wp-json\/wp\/v2\/comments?post=30250"}],"version-history":[{"count":4,"href":"https:\/\/xactskateshop.com\/fr\/wp-json\/wp\/v2\/pages\/30250\/revisions"}],"predecessor-version":[{"id":67304,"href":"https:\/\/xactskateshop.com\/fr\/wp-json\/wp\/v2\/pages\/30250\/revisions\/67304"}],"wp:featuredmedia":[{"embeddable":true,"href":"https:\/\/xactskateshop.com\/fr\/wp-json\/wp\/v2\/media\/27556"}],"wp:attachment":[{"href":"https:\/\/xactskateshop.com\/fr\/wp-json\/wp\/v2\/media?parent=30250"}],"curies":[{"name":"wp","href":"https:\/\/api.w.org\/{rel}","templated":true}]}}