{"id":30244,"date":"2020-08-26T11:09:07","date_gmt":"2020-08-26T15:09:07","guid":{"rendered":"http:\/\/xactskateshop.com\/expedition-et-retours\/"},"modified":"2025-05-08T16:57:47","modified_gmt":"2025-05-08T20:57:47","slug":"expedition-et-retours","status":"publish","type":"page","link":"https:\/\/xactskateshop.com\/fr\/expedition-et-retours\/","title":{"rendered":"Exp\u00e9dition et retours"},"content":{"rendered":"\t\t<div data-elementor-type=\"wp-post\" data-elementor-id=\"30244\" class=\"elementor elementor-30244 elementor-1006\" data-elementor-post-type=\"page\">\n\t\t\t\t\t\t<section class=\"elementor-section elementor-top-section elementor-element elementor-element-252f1b9d elementor-section-content-middle elementor-section-boxed elementor-section-height-default elementor-section-height-default\" data-id=\"252f1b9d\" data-element_type=\"section\" data-e-type=\"section\" data-settings=\"{&quot;background_background&quot;:&quot;classic&quot;}\">\n\t\t\t\t\t\t<div class=\"elementor-container elementor-column-gap-default\">\n\t\t\t\t\t<div class=\"elementor-column elementor-col-100 elementor-top-column elementor-element elementor-element-4d975910\" data-id=\"4d975910\" data-element_type=\"column\" data-e-type=\"column\">\n\t\t\t<div class=\"elementor-widget-wrap elementor-element-populated\">\n\t\t\t\t\t\t<div class=\"elementor-element elementor-element-fbfe9a7 elementor-widget elementor-widget-heading\" data-id=\"fbfe9a7\" data-element_type=\"widget\" data-e-type=\"widget\" data-widget_type=\"heading.default\">\n\t\t\t\t<div class=\"elementor-widget-container\">\n\t\t\t\t\t<h2 class=\"elementor-heading-title elementor-size-default\">nos politiques<\/h2>\t\t\t\t<\/div>\n\t\t\t\t<\/div>\n\t\t\t\t<div class=\"elementor-element elementor-element-73150c2 elementor-widget elementor-widget-heading\" data-id=\"73150c2\" data-element_type=\"widget\" data-e-type=\"widget\" data-widget_type=\"heading.default\">\n\t\t\t\t<div class=\"elementor-widget-container\">\n\t\t\t\t\t<h1 class=\"elementor-heading-title elementor-size-xxl\">Exp\u00e9dition et retours<\/h1>\t\t\t\t<\/div>\n\t\t\t\t<\/div>\n\t\t\t\t\t<\/div>\n\t\t<\/div>\n\t\t\t\t\t<\/div>\n\t\t<\/section>\n\t\t\t\t<section class=\"elementor-section elementor-top-section elementor-element elementor-element-42796439 elementor-section-content-middle elementor-section-boxed elementor-section-height-default elementor-section-height-default\" data-id=\"42796439\" data-element_type=\"section\" data-e-type=\"section\" data-settings=\"{&quot;background_background&quot;:&quot;classic&quot;}\">\n\t\t\t\t\t\t\t<div class=\"elementor-background-overlay\"><\/div>\n\t\t\t\t\t\t\t<div class=\"elementor-container elementor-column-gap-no\">\n\t\t\t\t\t<div class=\"elementor-column elementor-col-100 elementor-top-column elementor-element elementor-element-9dda8b6\" data-id=\"9dda8b6\" data-element_type=\"column\" data-e-type=\"column\">\n\t\t\t<div class=\"elementor-widget-wrap elementor-element-populated\">\n\t\t\t\t\t\t<div class=\"elementor-element elementor-element-187a6ed elementor-widget elementor-widget-text-editor\" data-id=\"187a6ed\" data-element_type=\"widget\" data-e-type=\"widget\" data-widget_type=\"text-editor.default\">\n\t\t\t\t<div class=\"elementor-widget-container\">\n\t\t\t\t\t\t\t\t\t<h3>EXP\u00c9DITION<\/h3><p>L&#8217;exp\u00e9dition se fera soit par UPS, Purolator, Canpar ou Postes Canada, \u00e0 moins que des options express soient demand\u00e9es. Si vous avez des questions concernant l&#8217;exp\u00e9dition, veuillez envoyer un courriel \u00e0 <a href=\"mailto:info@xactskateshop.com\">info@xactskateshop.com<\/a>.<\/p><p><strong>Taxes \u00e0 l&#8217;importation et droits de douane<\/strong><br>Les prix sont hors taxes : Les prix indiqu\u00e9s n&#8217;incluent pas les taxes ou les droits de douane.<\/p><p>Canada : Les taxes (comme la TPS ou la TVP ou la TVH) seront per\u00e7ues au moment du paiement, en fonction de votre situation g\u00e9ographique.<\/p><p>Autres pays : Vous \u00eates responsable du paiement de toutes les taxes d&#8217;importation et des droits de douane \u00e0 la r\u00e9ception de votre commande, conform\u00e9ment aux r\u00e8gles douani\u00e8res locales.<\/p><p>Aucune assistance de la part de Xact : Xact n&#8217;apporte aucune aide en mati\u00e8re de douane, de taxes ou de droits de douane apr\u00e8s l&#8217;exp\u00e9dition de la commande.<\/p><p><strong>Refus de paiement :<\/strong><\/p><p>Si vous refusez de payer les frais d&#8217;importation et que le colis est abandonn\u00e9, aucun remboursement ne sera effectu\u00e9.<\/p><p>Si le colis est renvoy\u00e9, les frais d&#8217;exp\u00e9dition seront d\u00e9duits de tout remboursement.<\/p><p><strong>Suivi et livraison<\/strong><br>Suivi disponible : Un lien de suivi est fourni par courriel.<\/p><p><strong>Responsabilit\u00e9s du client :<\/strong><\/p><p>Fournissez une adresse de livraison pr\u00e9cise et s\u00e9curis\u00e9e.<\/p><p>Suivez votre colis et soyez disponible pour le recevoir si n\u00e9cessaire.<\/p><p><strong>Envois retourn\u00e9s :<\/strong><\/p><p>Si la commande porte la mention &#8220;Retour \u00e0 l&#8217;exp\u00e9diteur&#8221;, Xact d\u00e9duira les frais de retour avant de proc\u00e9der au remboursement.<\/p><p>Si vous souhaitez toujours l&#8217;article, vous devrez passer une nouvelle commande.<\/p><p><strong>\u00c0 emporter<\/strong><br>Xact fait porter au client l&#8217;enti\u00e8re responsabilit\u00e9 de.. :<\/p><p>Gestion des taxes \u00e0 l&#8217;importation et des droits de douane<\/p><p>Assurer une livraison r\u00e9ussie en contr\u00f4lant le suivi et en \u00e9tant disponible pour recevoir le colis.<\/p><p>Le non-respect de ces responsabilit\u00e9s peut entra\u00eener la perte de votre commande ou des remboursements partiels uniquement.<\/p><p> <\/p><h3>POLITIQUE DE RETOUR<\/h3><h4>RETOURS<\/h4><p>Vous pouvez retourner un produit dans les 10 jours \u00e0 condition qu&#8217;il n&#8217;ait pas \u00e9t\u00e9 utilis\u00e9. Il vous suffit d&#8217;envoyer un courriel \u00e0 <a href=\"mailto:info@xactskateshop.com\">info@xactskateshop.com<\/a> et de nous indiquer le probl\u00e8me ou la raison pour laquelle vous souhaitez renvoyer le produit. S&#8217;il s&#8217;agit d&#8217;un probl\u00e8me de taille de casque et que vous avez d\u00e9j\u00e0 essay\u00e9 toutes les autres doublures de la bo\u00eete, nous pourrons peut-\u00eatre simplement vous envoyer la doublure de la bonne taille et vous faire \u00e9conomiser de l&#8217;argent sur l&#8217;exp\u00e9dition du casque. N&#8217;oubliez pas de demander un num\u00e9ro d&#8217;autorisation de retour. Nous vous enverrons un num\u00e9ro d&#8217;autorisation de retour par courrier \u00e9lectronique et vous n&#8217;aurez plus qu&#8217;\u00e0 envoyer le produit \u00e0 l&#8217;adresse ci-dessous. (vous payez les frais d&#8217;exp\u00e9dition et nous vous conseillons d&#8217;obtenir un num\u00e9ro de suivi afin de pouvoir suivre le colis). Lorsque nous recevrons le produit, nous vous rembourserons le montant de l&#8217;achat initial (\u00e0 l&#8217;exception des frais d&#8217;exp\u00e9dition). Certains retours peuvent \u00eatre soumis \u00e0 des frais de restockage de 25 %.<\/p><h4>GARANTIE<\/h4><p>Tous les produits sont garantis pendant 90 jours \u00e0 compter de la date d&#8217;achat contre les d\u00e9fauts de fabrication. Cette disposition ne s&#8217;applique qu&#8217;au propri\u00e9taire initial et doit \u00eatre accompagn\u00e9e d&#8217;un ticket de caisse comme preuve d&#8217;achat. Cette garantie ne s&#8217;applique pas aux dommages r\u00e9sultant d&#8217;un choc, d&#8217;une mauvaise utilisation, d&#8217;un abus, d&#8217;un accident, d&#8217;une n\u00e9gligence ou d&#8217;une usure normale. Si vous pensez que votre produit pr\u00e9sente un d\u00e9faut de fabrication, envoyez un courriel \u00e0 <a href=\"mailto:info@xactperformance.com\">info@xactperformance.com<\/a> en joignant des photos et en expliquant ce qui ne va pas. Nous r\u00e9pondrons \u00e0 votre courriel en vous communiquant un num\u00e9ro d&#8217;autorisation de retour (RA#). Une fois que vous aurez re\u00e7u le num\u00e9ro d&#8217;autorisation de retour, envoyez le produit \u00e0 l&#8217;adresse ci-dessous.  Si le produit pr\u00e9sente un d\u00e9faut de fabrication, nous vous enverrons un nouveau produit. Si le produit ne pr\u00e9sente pas de d\u00e9faut de fabrication, vous devrez payer les frais d&#8217;exp\u00e9dition pour que nous puissions vous renvoyer le produit.<\/p>\t\t\t\t\t\t\t\t<\/div>\n\t\t\t\t<\/div>\n\t\t\t\t\t<\/div>\n\t\t<\/div>\n\t\t\t\t\t<\/div>\n\t\t<\/section>\n\t\t\t\t<\/div>\n\t\t","protected":false},"excerpt":{"rendered":"<p>nos politiques EXP\u00c9DITION L&#8217;exp\u00e9dition se fera soit par UPS, Purolator, Canpar ou Postes Canada, \u00e0 moins que des options express soient demand\u00e9es. Si vous avez des questions concernant l&#8217;exp\u00e9dition, veuillez envoyer un courriel \u00e0 info@xactskateshop.com. Taxes \u00e0 l&#8217;importation et droits de douaneLes prix sont hors taxes : Les prix indiqu\u00e9s n&#8217;incluent pas les taxes ou [&hellip;]<\/p>\n","protected":false},"author":2,"featured_media":27556,"parent":0,"menu_order":0,"comment_status":"closed","ping_status":"closed","template":"","meta":{"site-sidebar-layout":"default","site-content-layout":"page-builder","ast-site-content-layout":"default","site-content-style":"default","site-sidebar-style":"default","ast-global-header-display":"","ast-banner-title-visibility":"","ast-main-header-display":"","ast-hfb-above-header-display":"","ast-hfb-below-header-display":"","ast-hfb-mobile-header-display":"","site-post-title":"disabled","ast-breadcrumbs-content":"","ast-featured-img":"disabled","footer-sml-layout":"","theme-transparent-header-meta":"default","adv-header-id-meta":"","stick-header-meta":"default","header-above-stick-meta":"","header-main-stick-meta":"","header-below-stick-meta":"","astra-migrate-meta-layouts":"default","ast-page-background-enabled":"default","ast-page-background-meta":{"desktop":{"background-color":"","background-image":"","background-repeat":"repeat","background-position":"center center","background-size":"auto","background-attachment":"scroll","background-type":"","background-media":"","overlay-type":"","overlay-color":"","overlay-opacity":"","overlay-gradient":""},"tablet":{"background-color":"","background-image":"","background-repeat":"repeat","background-position":"center center","background-size":"auto","background-attachment":"scroll","background-type":"","background-media":"","overlay-type":"","overlay-color":"","overlay-opacity":"","overlay-gradient":""},"mobile":{"background-color":"","background-image":"","background-repeat":"repeat","background-position":"center center","background-size":"auto","background-attachment":"scroll","background-type":"","background-media":"","overlay-type":"","overlay-color":"","overlay-opacity":"","overlay-gradient":""}},"ast-content-background-meta":{"desktop":{"background-color":"var(--ast-global-color-5)","background-image":"","background-repeat":"repeat","background-position":"center center","background-size":"auto","background-attachment":"scroll","background-type":"","background-media":"","overlay-type":"","overlay-color":"","overlay-opacity":"","overlay-gradient":""},"tablet":{"background-color":"var(--ast-global-color-5)","background-image":"","background-repeat":"repeat","background-position":"center center","background-size":"auto","background-attachment":"scroll","background-type":"","background-media":"","overlay-type":"","overlay-color":"","overlay-opacity":"","overlay-gradient":""},"mobile":{"background-color":"var(--ast-global-color-5)","background-image":"","background-repeat":"repeat","background-position":"center center","background-size":"auto","background-attachment":"scroll","background-type":"","background-media":"","overlay-type":"","overlay-color":"","overlay-opacity":"","overlay-gradient":""}},"footnotes":""},"class_list":["post-30244","page","type-page","status-publish","has-post-thumbnail","hentry"],"yoast_head":"<!-- This site is optimized with the Yoast SEO plugin v27.4 - https:\/\/yoast.com\/product\/yoast-seo-wordpress\/ -->\n<title>Exp\u00e9dition et retours - Xact Skate Shop<\/title>\n<meta name=\"robots\" content=\"index, follow, max-snippet:-1, max-image-preview:large, max-video-preview:-1\" \/>\n<link rel=\"canonical\" href=\"https:\/\/xactskateshop.com\/fr\/expedition-et-retours\/\" \/>\n<meta property=\"og:locale\" content=\"fr_FR\" \/>\n<meta property=\"og:type\" content=\"article\" \/>\n<meta property=\"og:title\" content=\"Exp\u00e9dition et retours - Xact Skate Shop\" \/>\n<meta property=\"og:description\" content=\"nos politiques EXP\u00c9DITION L&#8217;exp\u00e9dition se fera soit par UPS, Purolator, Canpar ou Postes Canada, \u00e0 moins que des options express soient demand\u00e9es. Si vous avez des questions concernant l&#8217;exp\u00e9dition, veuillez envoyer un courriel \u00e0 info@xactskateshop.com. Taxes \u00e0 l&#8217;importation et droits de douaneLes prix sont hors taxes : Les prix indiqu\u00e9s n&#8217;incluent pas les taxes ou [&hellip;]\" \/>\n<meta property=\"og:url\" content=\"https:\/\/xactskateshop.com\/fr\/expedition-et-retours\/\" \/>\n<meta property=\"og:site_name\" content=\"Xact Skate Shop\" \/>\n<meta property=\"article:publisher\" content=\"https:\/\/www.facebook.com\/JeanLouiskateshop\" \/>\n<meta property=\"article:modified_time\" content=\"2025-05-08T20:57:47+00:00\" \/>\n<meta property=\"og:image\" content=\"https:\/\/xactskateshop.com\/wp-content\/uploads\/2020\/08\/XACTskate-shop-back.png\" \/>\n\t<meta property=\"og:image:width\" content=\"800\" \/>\n\t<meta property=\"og:image:height\" content=\"279\" \/>\n\t<meta property=\"og:image:type\" content=\"image\/png\" \/>\n<meta name=\"twitter:card\" content=\"summary_large_image\" \/>\n<meta name=\"twitter:label1\" content=\"Dur\u00e9e de lecture estim\u00e9e\" \/>\n\t<meta name=\"twitter:data1\" content=\"3 minutes\" \/>\n<script type=\"application\/ld+json\" class=\"yoast-schema-graph\">{\"@context\":\"https:\\\/\\\/schema.org\",\"@graph\":[{\"@type\":\"WebPage\",\"@id\":\"https:\\\/\\\/xactskateshop.com\\\/fr\\\/expedition-et-retours\\\/\",\"url\":\"https:\\\/\\\/xactskateshop.com\\\/fr\\\/expedition-et-retours\\\/\",\"name\":\"Exp\u00e9dition et retours - Xact Skate Shop\",\"isPartOf\":{\"@id\":\"http:\\\/\\\/xactskateshop.com\\\/fr\\\/#website\"},\"primaryImageOfPage\":{\"@id\":\"https:\\\/\\\/xactskateshop.com\\\/fr\\\/expedition-et-retours\\\/#primaryimage\"},\"image\":{\"@id\":\"https:\\\/\\\/xactskateshop.com\\\/fr\\\/expedition-et-retours\\\/#primaryimage\"},\"thumbnailUrl\":\"https:\\\/\\\/xactskateshop.com\\\/wp-content\\\/uploads\\\/2020\\\/08\\\/XACTskate-shop-back.png\",\"datePublished\":\"2020-08-26T15:09:07+00:00\",\"dateModified\":\"2025-05-08T20:57:47+00:00\",\"breadcrumb\":{\"@id\":\"https:\\\/\\\/xactskateshop.com\\\/fr\\\/expedition-et-retours\\\/#breadcrumb\"},\"inLanguage\":\"fr-FR\",\"potentialAction\":[{\"@type\":\"ReadAction\",\"target\":[\"https:\\\/\\\/xactskateshop.com\\\/fr\\\/expedition-et-retours\\\/\"]}]},{\"@type\":\"ImageObject\",\"inLanguage\":\"fr-FR\",\"@id\":\"https:\\\/\\\/xactskateshop.com\\\/fr\\\/expedition-et-retours\\\/#primaryimage\",\"url\":\"https:\\\/\\\/xactskateshop.com\\\/wp-content\\\/uploads\\\/2020\\\/08\\\/XACTskate-shop-back.png\",\"contentUrl\":\"https:\\\/\\\/xactskateshop.com\\\/wp-content\\\/uploads\\\/2020\\\/08\\\/XACTskate-shop-back.png\",\"width\":800,\"height\":279},{\"@type\":\"BreadcrumbList\",\"@id\":\"https:\\\/\\\/xactskateshop.com\\\/fr\\\/expedition-et-retours\\\/#breadcrumb\",\"itemListElement\":[{\"@type\":\"ListItem\",\"position\":1,\"name\":\"Home\",\"item\":\"https:\\\/\\\/xactskateshop.com\\\/fr\\\/accueil\\\/\"},{\"@type\":\"ListItem\",\"position\":2,\"name\":\"Exp\u00e9dition et retours\"}]},{\"@type\":\"WebSite\",\"@id\":\"http:\\\/\\\/xactskateshop.com\\\/fr\\\/#website\",\"url\":\"http:\\\/\\\/xactskateshop.com\\\/fr\\\/\",\"name\":\"Xact Skate Shop\",\"description\":\"Un site utilisant WordPress\",\"publisher\":{\"@id\":\"http:\\\/\\\/xactskateshop.com\\\/fr\\\/#organization\"},\"potentialAction\":[{\"@type\":\"SearchAction\",\"target\":{\"@type\":\"EntryPoint\",\"urlTemplate\":\"http:\\\/\\\/xactskateshop.com\\\/fr\\\/?s={search_term_string}\"},\"query-input\":{\"@type\":\"PropertyValueSpecification\",\"valueRequired\":true,\"valueName\":\"search_term_string\"}}],\"inLanguage\":\"fr-FR\"},{\"@type\":\"Organization\",\"@id\":\"http:\\\/\\\/xactskateshop.com\\\/fr\\\/#organization\",\"name\":\"XACT Skate Shop\",\"url\":\"http:\\\/\\\/xactskateshop.com\\\/fr\\\/\",\"logo\":{\"@type\":\"ImageObject\",\"inLanguage\":\"fr-FR\",\"@id\":\"http:\\\/\\\/xactskateshop.com\\\/fr\\\/#\\\/schema\\\/logo\\\/image\\\/\",\"url\":\"http:\\\/\\\/xactskateshop.com\\\/wp-content\\\/uploads\\\/2024\\\/04\\\/xactskateshop-dot-com-avec-contour-noir-sans-fond-675x.jpg\",\"contentUrl\":\"http:\\\/\\\/xactskateshop.com\\\/wp-content\\\/uploads\\\/2024\\\/04\\\/xactskateshop-dot-com-avec-contour-noir-sans-fond-675x.jpg\",\"width\":675,\"height\":247,\"caption\":\"XACT Skate Shop\"},\"image\":{\"@id\":\"http:\\\/\\\/xactskateshop.com\\\/fr\\\/#\\\/schema\\\/logo\\\/image\\\/\"},\"sameAs\":[\"https:\\\/\\\/www.facebook.com\\\/JeanLouiskateshop\"]}]}<\/script>\n<!-- \/ Yoast SEO plugin. -->","yoast_head_json":{"title":"Exp\u00e9dition et retours - Xact Skate Shop","robots":{"index":"index","follow":"follow","max-snippet":"max-snippet:-1","max-image-preview":"max-image-preview:large","max-video-preview":"max-video-preview:-1"},"canonical":"https:\/\/xactskateshop.com\/fr\/expedition-et-retours\/","og_locale":"fr_FR","og_type":"article","og_title":"Exp\u00e9dition et retours - Xact Skate Shop","og_description":"nos politiques EXP\u00c9DITION L&#8217;exp\u00e9dition se fera soit par UPS, Purolator, Canpar ou Postes Canada, \u00e0 moins que des options express soient demand\u00e9es. Si vous avez des questions concernant l&#8217;exp\u00e9dition, veuillez envoyer un courriel \u00e0 info@xactskateshop.com. Taxes \u00e0 l&#8217;importation et droits de douaneLes prix sont hors taxes : Les prix indiqu\u00e9s n&#8217;incluent pas les taxes ou [&hellip;]","og_url":"https:\/\/xactskateshop.com\/fr\/expedition-et-retours\/","og_site_name":"Xact Skate Shop","article_publisher":"https:\/\/www.facebook.com\/JeanLouiskateshop","article_modified_time":"2025-05-08T20:57:47+00:00","og_image":[{"width":800,"height":279,"url":"https:\/\/xactskateshop.com\/wp-content\/uploads\/2020\/08\/XACTskate-shop-back.png","type":"image\/png"}],"twitter_card":"summary_large_image","twitter_misc":{"Dur\u00e9e de lecture estim\u00e9e":"3 minutes"},"schema":{"@context":"https:\/\/schema.org","@graph":[{"@type":"WebPage","@id":"https:\/\/xactskateshop.com\/fr\/expedition-et-retours\/","url":"https:\/\/xactskateshop.com\/fr\/expedition-et-retours\/","name":"Exp\u00e9dition et retours - Xact Skate Shop","isPartOf":{"@id":"http:\/\/xactskateshop.com\/fr\/#website"},"primaryImageOfPage":{"@id":"https:\/\/xactskateshop.com\/fr\/expedition-et-retours\/#primaryimage"},"image":{"@id":"https:\/\/xactskateshop.com\/fr\/expedition-et-retours\/#primaryimage"},"thumbnailUrl":"https:\/\/xactskateshop.com\/wp-content\/uploads\/2020\/08\/XACTskate-shop-back.png","datePublished":"2020-08-26T15:09:07+00:00","dateModified":"2025-05-08T20:57:47+00:00","breadcrumb":{"@id":"https:\/\/xactskateshop.com\/fr\/expedition-et-retours\/#breadcrumb"},"inLanguage":"fr-FR","potentialAction":[{"@type":"ReadAction","target":["https:\/\/xactskateshop.com\/fr\/expedition-et-retours\/"]}]},{"@type":"ImageObject","inLanguage":"fr-FR","@id":"https:\/\/xactskateshop.com\/fr\/expedition-et-retours\/#primaryimage","url":"https:\/\/xactskateshop.com\/wp-content\/uploads\/2020\/08\/XACTskate-shop-back.png","contentUrl":"https:\/\/xactskateshop.com\/wp-content\/uploads\/2020\/08\/XACTskate-shop-back.png","width":800,"height":279},{"@type":"BreadcrumbList","@id":"https:\/\/xactskateshop.com\/fr\/expedition-et-retours\/#breadcrumb","itemListElement":[{"@type":"ListItem","position":1,"name":"Home","item":"https:\/\/xactskateshop.com\/fr\/accueil\/"},{"@type":"ListItem","position":2,"name":"Exp\u00e9dition et retours"}]},{"@type":"WebSite","@id":"http:\/\/xactskateshop.com\/fr\/#website","url":"http:\/\/xactskateshop.com\/fr\/","name":"Xact Skate Shop","description":"Un site utilisant WordPress","publisher":{"@id":"http:\/\/xactskateshop.com\/fr\/#organization"},"potentialAction":[{"@type":"SearchAction","target":{"@type":"EntryPoint","urlTemplate":"http:\/\/xactskateshop.com\/fr\/?s={search_term_string}"},"query-input":{"@type":"PropertyValueSpecification","valueRequired":true,"valueName":"search_term_string"}}],"inLanguage":"fr-FR"},{"@type":"Organization","@id":"http:\/\/xactskateshop.com\/fr\/#organization","name":"XACT Skate Shop","url":"http:\/\/xactskateshop.com\/fr\/","logo":{"@type":"ImageObject","inLanguage":"fr-FR","@id":"http:\/\/xactskateshop.com\/fr\/#\/schema\/logo\/image\/","url":"http:\/\/xactskateshop.com\/wp-content\/uploads\/2024\/04\/xactskateshop-dot-com-avec-contour-noir-sans-fond-675x.jpg","contentUrl":"http:\/\/xactskateshop.com\/wp-content\/uploads\/2024\/04\/xactskateshop-dot-com-avec-contour-noir-sans-fond-675x.jpg","width":675,"height":247,"caption":"XACT Skate Shop"},"image":{"@id":"http:\/\/xactskateshop.com\/fr\/#\/schema\/logo\/image\/"},"sameAs":["https:\/\/www.facebook.com\/JeanLouiskateshop"]}]}},"_links":{"self":[{"href":"https:\/\/xactskateshop.com\/fr\/wp-json\/wp\/v2\/pages\/30244","targetHints":{"allow":["GET"]}}],"collection":[{"href":"https:\/\/xactskateshop.com\/fr\/wp-json\/wp\/v2\/pages"}],"about":[{"href":"https:\/\/xactskateshop.com\/fr\/wp-json\/wp\/v2\/types\/page"}],"author":[{"embeddable":true,"href":"https:\/\/xactskateshop.com\/fr\/wp-json\/wp\/v2\/users\/2"}],"replies":[{"embeddable":true,"href":"https:\/\/xactskateshop.com\/fr\/wp-json\/wp\/v2\/comments?post=30244"}],"version-history":[{"count":0,"href":"https:\/\/xactskateshop.com\/fr\/wp-json\/wp\/v2\/pages\/30244\/revisions"}],"wp:featuredmedia":[{"embeddable":true,"href":"https:\/\/xactskateshop.com\/fr\/wp-json\/wp\/v2\/media\/27556"}],"wp:attachment":[{"href":"https:\/\/xactskateshop.com\/fr\/wp-json\/wp\/v2\/media?parent=30244"}],"curies":[{"name":"wp","href":"https:\/\/api.w.org\/{rel}","templated":true}]}}