{"id":30241,"date":"2018-07-24T07:24:00","date_gmt":"2018-07-24T11:24:00","guid":{"rendered":"http:\/\/xactskateshop.com\/contact\/"},"modified":"2026-01-08T13:06:40","modified_gmt":"2026-01-08T18:06:40","slug":"contact","status":"publish","type":"page","link":"https:\/\/xactskateshop.com\/fr\/contact\/","title":{"rendered":"Contact"},"content":{"rendered":"\t\t<div data-elementor-type=\"wp-post\" data-elementor-id=\"30241\" class=\"elementor elementor-30241 elementor-153\" data-elementor-post-type=\"page\">\n\t\t\t\t\t\t<section class=\"elementor-section elementor-top-section elementor-element elementor-element-9a7f0b7 elementor-section-boxed elementor-section-height-default elementor-section-height-default\" data-id=\"9a7f0b7\" data-element_type=\"section\" data-e-type=\"section\">\n\t\t\t\t\t\t<div class=\"elementor-container elementor-column-gap-default\">\n\t\t\t\t\t<div class=\"elementor-column elementor-col-100 elementor-top-column elementor-element elementor-element-3157783e\" data-id=\"3157783e\" data-element_type=\"column\" data-e-type=\"column\">\n\t\t\t<div class=\"elementor-widget-wrap elementor-element-populated\">\n\t\t\t\t\t\t<div class=\"elementor-element elementor-element-49f5b653 elementor-widget elementor-widget-text-editor\" data-id=\"49f5b653\" data-element_type=\"widget\" data-e-type=\"widget\" data-widget_type=\"text-editor.default\">\n\t\t\t\t<div class=\"elementor-widget-container\">\n\t\t\t\t\t\t\t\t\t<h4><span style=\"color: #000000;\">Coordonn\u00e9es<\/span><\/h4><h6>Localisation<\/h6><p>12770 Brault suite 101<br \/>Mirabel, QC J7J 0W3<br \/>Canada<\/p><h6>Nous contacter<\/h6><p>T\u00e9l\u00e9phone : 450-419-9941 <a href=\"tel:450-419-9941\">450-419-9941<\/a><br \/>Courriel : <a href=\"mailto:info@xactskateshop.com\">info@xactskateshop.com<\/a><\/p><h6><u>HORAIRE DES F\u00caTES:<\/u><\/h6><h6><u><br \/><\/u><span style=\"color: #ff0000;\">23 D\u00e9cembre : 9h00 &#8211; 13h00<\/span><\/h6><h6><span style=\"color: #ff0000;\">24-25 D\u00e9cembre : Ferm\u00e9<\/span><\/h6><h6><span style=\"color: #ff0000;\">26 D\u00e9cembre: 13h00 &#8211; 19h00<\/span><\/h6><h6><span style=\"color: #ff0000;\">27 D\u00e9cembre : 10h00 &#8211; 16h00<\/span><\/h6><h6><span style=\"color: #ff0000;\">30 D\u00e9cembre : 9h00 &#8211; 18h00<\/span><\/h6><h6><span style=\"color: #ff0000;\">31 D\u00e9cembre : 9h00 &#8211; 17h00<\/span><\/h6><h6><span style=\"color: #ff0000;\">1 au 5 Janvier : Ferm\u00e9<\/span><\/h6><h6><u>HORAIRE D&#8217;HIVER DU POINT DE VENTE <\/u><u>(1er Ao\u00fbt &#8211; 30 Avril)<\/u><\/h6><p>Dimanche et lundi : ferm\u00e9<\/p><p>Mardi &#8211; Mercredi : 9h00 \u00e0 18h00<\/p><p>Jeudi &#8211; vendredi : 11h00 \u00e0 19h00<\/p><p>Samedi : 10h00 \u00e0 16h00<\/p><h6><span style=\"text-decoration: underline;\">HORAIRE D&#8217;\u00c9T\u00c9 DU POINT DE VENTE (1er Mai &#8211; 31 Juillet)<\/span><\/h6><p>Dimanche et lundi : ferm\u00e9<\/p><p>Mardi &#8211; Mercredi : 9h00 \u00e0 18h00<\/p><p>Jeudi &#8211; Vendredi : 11h00 \u00e018h00<\/p><p>Samedi : 10h00 \u00e0 16h00<\/p>\t\t\t\t\t\t\t\t<\/div>\n\t\t\t\t<\/div>\n\t\t\t\t\t<\/div>\n\t\t<\/div>\n\t\t\t\t\t<\/div>\n\t\t<\/section>\n\t\t\t\t<\/div>\n\t\t","protected":false},"excerpt":{"rendered":"<p>Coordonn\u00e9es Localisation 12770 Brault suite 101Mirabel, QC J7J 0W3Canada Nous contacter T\u00e9l\u00e9phone : 450-419-9941 450-419-9941Courriel : info@xactskateshop.com HORAIRE DES F\u00caTES: 23 D\u00e9cembre : 9h00 &#8211; 13h00 24-25 D\u00e9cembre : Ferm\u00e9 26 D\u00e9cembre: 13h00 &#8211; 19h00 27 D\u00e9cembre : 10h00 &#8211; 16h00 30 D\u00e9cembre : 9h00 &#8211; 18h00 31 D\u00e9cembre : 9h00 &#8211; 17h00 1 au [&hellip;]<\/p>\n","protected":false},"author":2,"featured_media":27556,"parent":0,"menu_order":0,"comment_status":"closed","ping_status":"closed","template":"","meta":{"site-sidebar-layout":"default","site-content-layout":"page-builder","ast-site-content-layout":"full-width-container","site-content-style":"unboxed","site-sidebar-style":"unboxed","ast-global-header-display":"","ast-banner-title-visibility":"","ast-main-header-display":"","ast-hfb-above-header-display":"","ast-hfb-below-header-display":"","ast-hfb-mobile-header-display":"","site-post-title":"disabled","ast-breadcrumbs-content":"","ast-featured-img":"disabled","footer-sml-layout":"","theme-transparent-header-meta":"default","adv-header-id-meta":"","stick-header-meta":"default","header-above-stick-meta":"","header-main-stick-meta":"","header-below-stick-meta":"","astra-migrate-meta-layouts":"set","ast-page-background-enabled":"default","ast-page-background-meta":{"desktop":{"background-color":"","background-image":"","background-repeat":"repeat","background-position":"center center","background-size":"auto","background-attachment":"scroll","background-type":"","background-media":"","overlay-type":"","overlay-color":"","overlay-opacity":"","overlay-gradient":""},"tablet":{"background-color":"","background-image":"","background-repeat":"repeat","background-position":"center center","background-size":"auto","background-attachment":"scroll","background-type":"","background-media":"","overlay-type":"","overlay-color":"","overlay-opacity":"","overlay-gradient":""},"mobile":{"background-color":"","background-image":"","background-repeat":"repeat","background-position":"center center","background-size":"auto","background-attachment":"scroll","background-type":"","background-media":"","overlay-type":"","overlay-color":"","overlay-opacity":"","overlay-gradient":""}},"ast-content-background-meta":{"desktop":{"background-color":"var(--ast-global-color-5)","background-image":"","background-repeat":"repeat","background-position":"center center","background-size":"auto","background-attachment":"scroll","background-type":"","background-media":"","overlay-type":"","overlay-color":"","overlay-opacity":"","overlay-gradient":""},"tablet":{"background-color":"var(--ast-global-color-5)","background-image":"","background-repeat":"repeat","background-position":"center center","background-size":"auto","background-attachment":"scroll","background-type":"","background-media":"","overlay-type":"","overlay-color":"","overlay-opacity":"","overlay-gradient":""},"mobile":{"background-color":"var(--ast-global-color-5)","background-image":"","background-repeat":"repeat","background-position":"center center","background-size":"auto","background-attachment":"scroll","background-type":"","background-media":"","overlay-type":"","overlay-color":"","overlay-opacity":"","overlay-gradient":""}},"footnotes":""},"class_list":["post-30241","page","type-page","status-publish","has-post-thumbnail","hentry"],"yoast_head":"<!-- This site is optimized with the Yoast SEO plugin v27.4 - https:\/\/yoast.com\/product\/yoast-seo-wordpress\/ -->\n<title>Contact - Xact Skate Shop<\/title>\n<meta name=\"robots\" content=\"index, follow, max-snippet:-1, max-image-preview:large, max-video-preview:-1\" \/>\n<link rel=\"canonical\" href=\"https:\/\/xactskateshop.com\/fr\/contact\/\" \/>\n<meta property=\"og:locale\" content=\"fr_FR\" \/>\n<meta property=\"og:type\" content=\"article\" \/>\n<meta property=\"og:title\" content=\"Contact - Xact Skate Shop\" \/>\n<meta property=\"og:description\" content=\"Coordonn\u00e9es Localisation 12770 Brault suite 101Mirabel, QC J7J 0W3Canada Nous contacter T\u00e9l\u00e9phone : 450-419-9941 450-419-9941Courriel : info@xactskateshop.com HORAIRE DES F\u00caTES: 23 D\u00e9cembre : 9h00 &#8211; 13h00 24-25 D\u00e9cembre : Ferm\u00e9 26 D\u00e9cembre: 13h00 &#8211; 19h00 27 D\u00e9cembre : 10h00 &#8211; 16h00 30 D\u00e9cembre : 9h00 &#8211; 18h00 31 D\u00e9cembre : 9h00 &#8211; 17h00 1 au [&hellip;]\" \/>\n<meta property=\"og:url\" content=\"https:\/\/xactskateshop.com\/fr\/contact\/\" \/>\n<meta property=\"og:site_name\" content=\"Xact Skate Shop\" \/>\n<meta property=\"article:publisher\" content=\"https:\/\/www.facebook.com\/JeanLouiskateshop\" \/>\n<meta property=\"article:modified_time\" content=\"2026-01-08T18:06:40+00:00\" \/>\n<meta property=\"og:image\" content=\"https:\/\/xactskateshop.com\/wp-content\/uploads\/2020\/08\/XACTskate-shop-back.png\" \/>\n\t<meta property=\"og:image:width\" content=\"800\" \/>\n\t<meta property=\"og:image:height\" content=\"279\" \/>\n\t<meta property=\"og:image:type\" content=\"image\/png\" \/>\n<meta name=\"twitter:card\" content=\"summary_large_image\" \/>\n<meta name=\"twitter:label1\" content=\"Dur\u00e9e de lecture estim\u00e9e\" \/>\n\t<meta name=\"twitter:data1\" content=\"1 minute\" \/>\n<script type=\"application\/ld+json\" class=\"yoast-schema-graph\">{\"@context\":\"https:\\\/\\\/schema.org\",\"@graph\":[{\"@type\":\"WebPage\",\"@id\":\"https:\\\/\\\/xactskateshop.com\\\/fr\\\/contact\\\/\",\"url\":\"https:\\\/\\\/xactskateshop.com\\\/fr\\\/contact\\\/\",\"name\":\"Contact - Xact Skate Shop\",\"isPartOf\":{\"@id\":\"http:\\\/\\\/xactskateshop.com\\\/fr\\\/#website\"},\"primaryImageOfPage\":{\"@id\":\"https:\\\/\\\/xactskateshop.com\\\/fr\\\/contact\\\/#primaryimage\"},\"image\":{\"@id\":\"https:\\\/\\\/xactskateshop.com\\\/fr\\\/contact\\\/#primaryimage\"},\"thumbnailUrl\":\"https:\\\/\\\/xactskateshop.com\\\/wp-content\\\/uploads\\\/2020\\\/08\\\/XACTskate-shop-back.png\",\"datePublished\":\"2018-07-24T11:24:00+00:00\",\"dateModified\":\"2026-01-08T18:06:40+00:00\",\"breadcrumb\":{\"@id\":\"https:\\\/\\\/xactskateshop.com\\\/fr\\\/contact\\\/#breadcrumb\"},\"inLanguage\":\"fr-FR\",\"potentialAction\":[{\"@type\":\"ReadAction\",\"target\":[\"https:\\\/\\\/xactskateshop.com\\\/fr\\\/contact\\\/\"]}]},{\"@type\":\"ImageObject\",\"inLanguage\":\"fr-FR\",\"@id\":\"https:\\\/\\\/xactskateshop.com\\\/fr\\\/contact\\\/#primaryimage\",\"url\":\"https:\\\/\\\/xactskateshop.com\\\/wp-content\\\/uploads\\\/2020\\\/08\\\/XACTskate-shop-back.png\",\"contentUrl\":\"https:\\\/\\\/xactskateshop.com\\\/wp-content\\\/uploads\\\/2020\\\/08\\\/XACTskate-shop-back.png\",\"width\":800,\"height\":279},{\"@type\":\"BreadcrumbList\",\"@id\":\"https:\\\/\\\/xactskateshop.com\\\/fr\\\/contact\\\/#breadcrumb\",\"itemListElement\":[{\"@type\":\"ListItem\",\"position\":1,\"name\":\"Home\",\"item\":\"https:\\\/\\\/xactskateshop.com\\\/fr\\\/accueil\\\/\"},{\"@type\":\"ListItem\",\"position\":2,\"name\":\"Contact\"}]},{\"@type\":\"WebSite\",\"@id\":\"http:\\\/\\\/xactskateshop.com\\\/fr\\\/#website\",\"url\":\"http:\\\/\\\/xactskateshop.com\\\/fr\\\/\",\"name\":\"Xact Skate Shop\",\"description\":\"Un site utilisant WordPress\",\"publisher\":{\"@id\":\"http:\\\/\\\/xactskateshop.com\\\/fr\\\/#organization\"},\"potentialAction\":[{\"@type\":\"SearchAction\",\"target\":{\"@type\":\"EntryPoint\",\"urlTemplate\":\"http:\\\/\\\/xactskateshop.com\\\/fr\\\/?s={search_term_string}\"},\"query-input\":{\"@type\":\"PropertyValueSpecification\",\"valueRequired\":true,\"valueName\":\"search_term_string\"}}],\"inLanguage\":\"fr-FR\"},{\"@type\":\"Organization\",\"@id\":\"http:\\\/\\\/xactskateshop.com\\\/fr\\\/#organization\",\"name\":\"XACT Skate Shop\",\"url\":\"http:\\\/\\\/xactskateshop.com\\\/fr\\\/\",\"logo\":{\"@type\":\"ImageObject\",\"inLanguage\":\"fr-FR\",\"@id\":\"http:\\\/\\\/xactskateshop.com\\\/fr\\\/#\\\/schema\\\/logo\\\/image\\\/\",\"url\":\"http:\\\/\\\/xactskateshop.com\\\/wp-content\\\/uploads\\\/2024\\\/04\\\/xactskateshop-dot-com-avec-contour-noir-sans-fond-675x.jpg\",\"contentUrl\":\"http:\\\/\\\/xactskateshop.com\\\/wp-content\\\/uploads\\\/2024\\\/04\\\/xactskateshop-dot-com-avec-contour-noir-sans-fond-675x.jpg\",\"width\":675,\"height\":247,\"caption\":\"XACT Skate Shop\"},\"image\":{\"@id\":\"http:\\\/\\\/xactskateshop.com\\\/fr\\\/#\\\/schema\\\/logo\\\/image\\\/\"},\"sameAs\":[\"https:\\\/\\\/www.facebook.com\\\/JeanLouiskateshop\"]}]}<\/script>\n<!-- \/ Yoast SEO plugin. -->","yoast_head_json":{"title":"Contact - Xact Skate Shop","robots":{"index":"index","follow":"follow","max-snippet":"max-snippet:-1","max-image-preview":"max-image-preview:large","max-video-preview":"max-video-preview:-1"},"canonical":"https:\/\/xactskateshop.com\/fr\/contact\/","og_locale":"fr_FR","og_type":"article","og_title":"Contact - Xact Skate Shop","og_description":"Coordonn\u00e9es Localisation 12770 Brault suite 101Mirabel, QC J7J 0W3Canada Nous contacter T\u00e9l\u00e9phone : 450-419-9941 450-419-9941Courriel : info@xactskateshop.com HORAIRE DES F\u00caTES: 23 D\u00e9cembre : 9h00 &#8211; 13h00 24-25 D\u00e9cembre : Ferm\u00e9 26 D\u00e9cembre: 13h00 &#8211; 19h00 27 D\u00e9cembre : 10h00 &#8211; 16h00 30 D\u00e9cembre : 9h00 &#8211; 18h00 31 D\u00e9cembre : 9h00 &#8211; 17h00 1 au [&hellip;]","og_url":"https:\/\/xactskateshop.com\/fr\/contact\/","og_site_name":"Xact Skate Shop","article_publisher":"https:\/\/www.facebook.com\/JeanLouiskateshop","article_modified_time":"2026-01-08T18:06:40+00:00","og_image":[{"width":800,"height":279,"url":"https:\/\/xactskateshop.com\/wp-content\/uploads\/2020\/08\/XACTskate-shop-back.png","type":"image\/png"}],"twitter_card":"summary_large_image","twitter_misc":{"Dur\u00e9e de lecture estim\u00e9e":"1 minute"},"schema":{"@context":"https:\/\/schema.org","@graph":[{"@type":"WebPage","@id":"https:\/\/xactskateshop.com\/fr\/contact\/","url":"https:\/\/xactskateshop.com\/fr\/contact\/","name":"Contact - Xact Skate Shop","isPartOf":{"@id":"http:\/\/xactskateshop.com\/fr\/#website"},"primaryImageOfPage":{"@id":"https:\/\/xactskateshop.com\/fr\/contact\/#primaryimage"},"image":{"@id":"https:\/\/xactskateshop.com\/fr\/contact\/#primaryimage"},"thumbnailUrl":"https:\/\/xactskateshop.com\/wp-content\/uploads\/2020\/08\/XACTskate-shop-back.png","datePublished":"2018-07-24T11:24:00+00:00","dateModified":"2026-01-08T18:06:40+00:00","breadcrumb":{"@id":"https:\/\/xactskateshop.com\/fr\/contact\/#breadcrumb"},"inLanguage":"fr-FR","potentialAction":[{"@type":"ReadAction","target":["https:\/\/xactskateshop.com\/fr\/contact\/"]}]},{"@type":"ImageObject","inLanguage":"fr-FR","@id":"https:\/\/xactskateshop.com\/fr\/contact\/#primaryimage","url":"https:\/\/xactskateshop.com\/wp-content\/uploads\/2020\/08\/XACTskate-shop-back.png","contentUrl":"https:\/\/xactskateshop.com\/wp-content\/uploads\/2020\/08\/XACTskate-shop-back.png","width":800,"height":279},{"@type":"BreadcrumbList","@id":"https:\/\/xactskateshop.com\/fr\/contact\/#breadcrumb","itemListElement":[{"@type":"ListItem","position":1,"name":"Home","item":"https:\/\/xactskateshop.com\/fr\/accueil\/"},{"@type":"ListItem","position":2,"name":"Contact"}]},{"@type":"WebSite","@id":"http:\/\/xactskateshop.com\/fr\/#website","url":"http:\/\/xactskateshop.com\/fr\/","name":"Xact Skate Shop","description":"Un site utilisant WordPress","publisher":{"@id":"http:\/\/xactskateshop.com\/fr\/#organization"},"potentialAction":[{"@type":"SearchAction","target":{"@type":"EntryPoint","urlTemplate":"http:\/\/xactskateshop.com\/fr\/?s={search_term_string}"},"query-input":{"@type":"PropertyValueSpecification","valueRequired":true,"valueName":"search_term_string"}}],"inLanguage":"fr-FR"},{"@type":"Organization","@id":"http:\/\/xactskateshop.com\/fr\/#organization","name":"XACT Skate Shop","url":"http:\/\/xactskateshop.com\/fr\/","logo":{"@type":"ImageObject","inLanguage":"fr-FR","@id":"http:\/\/xactskateshop.com\/fr\/#\/schema\/logo\/image\/","url":"http:\/\/xactskateshop.com\/wp-content\/uploads\/2024\/04\/xactskateshop-dot-com-avec-contour-noir-sans-fond-675x.jpg","contentUrl":"http:\/\/xactskateshop.com\/wp-content\/uploads\/2024\/04\/xactskateshop-dot-com-avec-contour-noir-sans-fond-675x.jpg","width":675,"height":247,"caption":"XACT Skate Shop"},"image":{"@id":"http:\/\/xactskateshop.com\/fr\/#\/schema\/logo\/image\/"},"sameAs":["https:\/\/www.facebook.com\/JeanLouiskateshop"]}]}},"_links":{"self":[{"href":"https:\/\/xactskateshop.com\/fr\/wp-json\/wp\/v2\/pages\/30241","targetHints":{"allow":["GET"]}}],"collection":[{"href":"https:\/\/xactskateshop.com\/fr\/wp-json\/wp\/v2\/pages"}],"about":[{"href":"https:\/\/xactskateshop.com\/fr\/wp-json\/wp\/v2\/types\/page"}],"author":[{"embeddable":true,"href":"https:\/\/xactskateshop.com\/fr\/wp-json\/wp\/v2\/users\/2"}],"replies":[{"embeddable":true,"href":"https:\/\/xactskateshop.com\/fr\/wp-json\/wp\/v2\/comments?post=30241"}],"version-history":[{"count":11,"href":"https:\/\/xactskateshop.com\/fr\/wp-json\/wp\/v2\/pages\/30241\/revisions"}],"predecessor-version":[{"id":66955,"href":"https:\/\/xactskateshop.com\/fr\/wp-json\/wp\/v2\/pages\/30241\/revisions\/66955"}],"wp:featuredmedia":[{"embeddable":true,"href":"https:\/\/xactskateshop.com\/fr\/wp-json\/wp\/v2\/media\/27556"}],"wp:attachment":[{"href":"https:\/\/xactskateshop.com\/fr\/wp-json\/wp\/v2\/media?parent=30241"}],"curies":[{"name":"wp","href":"https:\/\/api.w.org\/{rel}","templated":true}]}}